{"id":22643,"date":"2024-01-27T16:50:08","date_gmt":"2024-01-27T14:50:08","guid":{"rendered":"https:\/\/zibacollection.versify.digital\/?page_id=22643"},"modified":"2024-06-28T00:49:44","modified_gmt":"2024-06-27T21:49:44","slug":"prekiu-grazinimas","status":"publish","type":"page","link":"https:\/\/zibacollection.versify.digital\/en\/prekiu-grazinimas\/","title":{"rendered":"Return of goods"},"content":{"rendered":"<p>Quality goods bought online can be returned within 14&nbsp;<strong>(fourteen) days<\/strong>&nbsp;from the date of delivery to the buyer.<\/p>\n\n\n\n<p><strong>The following conditions must be observed when returning goods:<\/strong><\/p>\n\n\n\n<ul>\n<li>the returned product must be in its original packaging in good condition;<\/li>\n\n\n\n<li>the goods must be undamaged by the buyer;<\/li>\n\n\n\n<li>the product must be unused and in good condition (labels and protective films intact, etc.);<\/li>\n\n\n\n<li>the goods returned must be of the same composition as those received by the buyer - the gifts received for the purchase must also be returned.<\/li>\n<\/ul>\n\n\n\n<p>If the above conditions are met, please email us <a href=\"mailto:zibacode@gmail.com\">zibacode@gmail.com<\/a>, and please quote your order number or attach a proof of payment.<\/p>\n\n\n\n<p>Upon receipt of your request, we will contact you within 2 working days to arrange the return details.<\/p>\n\n\n\n<p>Once you have received the goods and are satisfied that they are unused, the money will be refunded to the payer's account (or, if this is not possible, to another account you specify) within 3 days.<\/p>\n\n\n\n<p>Defective goods are returned in accordance with the Rules for the Return and Exchange of Goods approved by Order No 217 of 29 June 2001 of the Minister of the Economy \"On the Approval of the Rules for the Return and Exchange of Goods\".<\/p>\n\n\n\n<p>Please note that buyers should first contact the seller in the event of a dispute, and if they are unable to resolve the dispute, they have the right to use the online consumer dispute resolution platform to resolve the dispute: &nbsp;<a href=\"https:\/\/webgate.ec.europa.eu\/odr\/main\/?event=main.home.show\">https:\/\/webgate.ec.europa.eu\/odr\/main\/?event=main.home.show<\/a>.<\/p>","protected":false},"excerpt":{"rendered":"<p>Internetu pirktos kokybi\u0161kos prek\u0117s gali b\u016bti gr\u0105\u017einamos per 14&nbsp;(keturiolika) dien\u0173&nbsp;nuo preki\u0173 pristatymo pirk\u0117jui dienos. Gr\u0105\u017einant prekes b\u016btina laikytis \u0161i\u0173 s\u0105lyg\u0173: Jei prie\u0161 tai i\u0161vardintos s\u0105lygos yra \u012fvykdytos, para\u0161ykite mums el. pa\u0161tu zibacode@gmail.com, bei nurodykite u\u017esakymo numer\u012f arba prid\u0117kite mok\u0117jimo patvirtinimo dokument\u0105.. Gav\u0119 J\u016bs\u0173 pra\u0161ym\u0105, su Jumis susisieksime per 2 darbo dienas ir susiderinsime prek\u0117s gr\u0105\u017einimo detales. Gav\u0119 prek\u0119 ir \u012fsitikin\u0119, kad prek\u0117 yra nenaudota, per 3 d.d.pinigai bus gr\u0105\u017einti \u012f mok\u0117tojo s\u0105skait\u0105 (arba, jei to padaryti negalima, \u012f kit\u0105 J\u016bs\u0173 nurodom\u0105 s\u0105skait\u0105). Nekokybi\u0161kos prek\u0117s gr\u0105\u017einamos vadovaujantis \u016bkio ministro 2001 m. bir\u017eelio 29 d. \u012fsakymu Nr. 217 \u201eD\u0117l Daikt\u0173 gr\u0105\u017einimo ir keitimo taisykli\u0173 patvirtinimo\u201c patvirtintomis Daikt\u0173 gr\u0105\u017einimo ir keitimo taisykl\u0117mis. Informuojame, kad pirk\u0117jai, esant gin\u010dytinai situacijai, tur\u0117t\u0173 pirmiausia kreiptis \u012f pardav\u0117j\u0105, o nepavykus i\u0161spr\u0119sti gin\u010do, turi teis\u0119 kreiptis d\u0117l gin\u010do sprendimo \u012f elektronin\u0119 vartotoj\u0173 gin\u010d\u0173 sprendimo platform\u0105: &nbsp;https:\/\/webgate.ec.europa.eu\/odr\/main\/?event=main.home.show.<\/p>","protected":false},"author":1,"featured_media":0,"parent":0,"menu_order":0,"comment_status":"closed","ping_status":"closed","template":"","meta":{"footnotes":""},"_links":{"self":[{"href":"https:\/\/zibacollection.versify.digital\/en\/wp-json\/wp\/v2\/pages\/22643"}],"collection":[{"href":"https:\/\/zibacollection.versify.digital\/en\/wp-json\/wp\/v2\/pages"}],"about":[{"href":"https:\/\/zibacollection.versify.digital\/en\/wp-json\/wp\/v2\/types\/page"}],"author":[{"embeddable":true,"href":"https:\/\/zibacollection.versify.digital\/en\/wp-json\/wp\/v2\/users\/1"}],"replies":[{"embeddable":true,"href":"https:\/\/zibacollection.versify.digital\/en\/wp-json\/wp\/v2\/comments?post=22643"}],"version-history":[{"count":2,"href":"https:\/\/zibacollection.versify.digital\/en\/wp-json\/wp\/v2\/pages\/22643\/revisions"}],"predecessor-version":[{"id":25635,"href":"https:\/\/zibacollection.versify.digital\/en\/wp-json\/wp\/v2\/pages\/22643\/revisions\/25635"}],"wp:attachment":[{"href":"https:\/\/zibacollection.versify.digital\/en\/wp-json\/wp\/v2\/media?parent=22643"}],"curies":[{"name":"wp","href":"https:\/\/api.w.org\/{rel}","templated":true}]}}