{"id":22646,"date":"2024-01-27T16:55:00","date_gmt":"2024-01-27T14:55:00","guid":{"rendered":"https:\/\/zibacollection.versify.digital\/?page_id=22646"},"modified":"2024-01-27T16:55:27","modified_gmt":"2024-01-27T14:55:27","slug":"pristatymo-salygos","status":"publish","type":"page","link":"https:\/\/zibacollection.versify.digital\/en\/pristatymo-salygos\/","title":{"rendered":"Delivery conditions"},"content":{"rendered":"<p><\/p>\n\n\n\n<p><strong>Delivery Terms and Conditions:<\/strong><\/p>\n\n\n\n<ul>\n<li><strong>Delivery time:<\/strong> The goods will be delivered within 3-5 working days from the moment of payment. It is important to note that these timescales are provisional and subject to change due to circumstances beyond our control.<\/li>\n\n\n\n<li><strong>Minimum Order Amount:<\/strong> The minimum order value is EUR 10. This means that orders for smaller values will not be processed.<\/li>\n<\/ul>\n\n\n\n<p><strong>Delivery Charges:<\/strong><\/p>\n\n\n\n<ul>\n<li><strong>Free Shipping:<\/strong> Orders over \u20ac700 will be delivered free of charge.<\/li>\n\n\n\n<li><strong>Standard Delivery:<\/strong>\n<ul>\n<li>Via post office - EUR 3,50<\/li>\n\n\n\n<li>By courier - 4,00 EUR<\/li>\n<\/ul>\n<\/li>\n\n\n\n<li><strong>Extra charge for delivery to Curonian Spit:<\/strong> Delivery to this region will cost \u20ac29. <\/li>\n<\/ul>\n\n\n\n<p><strong>Delivery Address:<\/strong><\/p>\n\n\n\n<ul>\n<li><strong>Freedom of choice:<\/strong> You can choose home or work delivery.<\/li>\n\n\n\n<li><strong>Workplace information:<\/strong> If you wish to receive the goods at your place of work, it is necessary to specify the opening hours in the Additional Information field to ensure a smooth delivery.<\/li>\n<\/ul>\n\n\n\n<p><strong>Payment and Taxes:<\/strong><\/p>\n\n\n\n<ul>\n<li><strong>Delivery Price:<\/strong> All delivery costs will be automatically added to your order amount on the checkout page.<\/li>\n<\/ul>","protected":false},"excerpt":{"rendered":"<p>Pristatymo Terminai ir S\u0105lygos: Pristatymo Mokes\u010diai: Pristatymo Adresas: Apmok\u0117jimas ir Mokes\u010diai:<\/p>","protected":false},"author":1,"featured_media":0,"parent":0,"menu_order":0,"comment_status":"closed","ping_status":"closed","template":"","meta":{"footnotes":""},"_links":{"self":[{"href":"https:\/\/zibacollection.versify.digital\/en\/wp-json\/wp\/v2\/pages\/22646"}],"collection":[{"href":"https:\/\/zibacollection.versify.digital\/en\/wp-json\/wp\/v2\/pages"}],"about":[{"href":"https:\/\/zibacollection.versify.digital\/en\/wp-json\/wp\/v2\/types\/page"}],"author":[{"embeddable":true,"href":"https:\/\/zibacollection.versify.digital\/en\/wp-json\/wp\/v2\/users\/1"}],"replies":[{"embeddable":true,"href":"https:\/\/zibacollection.versify.digital\/en\/wp-json\/wp\/v2\/comments?post=22646"}],"version-history":[{"count":2,"href":"https:\/\/zibacollection.versify.digital\/en\/wp-json\/wp\/v2\/pages\/22646\/revisions"}],"predecessor-version":[{"id":22648,"href":"https:\/\/zibacollection.versify.digital\/en\/wp-json\/wp\/v2\/pages\/22646\/revisions\/22648"}],"wp:attachment":[{"href":"https:\/\/zibacollection.versify.digital\/en\/wp-json\/wp\/v2\/media?parent=22646"}],"curies":[{"name":"wp","href":"https:\/\/api.w.org\/{rel}","templated":true}]}}