{"id":3,"date":"2024-01-21T21:58:24","date_gmt":"2024-01-21T21:58:24","guid":{"rendered":"https:\/\/zibacollection.versify.digital\/?page_id=3"},"modified":"2024-06-28T00:48:46","modified_gmt":"2024-06-27T21:48:46","slug":"privacy-policy","status":"publish","type":"page","link":"https:\/\/zibacollection.versify.digital\/en\/privacy-policy\/","title":{"rendered":"Privacy Policy"},"content":{"rendered":"<h5 class=\"wp-block-heading\">GENERAL INFORMATION<\/h5>\n\n\n\n<p>Goda Bru\u017eait\u0117 (hereinafter referred to as \"Data Controller\") hereby establishes the terms and conditions for the processing of personal data when using the website operated by the Data Controller (hereinafter referred to as \"Privacy Policy\"). The terms and conditions set out in the Privacy Policy apply each time you access the content and\/or service provided by us, regardless of the device (computer, mobile phone, tablet, TV, etc.) you are using.<\/p>\n\n\n\n<h5 class=\"wp-block-heading\">Data controller details:<\/h5>\n\n\n\n<p>Goda Bru\u017eait\u0117<\/p>\n\n\n\n<p>Individual activity No 992857<\/p>\n\n\n\n<p>Address of the registered office. LT-60354<\/p>\n\n\n\n<p>Tel. +37065633359<\/p>\n\n\n\n<p>E-mail: zibacode@gmail.com<\/p>\n\n\n\n<p>It is very important that you read this Privacy Policy carefully, because each time you visit a website owned by the Data Controller, you agree to the terms and conditions described in this Privacy Policy. If you do not agree to these terms and conditions, please do not visit our website or use our content and\/or services. We confirm that the Data Controller's website visitors' data will be collected in accordance with the requirements of the applicable European Union and Republic of Lithuania legislation, as well as the instructions of the controlling authorities. All reasonable technical and administrative measures are in place to protect the data we collect about visitors to our website from loss, unauthorised use and alteration. Persons under the age of 16 may not submit any personal data through our website. If you are a person who is under the age of 16, you must obtain the consent of your parent or other legal guardian before submitting personal information. Terms used in the Terms and Conditions shall be understood as they are defined in the General Data Protection Regulation 2016\/679.<\/p>\n\n\n\n<h5 class=\"wp-block-heading\">WHAT INFORMATION DO WE COLLECT ABOUT YOU?<\/h5>\n\n\n\n<p>Information provided directly by you<\/p>\n\n\n\n<ul>\n<li>Date of birth,<\/li>\n\n\n\n<li>place of residence (address),<\/li>\n\n\n\n<li>Gender,<\/li>\n\n\n\n<li>Name,<\/li>\n\n\n\n<li>Last name,<\/li>\n\n\n\n<li>phone number,<\/li>\n\n\n\n<li>email address<\/li>\n<\/ul>\n\n\n\n<h5 class=\"wp-block-heading\">Information about how you use our websites.<\/h5>\n\n\n\n<p>If you visit our website, we also collect information that reveals the characteristics of the use of our services or automatically generated visit statistics. For more information on this, please see \"Cookies\".<\/p>\n\n\n\n<h5 class=\"wp-block-heading\">Information from third party sources<\/h5>\n\n\n\n<p>We may obtain information about you from public and commercial sources (to the extent permitted by applicable law) and link it to other information we obtain from or about you. We may also receive information about you from third party social networking services when you access them, for example through your Facebook accounts.<\/p>\n\n\n\n<h5 class=\"wp-block-heading\">Other information we collect<\/h5>\n\n\n\n<p>We may also collect other information about you, your device or your use of our website content with your consent. You may choose not to provide us with certain information (e.g. information requested when registering in our online shop), but this may prevent you from using the online purchase service we offer.<\/p>\n\n\n\n<p>HOW DO WE USE YOUR INFORMATION?We may use the information we collect for the following purposes:<\/p>\n\n\n\n<ul>\n<li>To register you in order to use our online purchasing service.<\/li>\n\n\n\n<li>Payment of the shopping basket through the external banking service provider of your choice.<\/li>\n\n\n\n<li>For direct marketing purposes\u20f0, such as sending newsletters, providing tailored promotional advertisements and sending notifications of promotions, evaluating and analysing your market, customers, products and services (including collecting your opinion on products and services and organising customer surveys).<\/li>\n\n\n\n<li>To learn how people use our online services so we can improve them and develop new content, products and services.<\/li>\n\n\n\n<li>Other ways with your consent.\u20f0<\/li>\n<\/ul>\n\n\n\n<p>*Please be advised that you have the right to object to or withdraw your consent to the processing of your data for the purposes set out above, marked with an asterisk, at any time.<\/p>\n\n\n\n<h5 class=\"wp-block-heading\">WHO DO WE DISCLOSE YOUR INFORMATION TO?<\/h5>\n\n\n\n<p>We undertake not to pass on your personal data to any unaffiliated third parties, except in the following cases:<\/p>\n\n\n\n<ul>\n<li>if you have consented to the disclosure of personal data.<\/li>\n\n\n\n<li>in the case of services, to our partners who provide delivery or other services you have ordered. We will only provide these service providers with as much of your personal information as is necessary to perform the specific service.<\/li>\n\n\n\n<li>law enforcement authorities in accordance with the procedure provided for in the legislation of the Republic of Lithuania.<\/li>\n<\/ul>\n\n\n\n<h5 class=\"wp-block-heading\">WHAT DO WE DO TO PROTECT YOUR INFORMATION?<\/h5>\n\n\n\n<p>Personal data is protected against loss, unauthorised use and alteration. We have put in place physical and technical measures to protect all information we collect for the purposes of providing our services. We remind you that while we take reasonable steps to protect your information, no website, online transaction, computer system or wireless connection is completely secure. We will retain your information for 3 years after the last date you use our services or content. At the end of this period, the data will be deleted so that it cannot be reproduced.<\/p>\n\n\n\n<h5 class=\"wp-block-heading\">YOUR RIGHTS<\/h5>\n\n\n\n<p>The data subject whose data are processed in the course of the Data Controller's activities has the following rights:<\/p>\n\n\n\n<ul>\n<li>Know (be informed) about the processing of your data (right to know);<\/li>\n\n\n\n<li>To know your data and how it is processed (right of access);<\/li>\n\n\n\n<li>Require the rectification or, depending on the purposes of the processing of the personal data, the completion of incomplete personal data (right to rectification);<\/li>\n\n\n\n<li>To have your data erased or to stop the processing of your data (except for storage) (right to erasure and right to be forgotten);<\/li>\n\n\n\n<li>Have the right to require the Data Controller to restrict the processing of personal data on one of the legitimate grounds (right to restrict);<\/li>\n\n\n\n<li>You have the right to data portability (right to port);<\/li>\n\n\n\n<li>To object to the processing of personal data when such data is processed or intended to be processed for direct marketing purposes, including profiling in relation to such direct marketing. If you no longer wish to have your personal data processed for the purpose of direct marketing, including profiling, you may write to the address at the bottom of this text or call us to object to the processing of your personal data for the purpose of direct marketing and\/or to the non-exclusion of the automated processing, including profiling**, of your personal data, without giving any reasons for your objection.<\/li>\n<\/ul>\n\n\n\n<p>**The personal data you provide may be used for profiling of your personal data for the purpose of direct marketing in order to offer you customised solutions and offers. You may withdraw your consent to automated processing of personal data, including profiling, at any time or object to it. The Data Subject has the right to submit any request or instruction relating to the processing of personal data to the Data Controller in writing in one of the following ways: by handing it directly to the address; by post; by e-mail to the address indicated at the bottom of this text. Upon receipt of such a request or instruction, the Data Controller shall provide a response and shall carry out or refuse to carry out the actions specified in the request, no later than one month from the date of the request. Where necessary, the period referred to may be extended by a further two months, depending on the complexity and number of requests. In that case, the Data Controller shall inform the Data Subject of such extension within one month of receipt of the request, together with the reasons for the delay. The Data Controller may refuse to allow Data Subjects to exercise the rights listed above, except for the refusal to process personal data by direct marketing, where, in the cases provided for by law, it is necessary to ensure the prevention, investigation and detection of crimes, breaches of professional or service or professional ethics, as well as the protection of the rights and freedoms of the Data Subject or of other persons.<\/p>\n\n\n\n<h5 class=\"wp-block-heading\">THIRD PARTY WEBSITES, SERVICES AND PRODUCTS ON OUR WEBSITES<\/h5>\n\n\n\n<p>The Data Controller's website may contain third-party banners, links to their websites and services, which are not under the control of the Data Controller. The Data Controller is not responsible for the security and privacy of information collected by third parties. You must read the privacy statements applicable to the third-party websites and services that you use.<\/p>\n\n\n\n<h5 class=\"wp-block-heading\">SLAPS<\/h5>\n\n\n\n<p>When you visit the Controller's website, we want to provide you with content and features that are tailored to your specific needs. This requires the use of cookies. These are small pieces of information that are automatically created when you browse the website and are stored on your computer or other terminal device. They help the Data Controller to recognise you as a previous visitor to a particular website, to store your visit history and to tailor the content accordingly. Cookies also help to ensure the smooth functioning of websites, to monitor the duration and frequency of visits to websites and to collect statistical information about the number of visitors to websites. Descriptions of the cookies used on our website<\/p>\n\n\n\n<figure class=\"wp-block-table\"><table><tbody><tr><th>Cookie name<\/th><th>Period of validity<\/th><th>Data used<\/th><\/tr><tr><td>_ga<\/td><td>2m.<\/td><td>User exclusion<\/td><\/tr><tr><td>_gat<\/td><td>1 min.<\/td><td>Used to improve speedup, can also be used by another name - _dc_gtm_<\/td><\/tr><tr><td>_gid<\/td><td>24 hours.<\/td><td>User exclusion<\/td><\/tr><tr><td>_gat_gtag<\/td><td>60 sec.<\/td><td>These cookies allow us to count page visits and traffic sources so that we can measure and improve the performance of our website<\/td><\/tr><tr><td>__utma<\/td><td>2 years after visit<\/td><td>Distinguishes between visitors and browsing sessions<\/td><\/tr><tr><td>__utmb<\/td><td>30 minutes after the visit<\/td><td>Sets new sessions<\/td><\/tr><tr><td>__utmc<\/td><td>At the end of a browsing session<\/td><td>Identifies new visitors<\/td><\/tr><tr><td>__utmz<\/td><td>6 months after the visit<\/td><td>Provides information on how the visitor reaches the page<\/td><\/tr><tr><td>__utmv<\/td><td>2 years after the visit<\/td><td>Stores variable visitor data<\/td><\/tr><\/tbody><\/table><\/figure>\n\n\n\n<h5 class=\"wp-block-heading\">How to manage and delete cookies<\/h5>\n\n\n\n<p>When you use your browser to access the content we provide, you can configure your browser to accept all cookies, refuse all cookies, or to notify you when a cookie is sent. Every browser is different, so if you don't know how to change your cookie preferences, please check your browser's help menu. Your device's operating system may have additional cookie controls. If you do not want information to be collected by cookies, you can use a simple procedure in most browsers that allows you to opt out of cookies. To learn more about how to manage cookies, please visit: http:\/\/www.allaboutcookies.org\/manage-cookies\/. However, please note that in some cases, deleting cookies may slow down the speed of your web browsing, limit the functionality of certain features of the website or block access to the website. Our website may contain links to the websites of other individuals, companies or organisations. Please note that the Data Controller is not responsible for the content of such websites or the privacy practices they use. Therefore, if you follow a link from the Data Controller's website to other websites, you should consult their privacy policies separately.<\/p>\n\n\n\n<h5 class=\"wp-block-heading\">CONTACT US<\/h5>\n\n\n\n<p>If you have any questions about the information contained in this Privacy Policy, please feel free to contact us in any way that is convenient for you:<\/p>\n\n\n\n<ul>\n<li>Postal address: Lauksmini\u0161ki\u0173 g. 3a Vidukl\u0117, Raseiniai raj. LT-60354<\/li>\n\n\n\n<li>Telephone +370 656 33 359<\/li>\n\n\n\n<li>E-mail: zibacode@gmail.com<\/li>\n<\/ul>","protected":false},"excerpt":{"rendered":"<p>BENDRA INFORMACIJA Goda Bru\u017eait\u0117 (toliau \u2013 Duomen\u0173 valdytojas) \u0161ia privatumo politika (toliau \u2013 Privatumo politika) nustato asmens duomen\u0173 tvarkymo s\u0105lygas naudojantis Duomen\u0173 valdytojo valdoma interneto svetaine. Privatumo politikos nustatytos s\u0105lygos taikomos kiekvien\u0105 kart\u0105 jums norint pasiekti m\u016bs\u0173 teikiam\u0105 turin\u012f ir \/ar paslaug\u0105, nepaisant to, kok\u012f \u012frengin\u012f (kompiuter\u012f, mobil\u0173j\u012f telefon\u0105, plan\u0161et\u0119, televizori\u0173 ar kt.) naudojate. Duomen\u0173 valdytojo rekvizitai: Goda Bru\u017eait\u0117 Individualios veiklos nr. 992857 Buvein\u0117s adresas: Lauksmini\u0161ki\u0173 g. 3a Vidukl\u0117, Raseini\u0173 raj. LT-60354 Tel. +37065633359 El. pa\u0161tas: zibacode@gmail.com Labai svarbu, kad atid\u017eiai perskaitytum\u0117te Privatumo politik\u0105, nes, kiekvien\u0105 kart\u0105 lankydami Duomen\u0173 valdytojui priklausan\u010di\u0105 interneto svetain\u0119 sutinkate su s\u0105lygomis, apra\u0161ytomis \u0161ioje Privatumo politikoje. Jei nesutinkate su \u0161iomis s\u0105lygomis, pra\u0161ome nesilankyti m\u016bs\u0173 svetain\u0117je, nesinaudoti m\u016bs\u0173 turiniu ir\/ar paslaugomis. Patvirtiname, kad Duomen\u0173 valdytojo svetain\u0117s lankytoj\u0173 duomenys bus renkami laikantis galiojan\u010di\u0173 Europos S\u0105jungos bei Lietuvos Respublikos teis\u0117s akt\u0173 reikalavim\u0173 bei kontroliuojan\u010di\u0173 institucij\u0173 nurodym\u0173. Taikomos visos protingos technin\u0117s ir administracin\u0117s priemon\u0117s tam, kad m\u016bs\u0173 surinkti duomenys apie svetain\u0117s lankytojus b\u016bt\u0173 apsaugomi nuo praradimo, neleistino naudojimo ir pakeitim\u0173. Asmenys, kurie yra jaunesni negu 16 met\u0173, negali teikti joki\u0173 asmens duomen\u0173 per m\u016bs\u0173 svetain\u0119. Jei esate asmuo, kuris yra jaunesnis negu 16 met\u0173, prie\u0161 pateikdami asmenin\u0119 informacij\u0105, turite gauti savo t\u0117v\u0173 arba kit\u0173 teis\u0117t\u0173 glob\u0117j\u0173 sutikim\u0105. Taisykl\u0117se vartojamos s\u0105vokos suprantamos taip, kaip jos yra apibr\u0117\u017etos Bendrajame duomen\u0173 apsaugos reglamente Nr. 2016\/679. KOKI\u0104 INFORMACIJ\u0104 APIE JUS RENKAME? Tiesiogiai j\u016bs\u0173 pateikiama informacija Informacija, kaip naudojate m\u016bs\u0173 svetaines. Jeigu j\u016bs lankot\u0117s m\u016bs\u0173 interneto svetain\u0117je, mes taip pat renkame informacij\u0105, kuri atskleid\u017eia m\u016bs\u0173 teikiam\u0173 paslaug\u0173 naudojimo ypatumus arba automati\u0161kai generuojama vizit\u0173 statistika. Daugiau apie tai skaitykite \u201eSlapukai\u201c. Informacija i\u0161 tre\u010di\u0173j\u0173 \u0161ali\u0173 \u0161altini\u0173 Mes galime gauti informacijos apie jus i\u0161 vie\u0161\u0173j\u0173 ir komercini\u0173 \u0161altini\u0173 (kiek tai leid\u017eia galiojantys teis\u0117s aktai) ir susieti j\u0105 su kita informacija, kuri\u0105 gauname i\u0161 j\u016bs\u0173 arba apie jus. Informacijos apie jus galime gauti ir i\u0161 tre\u010di\u0173j\u0173 \u0161ali\u0173 socialini\u0173 tinkl\u0173 paslaug\u0173, kai prie j\u0173 prisijungiate, pavyzd\u017eiui, per paskyras \u201cFacebook\u201d tinkle. Kita m\u016bs\u0173 renkama informacija Mes taip pat galime rinkti ir kit\u0105 informacij\u0105 apie jus, j\u016bs\u0173 \u012frengin\u012f ar j\u016bs\u0173 naudojim\u0105si m\u016bs\u0173 svetain\u0117s turiniu su j\u016bs\u0173 sutikimu. J\u016bs galite rinktis nepateikti mums tam tikros informacijos (pvz., informacijos, pra\u0161omos pateikti registruojantis m\u016bs\u0173 internetin\u0117je parduotuv\u0117je), ta\u010diau tokiu atveju gali b\u016bti neleid\u017eiama naudotis m\u016bs\u0173 si\u016bloma internetinio pirkimo paslauga. KAIP NAUDOJAME J\u016aS\u0172 INFORMACIJ\u0104?Galime naudoti surinkt\u0105 informacij\u0105 toliau nurodytais tikslais: *Informuojame, kad j\u016bs turite teis\u0119 nesutikti ar bet kuriuo metu at\u0161aukti savo sutikim\u0105 tvarkyti j\u016bs\u0173 duomenis auk\u0161\u010diau nurodytais, \u017evaig\u017edute pa\u017eym\u0117tais, tikslais. KAM ATSKLEID\u017dIAME J\u016aS\u0172 INFORMACIJ\u0104? \u012esipareigojame neperduoti j\u016bs\u0173 asmenini\u0173 duomen\u0173 jokioms nesusijusioms tre\u010diosioms \u0161alims, i\u0161skyrus \u0161iuos atvejus: K\u0104 DAROME, KAD APSAUGOTUME J\u016aS\u0172 INFORMACIJ\u0104? Asmens duomenys yra saugomi nuo praradimo, neleistino naudojimo ir pakeitim\u0173. \u012edieg\u0117me fizines ir technines priemones, kad apsaugotume vis\u0105 informacij\u0105, kuri\u0105 renkame m\u016bs\u0173 paslaug\u0173 teikimo tikslais. Primename, kad, nors ir imam\u0117s tinkam\u0173 veiksm\u0173 j\u016bs\u0173 informacijai apsaugoti, n\u0117 viena svetain\u0117, internetu atliekama operacija, kompiuteri\u0173 sistema ar belaidis ry\u0161ys n\u0117ra visi\u0161kai saug\u016bs. J\u016bs\u0173 duomenis saugosime 3 metus po paskutinio j\u016bs\u0173 naudojimosi m\u016bs\u0173 paslaugomis ar turiniu dienos. Pasibaigus \u0161iam terminui, duomenys bus i\u0161trinami taip, kad j\u0173 negalima b\u016bt\u0173 atgaminti. J\u016aS\u0172 TEIS\u0116S Duomen\u0173 subjektas, kurio duomenys tvarkomi Duomen\u0173 valdytojo veikloje, turi \u0161ias teises: **Pagal j\u016bs\u0173 pateiktus asmens duomenis, tiesiogin\u0117s rinkodaros tikslu, gali b\u016bti vykdomas j\u016bs\u0173 asmens duomen\u0173 profiliavimas,siekiant pasi\u016blyti jums individualiai pritaikytus sprendimus ir pasi\u016blymus. J\u016bs bet kada galite at\u0161aukti savo sutikim\u0105 tvarkyti asmens duomenis automatizuotu, \u012fskaitant profiliavim\u0105, tvarkymob\u016bduarba tam prie\u0161tarauti. Bet kok\u012f pra\u0161ym\u0105 ar nurodym\u0105, susijus\u012f su asmens duomen\u0173 tvarkymu, Duomen\u0173 subjektas turi teis\u0119 pateikti Duomen\u0173 valdytojui ra\u0161tu vienu i\u0161 \u0161i\u0173 b\u016bd\u0173: \u012fteikiant tiesiogiai adresu; pa\u0161tu; el. pa\u0161tu, nurodytu \u0161io teksto apa\u010dioje. Duomen\u0173 valdytojas gav\u0119s tok\u012f pra\u0161ym\u0105 ar nurodym\u0105, ne v\u0117liau kaip per vien\u0105 m\u0117nes\u012f nuo kreipimosi dienos, pateikia atsakym\u0105 bei atlieka pra\u0161yme nurodytus veiksmus ar atsisako juos atlikti. Prireikus nurodytas laikotarpis gali b\u016bti prat\u0119stas dar dviem m\u0117nesiams, atsi\u017evelgiant \u012f pra\u0161ym\u0173 sud\u0117tingum\u0105 ir skai\u010di\u0173. Tokiu atveju, per vien\u0105 m\u0117nes\u012f nuo pra\u0161ymo gavimo dienos Duomen\u0173 valdytojas informuoja Duomen\u0173 subjekt\u0105 apie tok\u012f prat\u0119sim\u0105, kartu pateikdamas v\u0117lavimo prie\u017eastis. Duomen\u0173 valdytojas gali nesudaryti duomen\u0173 subjektams s\u0105lyg\u0173 \u012fgyvendinti auk\u0161\u010diau i\u0161vardint\u0173 teisi\u0173, i\u0161skyrus nesutikim\u0105 tvarkyti asmens duomenis tiesiogin\u0117s rinkodaros b\u016bdu, kai \u012fstatym\u0173 numatytais atvejais, reikia u\u017etikrinti nusikaltim\u0173, tarnybin\u0117s ar profesin\u0117s etikos pa\u017eeidim\u0173 prevencij\u0105, tyrim\u0105 ir nustatym\u0105, taip pat duomen\u0173 subjekto ar kit\u0173 asmen\u0173 teisi\u0173 ir laisvi\u0173 apsaug\u0105. TRE\u010cI\u0172J\u0172 \u0160ALI\u0172 SVETAIN\u0116S, PASLAUGOS IR PRODUKTAI M\u016aS\u0172 SVETAIN\u0116SE Duomen\u0173 valdytojo interneto svetain\u0117jegali b\u016bti tre\u010di\u0173j\u0173 \u0161ali\u0173 reklamini\u0173 skydeli\u0173, nuorod\u0173 \u012f j\u0173 svetaines ir paslaugas, kuri\u0173 Duomen\u0173 valdytojas nekontroliuoja. Duomen\u0173 valdytojas neatsako u\u017e informacijos, kuri\u0105 surinko tre\u010diosios \u0161alys, saug\u0105 ir privatum\u0105. Turite perskaityti privatumo nuostatas, taikomas tre\u010di\u0173j\u0173 \u0161ali\u0173 svetain\u0117ms ir paslaugoms, kuriomis naudojat\u0117s. SLAPUKAI Jums besilankant Duomen\u0173 valdytojo interneto svetain\u0117je, norime pateikti tok\u012f turin\u012f ir funkcijas, kurios b\u016bt\u0173 pritaikytos b\u016btent j\u016bs\u0173 poreikiams. Tam reikalingi slapukai (angl. cookies). Tai nedideli informacijos elementai, kurie automati\u0161kai sukuriami nar\u0161ant svetain\u0117je ir yra i\u0161saugomi j\u016bs\u0173 kompiuteryje ar kitame galiniame \u012frenginyje. Jie padeda Duomen\u0173 valdytojui atpa\u017einti jus kaip ankstesn\u012f tam tikros interneto svetain\u0117s lankytoj\u0105, i\u0161saugoti j\u016bs\u0173 lankymosi svetain\u0117je istorij\u0105 ir pagal tai pritaikyti turin\u012f. Taip pat slapukai padeda u\u017etikrinti skland\u0173 svetaini\u0173 veikim\u0105, leid\u017eia steb\u0117ti lankymosi interneto svetain\u0117se trukm\u0119, da\u017enum\u0105 bei rinkti statistin\u0119 informacij\u0105 apie svetaini\u0173 lankytoj\u0173 skai\u010di\u0173. M\u016bs\u0173 svetain\u0117je naudojam\u0173 slapuk\u0173 apra\u0161ymai Slapuko pavadinimas Galiojimo laikas Naudojami duomenys _ga 2m. Vartotojo i\u0161skyrimas _gat 1 min. Naudojamas siekiant pagerinti greitaveik\u0105, gali b\u016bti naudojamas ir kitu pavadinimu \u2013 _dc_gtm_ _gid 24 val. Vartotojo i\u0161skyrimas _gat_gtag 60 sek. \u0160ie slapukai leid\u017eia mums skai\u010diuoti puslapio apsilankymus ir srauto \u0161altinius, kad gal\u0117tume \u012fvertinti ir pagerinti m\u016bs\u0173 svetain\u0117s na\u0161um\u0105 __utma 2m. nuo apsilankymo Atskiria lankytojus ir nar\u0161ymo sesijas __utmb 30 min. nuo apsilankymo Nustato naujas sesijas __utmc Pasibaigus nar\u0161ymo sesijai Nustato naujus lankytojus __utmz 6 m\u0117n. nuo apsilankymo Suteikia informacij\u0105, kaip lankytojas pasiekia puslap\u012f __utmv 2 m. nuo apsilankymo Saugo kintamus lankytojo duomenis Kaip valdyti ir i\u0161trinti slapukus Kai naudojate nar\u0161ykl\u0119 m\u016bs\u0173 teikiamam turiniui pasiekti, galite konfig\u016bruoti savo nar\u0161ykl\u0119 taip, kad b\u016bt\u0173 priimti visi slapukai, atmesti visi slapukai arba b\u016bt\u0173 prane\u0161ama, kai slapukas atsiun\u010diamas. Kiekviena nar\u0161ykl\u0117 skirtinga, tod\u0117l, jei ne\u017einote, kaip pakeisti slapuk\u0173 nuostatas, pasi\u017ei\u016br\u0117kite jos \u017einyno meniu. J\u016bs\u0173 \u012frenginio operacin\u0117je sistemoje gali b\u016bti papildom\u0173 slapuk\u0173 valdikli\u0173. Jei nenorite, kad informacija b\u016bt\u0173 renkama slapuk\u0173 pagalba, pasinaudokite daugelyje nar\u0161ykli\u0173 esama paprasta proced\u016bra, kuri leid\u017eia jums atsisakyti slapuk\u0173 naudojimosi. Nor\u0117dami daugiau su\u017einoti, [&hellip;]<\/p>","protected":false},"author":1,"featured_media":0,"parent":0,"menu_order":0,"comment_status":"closed","ping_status":"open","template":"","meta":{"footnotes":""},"_links":{"self":[{"href":"https:\/\/zibacollection.versify.digital\/en\/wp-json\/wp\/v2\/pages\/3"}],"collection":[{"href":"https:\/\/zibacollection.versify.digital\/en\/wp-json\/wp\/v2\/pages"}],"about":[{"href":"https:\/\/zibacollection.versify.digital\/en\/wp-json\/wp\/v2\/types\/page"}],"author":[{"embeddable":true,"href":"https:\/\/zibacollection.versify.digital\/en\/wp-json\/wp\/v2\/users\/1"}],"replies":[{"embeddable":true,"href":"https:\/\/zibacollection.versify.digital\/en\/wp-json\/wp\/v2\/comments?post=3"}],"version-history":[{"count":3,"href":"https:\/\/zibacollection.versify.digital\/en\/wp-json\/wp\/v2\/pages\/3\/revisions"}],"predecessor-version":[{"id":25634,"href":"https:\/\/zibacollection.versify.digital\/en\/wp-json\/wp\/v2\/pages\/3\/revisions\/25634"}],"wp:attachment":[{"href":"https:\/\/zibacollection.versify.digital\/en\/wp-json\/wp\/v2\/media?parent=3"}],"curies":[{"name":"wp","href":"https:\/\/api.w.org\/{rel}","templated":true}]}}