{"id":25510,"date":"2024-06-28T00:06:22","date_gmt":"2024-06-27T21:06:22","guid":{"rendered":"https:\/\/zibacollection.versify.digital\/product\/celebration-eau-de-parfume-unisex\/"},"modified":"2024-06-28T00:13:08","modified_gmt":"2024-06-27T21:13:08","slug":"celebration-eau-de-parfume-unisex","status":"publish","type":"product","link":"https:\/\/zibacollection.versify.digital\/en\/product\/celebration-eau-de-parfume-unisex\/","title":{"rendered":"CELEBRATION EAU DE PARFUM UNISEX"},"content":{"rendered":"<p>APIE \u012eKV\u0116PIM\u0104<\/p>\n<p>Kvapas \u201eCELEBRATION\u201d \u012fkv\u0117ptas nuotrauk\u0173, daryt\u0173 Avinjone, Provanso mieste Pranc\u016bzijoje, kuriame pati k\u016br\u0117ja Christel\u0117 ir gim\u0117.Klaid\u017eiojo po miest\u0105 ie\u0161kodama savo pirmin\u0117s \u0161viesos, kuri geranori\u0161kai ap\u0161viest\u0173 jos gyvenimo keli\u0105. Po \u0161i\u0173 keli\u0173 m\u0117nesi\u0173 d\u0117kingum\u0105, kur\u012f jau\u010diau \u0161io proceso metu, paver\u010diau kvapu.\u00a0<\/p>\n<p>\u0160is aromatas kvie\u010dia pakeisti paradigm\u0105 ir ramiai \u012fsitvirtinti \u0161ven\u010diant gyvenim\u0105.<\/p>","protected":false},"excerpt":{"rendered":"<p>Main notes:<\/p>\n<p>Absolutely:<\/p>\n<p>Kakava<br \/>\nBi\u010di\u0173 va\u0161kas<br \/>\n\u0160eivamedis<\/p>\n<p>Frankincenso eteriniai aliejai:<\/p>\n<p>Ogaden olibanum<\/p>\n<p>Galbanum<br \/>\nHoly copal<\/p>\n<p>\u00a0<\/p>\n<p>Medaus akordas<\/p>\n<p>Kvapas sudarytas i\u0161 daugiau nei 90% nat\u016brali\u0173 ingredient\u0173.<\/p>","protected":false},"featured_media":0,"comment_status":"open","ping_status":"closed","template":"","meta":[],"product_brand":[],"product_cat":[271],"product_tag":[],"_links":{"self":[{"href":"https:\/\/zibacollection.versify.digital\/en\/wp-json\/wp\/v2\/product\/25510"}],"collection":[{"href":"https:\/\/zibacollection.versify.digital\/en\/wp-json\/wp\/v2\/product"}],"about":[{"href":"https:\/\/zibacollection.versify.digital\/en\/wp-json\/wp\/v2\/types\/product"}],"replies":[{"embeddable":true,"href":"https:\/\/zibacollection.versify.digital\/en\/wp-json\/wp\/v2\/comments?post=25510"}],"version-history":[{"count":0,"href":"https:\/\/zibacollection.versify.digital\/en\/wp-json\/wp\/v2\/product\/25510\/revisions"}],"wp:attachment":[{"href":"https:\/\/zibacollection.versify.digital\/en\/wp-json\/wp\/v2\/media?parent=25510"}],"wp:term":[{"taxonomy":"product_brand","embeddable":true,"href":"https:\/\/zibacollection.versify.digital\/en\/wp-json\/wp\/v2\/product_brand?post=25510"},{"taxonomy":"product_cat","embeddable":true,"href":"https:\/\/zibacollection.versify.digital\/en\/wp-json\/wp\/v2\/product_cat?post=25510"},{"taxonomy":"product_tag","embeddable":true,"href":"https:\/\/zibacollection.versify.digital\/en\/wp-json\/wp\/v2\/product_tag?post=25510"}],"curies":[{"name":"wp","href":"https:\/\/api.w.org\/{rel}","templated":true}]}}