{"id":25522,"date":"2024-06-28T00:06:28","date_gmt":"2024-06-27T21:06:28","guid":{"rendered":"https:\/\/zibacollection.versify.digital\/product\/meandering-soul-eau-de-parfume-unisex\/"},"modified":"2024-06-28T00:13:07","modified_gmt":"2024-06-27T21:13:07","slug":"meandering-soul-eau-de-parfume-unisex","status":"publish","type":"product","link":"https:\/\/zibacollection.versify.digital\/en\/product\/meandering-soul-eau-de-parfume-unisex\/","title":{"rendered":"MEANDERING SOUL EAU DE PARFUME UNISEX"},"content":{"rendered":"<p>Pargindin\u0117s natos:<\/p>\n<p>Essential oils:<\/p>\n<p>Cinamonas<br \/>\nHinoki mediena<br \/>\nSald\u016bs pankoliai<br \/>\nYlang-ylang<\/p>\n<p>Absolutely:<\/p>\n<p>Narcizas<\/p>\n<p>Akordai:<\/p>\n<p>Karamel\u0117<br \/>\nTabako lapai<\/p>\n<p>\u201eMEANDERING SOUL\u201c Eau de parfum pagamintas i\u0161 daugiau nei 90% nat\u016bralios kilm\u0117s ingredient\u0173.<\/p>","protected":false},"excerpt":{"rendered":"<p>About inspiration<\/p>\n<p>\u201eMEANDERING SOUL\u201c \u012fkv\u0117ptas nuotrauk\u0173 kolekcijos, kurias k\u016br\u0117ja u\u017efiksavo Taip\u0117juje, Taivano sostin\u0117je, Japonijoje, kur i\u0161 prad\u017ei\u0173 k\u016br\u0117ja vien\u0105 m\u0117nes\u012f buvo apsistojusi menin\u0117je rezidencijoje, o v\u0117liau priva\u010diame name. Tai buvo itin chaoti\u0161kas m\u0117nuo, siekiant pab\u0117gti nuo Azijos Niujorko triuk\u0161mo ir \u012ftempto laikotarpio. K\u016br\u0117jos atokv\u0117pis: i\u0161eiti nakt\u012f, ramiai klajoti pagal \u012fkv\u0117pim\u0105 ir v\u0117l susisieti su gamta, kurios taip visada ilgisi.<\/p>\n<p>Autor\u0117 gr\u012f\u017eusi i\u0161 Taivano steng\u0117si kvapu buteliuke paversti ramyb\u0119, jau\u010diam\u0105 t\u0173 naktini\u0173 pasivaik\u0161\u010diojim\u0173 metu.<\/p>\n<p>Aromatas kvie\u010dia pab\u0117gti nuo dienos, gyventi nakt\u012f, svajoti apie kit\u0105 pasaul\u012f ir rasti ramyb\u0119.<\/p>","protected":false},"featured_media":25521,"comment_status":"open","ping_status":"closed","template":"","meta":[],"product_brand":[],"product_cat":[271],"product_tag":[],"_links":{"self":[{"href":"https:\/\/zibacollection.versify.digital\/en\/wp-json\/wp\/v2\/product\/25522"}],"collection":[{"href":"https:\/\/zibacollection.versify.digital\/en\/wp-json\/wp\/v2\/product"}],"about":[{"href":"https:\/\/zibacollection.versify.digital\/en\/wp-json\/wp\/v2\/types\/product"}],"replies":[{"embeddable":true,"href":"https:\/\/zibacollection.versify.digital\/en\/wp-json\/wp\/v2\/comments?post=25522"}],"version-history":[{"count":0,"href":"https:\/\/zibacollection.versify.digital\/en\/wp-json\/wp\/v2\/product\/25522\/revisions"}],"wp:featuredmedia":[{"embeddable":true,"href":"https:\/\/zibacollection.versify.digital\/en\/wp-json\/wp\/v2\/media\/25521"}],"wp:attachment":[{"href":"https:\/\/zibacollection.versify.digital\/en\/wp-json\/wp\/v2\/media?parent=25522"}],"wp:term":[{"taxonomy":"product_brand","embeddable":true,"href":"https:\/\/zibacollection.versify.digital\/en\/wp-json\/wp\/v2\/product_brand?post=25522"},{"taxonomy":"product_cat","embeddable":true,"href":"https:\/\/zibacollection.versify.digital\/en\/wp-json\/wp\/v2\/product_cat?post=25522"},{"taxonomy":"product_tag","embeddable":true,"href":"https:\/\/zibacollection.versify.digital\/en\/wp-json\/wp\/v2\/product_tag?post=25522"}],"curies":[{"name":"wp","href":"https:\/\/api.w.org\/{rel}","templated":true}]}}