{"id":25524,"date":"2024-06-28T00:06:29","date_gmt":"2024-06-27T21:06:29","guid":{"rendered":"https:\/\/zibacollection.versify.digital\/product\/memory-lane-eau-de-parfum\/"},"modified":"2024-06-28T00:13:06","modified_gmt":"2024-06-27T21:13:06","slug":"memory-lane-eau-de-parfum","status":"publish","type":"product","link":"https:\/\/zibacollection.versify.digital\/en\/product\/memory-lane-eau-de-parfum\/","title":{"rendered":"MEMORY LANE EAU DE PARFUM"},"content":{"rendered":"<p>30ml.50ml.<\/p>","protected":false},"excerpt":{"rendered":"<p>Kvapas \u2018MEMORY LANE\u201d \u012fkv\u0117ptas pripa\u017eintos fotograf\u0117s pranc\u016bz\u0117s Christele nuotrauk\u0173, kurias k\u016br\u0117ja dar\u0117 Valligui\u00e8res kaime Piet\u0173 Pranc\u016bzijoje, kuriame gyveno iki 16 met\u0173. Gimtuosius namus paliko anksti, tik\u0117damasi, kad kitur atgims kitokia. Po daugiau nei 30 met\u0173 tapo ai\u0161ku, kad vienintelis b\u016bdas atsidurti su savo gimt\u0173j\u0173 nam\u0173 senais vaiduokliais yra susidurti su jais. Taigi, po keli\u0173 de\u0161imtme\u010di\u0173 klajoni\u0173 savo vaikyst\u0117s jausmus perk\u0117l\u0117 \u012f eleganti\u0161k\u0105 kvepal\u0173 buteliuk\u0105 Memory Lane.<\/p>\n<p>Kvapas kvie\u010dia priart\u0117ti prie savo \u0161akn\u0173, i\u0161sivaduoti i\u0161 demon\u0173 ir eiti u\u017etikrintu gyvenimo keliu.<\/p>\n<p>MEMORY LANE eau de parfum pagamintas i\u0161 daugiau nei 90% nat\u016bralios kilm\u0117s ingredient\u0173.<\/p>\n<p>Natos: Gvazdik\u0117lis, Magnolijos \u017eiedai, Mira, Petra\u017eol\u0117s, Baltasis \u016bdas, \u017dalioji vanil\u0117, Morengas.<\/p>\n<p>\u00a0<\/p>\n<p>15ml<\/p>\n<p>Natos: Gvazdik\u0117lis, Magnolijos \u017eiedai, Mira, Petra\u017eol\u0117s, Baltasis \u016bdas \u017dalioji vanil\u0117, Morengo akordai.<\/p>","protected":false},"featured_media":25523,"comment_status":"open","ping_status":"closed","template":"","meta":[],"product_brand":[],"product_cat":[271],"product_tag":[],"_links":{"self":[{"href":"https:\/\/zibacollection.versify.digital\/en\/wp-json\/wp\/v2\/product\/25524"}],"collection":[{"href":"https:\/\/zibacollection.versify.digital\/en\/wp-json\/wp\/v2\/product"}],"about":[{"href":"https:\/\/zibacollection.versify.digital\/en\/wp-json\/wp\/v2\/types\/product"}],"replies":[{"embeddable":true,"href":"https:\/\/zibacollection.versify.digital\/en\/wp-json\/wp\/v2\/comments?post=25524"}],"version-history":[{"count":0,"href":"https:\/\/zibacollection.versify.digital\/en\/wp-json\/wp\/v2\/product\/25524\/revisions"}],"wp:featuredmedia":[{"embeddable":true,"href":"https:\/\/zibacollection.versify.digital\/en\/wp-json\/wp\/v2\/media\/25523"}],"wp:attachment":[{"href":"https:\/\/zibacollection.versify.digital\/en\/wp-json\/wp\/v2\/media?parent=25524"}],"wp:term":[{"taxonomy":"product_brand","embeddable":true,"href":"https:\/\/zibacollection.versify.digital\/en\/wp-json\/wp\/v2\/product_brand?post=25524"},{"taxonomy":"product_cat","embeddable":true,"href":"https:\/\/zibacollection.versify.digital\/en\/wp-json\/wp\/v2\/product_cat?post=25524"},{"taxonomy":"product_tag","embeddable":true,"href":"https:\/\/zibacollection.versify.digital\/en\/wp-json\/wp\/v2\/product_tag?post=25524"}],"curies":[{"name":"wp","href":"https:\/\/api.w.org\/{rel}","templated":true}]}}