{"id":25528,"date":"2024-06-28T00:06:30","date_gmt":"2024-06-27T21:06:30","guid":{"rendered":"https:\/\/zibacollection.versify.digital\/product\/underworld-eau-de-parfum-unisex\/"},"modified":"2024-06-28T00:13:06","modified_gmt":"2024-06-27T21:13:06","slug":"underworld-eau-de-parfum-unisex","status":"publish","type":"product","link":"https:\/\/zibacollection.versify.digital\/en\/product\/underworld-eau-de-parfum-unisex\/","title":{"rendered":"UNDERWORLD EAU DE PARFUM UNISEX"},"content":{"rendered":"<p>30ml.50ml.<\/p>","protected":false},"excerpt":{"rendered":"<p>Kvapas \u201eUNDERWORLD\u201d \u012fkv\u0117ptas nuotrauk\u0173, kurias pranc\u016bz\u0117 k\u016br\u0117ja pripa\u017einta fotograf\u0117 Christele dar\u0117 da\u017enai keliaudama tarp Barselonos, kurioje gyveno kelis m\u0117nesius ir Pary\u017eiaus, kur studijavo parfumerij\u0105. Mursijos mieste piet\u0173 Ispanijoje, apsistojimo etapas art\u0117jo prie pabaigos ir brendo naujasis gyvenimo etapas tarp \u0161e\u0161\u0117li\u0173 ir \u0161vies\u0173. Tod\u0117l steng\u0117si paversti \u0161\u012f persipynusi\u0173 baimi\u0173 ir vil\u010di\u0173 jausm\u0173 kvap\u0105 \u012f buteliuk\u0105 kvepal\u0173 pavidalu UNDERWORLD.<\/p>\n<p>Aromatas kvie\u010dia paleisti, i\u0161eiti i\u0161 olos ir patekti \u012f \u0161vies\u0105.<\/p>\n<p>MEMORY LANE eau de parfum pagamintas i\u0161 daugiau nei 90% nat\u016bralios kilm\u0117s ingredient\u0173.<\/p>\n<p>Natos: Juodasis pipiras, Kardamonas, Mork\u0173 s\u0117klos, Kmynai, Pa\u010diulis, Vetiveris, Mimoza, Tuberoza, Smilkalai.<\/p>","protected":false},"featured_media":25527,"comment_status":"open","ping_status":"closed","template":"","meta":[],"product_brand":[],"product_cat":[271],"product_tag":[],"_links":{"self":[{"href":"https:\/\/zibacollection.versify.digital\/en\/wp-json\/wp\/v2\/product\/25528"}],"collection":[{"href":"https:\/\/zibacollection.versify.digital\/en\/wp-json\/wp\/v2\/product"}],"about":[{"href":"https:\/\/zibacollection.versify.digital\/en\/wp-json\/wp\/v2\/types\/product"}],"replies":[{"embeddable":true,"href":"https:\/\/zibacollection.versify.digital\/en\/wp-json\/wp\/v2\/comments?post=25528"}],"version-history":[{"count":0,"href":"https:\/\/zibacollection.versify.digital\/en\/wp-json\/wp\/v2\/product\/25528\/revisions"}],"wp:featuredmedia":[{"embeddable":true,"href":"https:\/\/zibacollection.versify.digital\/en\/wp-json\/wp\/v2\/media\/25527"}],"wp:attachment":[{"href":"https:\/\/zibacollection.versify.digital\/en\/wp-json\/wp\/v2\/media?parent=25528"}],"wp:term":[{"taxonomy":"product_brand","embeddable":true,"href":"https:\/\/zibacollection.versify.digital\/en\/wp-json\/wp\/v2\/product_brand?post=25528"},{"taxonomy":"product_cat","embeddable":true,"href":"https:\/\/zibacollection.versify.digital\/en\/wp-json\/wp\/v2\/product_cat?post=25528"},{"taxonomy":"product_tag","embeddable":true,"href":"https:\/\/zibacollection.versify.digital\/en\/wp-json\/wp\/v2\/product_tag?post=25528"}],"curies":[{"name":"wp","href":"https:\/\/api.w.org\/{rel}","templated":true}]}}