{"id":25534,"date":"2024-06-28T00:06:33","date_gmt":"2024-06-27T21:06:33","guid":{"rendered":"https:\/\/zibacollection.versify.digital\/product\/taurusis-desertas-namu-kvapas\/"},"modified":"2024-06-28T00:13:05","modified_gmt":"2024-06-27T21:13:05","slug":"taurusis-desertas-namu-kvapas","status":"publish","type":"product","link":"https:\/\/zibacollection.versify.digital\/en\/product\/taurusis-desertas-namu-kvapas\/","title":{"rendered":"NOBLE DESSERT HOME FRAGRANCE"},"content":{"rendered":"","protected":false},"excerpt":{"rendered":"<p>200 ml.<br \/>\nNatos: degintas \u0105\u017euolas, tonkos pupel\u0117, sald\u017eioji vanil\u0117, d\u016bminis juodasis \u0161okoladas su stipriu durpi\u0173 poskoniu.<br \/>\nNam\u0173 kvapas tai sukurtas saldusis \u201edesertas\u201d uoslei\u00a0 ir \u201ekaloringasis\u201d penas sielai.\u00a0 Taip tr\u016bkstamo kasdieninio gyvenimo b\u016bdo saldumo stoka, \u0161tai kas paskatino \u0161io kvapnaus, \u201edeserto\u201c gamybos proces\u0105.<br \/>\nTir\u0161ta, standi, l\u0117tai stingstanti juodojo \u0161okolado ir tra\u0161ki\u0173j\u0173 durpi\u0173 gabal\u0117li\u0173 mas\u0117 brandinta i\u0161deginto \u0105\u017euolo statin\u0117je. Visa tai l\u0117tai ir atsakingai apliejama kvapniosios vanil\u0117s, bei r\u016bkyt\u0173 tonkos pupeli\u0173 ir tabako plutele. Ypatingai taurus ir ore tirpstantis \u201egaras\u201d.<\/p>","protected":false},"featured_media":25533,"comment_status":"open","ping_status":"closed","template":"","meta":[],"product_brand":[],"product_cat":[272],"product_tag":[],"_links":{"self":[{"href":"https:\/\/zibacollection.versify.digital\/en\/wp-json\/wp\/v2\/product\/25534"}],"collection":[{"href":"https:\/\/zibacollection.versify.digital\/en\/wp-json\/wp\/v2\/product"}],"about":[{"href":"https:\/\/zibacollection.versify.digital\/en\/wp-json\/wp\/v2\/types\/product"}],"replies":[{"embeddable":true,"href":"https:\/\/zibacollection.versify.digital\/en\/wp-json\/wp\/v2\/comments?post=25534"}],"version-history":[{"count":0,"href":"https:\/\/zibacollection.versify.digital\/en\/wp-json\/wp\/v2\/product\/25534\/revisions"}],"wp:featuredmedia":[{"embeddable":true,"href":"https:\/\/zibacollection.versify.digital\/en\/wp-json\/wp\/v2\/media\/25533"}],"wp:attachment":[{"href":"https:\/\/zibacollection.versify.digital\/en\/wp-json\/wp\/v2\/media?parent=25534"}],"wp:term":[{"taxonomy":"product_brand","embeddable":true,"href":"https:\/\/zibacollection.versify.digital\/en\/wp-json\/wp\/v2\/product_brand?post=25534"},{"taxonomy":"product_cat","embeddable":true,"href":"https:\/\/zibacollection.versify.digital\/en\/wp-json\/wp\/v2\/product_cat?post=25534"},{"taxonomy":"product_tag","embeddable":true,"href":"https:\/\/zibacollection.versify.digital\/en\/wp-json\/wp\/v2\/product_tag?post=25534"}],"curies":[{"name":"wp","href":"https:\/\/api.w.org\/{rel}","templated":true}]}}