{"id":25540,"date":"2024-06-28T00:06:37","date_gmt":"2024-06-27T21:06:37","guid":{"rendered":"https:\/\/zibacollection.versify.digital\/product\/taurusis-desertas-zvake\/"},"modified":"2024-06-28T00:11:08","modified_gmt":"2024-06-27T21:11:08","slug":"taurusis-desertas-zvake","status":"publish","type":"product","link":"https:\/\/zibacollection.versify.digital\/en\/product\/taurusis-desertas-zvake\/","title":{"rendered":"NOBLE DESSERT CANDLE"},"content":{"rendered":"<p>Natos: degintas \u0105\u017euolas, tonkos pupel\u0117, sald\u017eioji vanil\u0117, d\u016bminis juodasis \u0161okoladas su stipriu durpi\u0173 poskoniu.<br \/>\nVa\u0161ko pagalba liepsnos pavidalui sukurtas, saldusis desertas uoslei\u00a0 ir kaloringasis penas sielai.\u00a0 Taip tr\u016bkstamo kasdieninio gyvenimo b\u016bdo saldumo stoka, \u0161tai kas paskatino \u0161io kvapnaus,\u00a0 \u201edeserto\u201c gamybos proces\u0105.<br \/>\nTir\u0161ta, standi, l\u0117tai stingstanti juodojo \u0161okolado ir tra\u0161ki\u0173j\u0173 durpi\u0173 gabal\u0117li\u0173 mas\u0117 brandinta i\u0161deginto \u0105\u017euolo statin\u0117je. Visa tai l\u0117tai ir atsakingai apliejama kvapniosios vanil\u0117s, bei r\u016bkyt\u0173 tonkos pupeli\u0173 plutele. Ypatingai taurus ir ore tirpstantis \u201egaras\u201c.<\/p>\n<p>\u017dvak\u0117s sud\u0117tis<\/p>\n<p>T\u016bris 220 ml.<br \/>\nDega 55 val.<br \/>\nSOJ\u0172 VA\u0160KAS \u2013 nat\u016bralus augalinis va\u0161kas, pagamintas i\u0161 soj\u0173 pupeli\u0173 aliejaus<br \/>\nKVAPAI \u2013 kruop\u0161\u010diai atrinkti, ni\u0161iniai, itin kokybi\u0161ki aromatiniai aliejai<br \/>\nDAGTIS \u2013 medviln\u0117 su popieriumi<br \/>\nSTIKLINIS INDAS \u2013 kokybi\u0161kas, storo stiklo, atsparus kar\u0161\u010diui<br \/>\n\u012ePAKAVIMAS \u2013 auk\u0161tos kokyb\u0117s popierin\u0117 d\u0117\u017eut\u0117 su informaciniu lai\u0161keliu kokybi\u0161kam bendravimui su \u017diba \u017evake<\/p>","protected":false},"excerpt":{"rendered":"<p>Kiekviena \u017evak\u0117 i\u0161skirtin\u0117, nes pagaminta \u201e\u017diba Collection\u201c k\u016br\u0117jos rankomis, tod\u0117l jos sudedamosios dalys gali b\u016bti pasiskirs\u010diusios netolygiai, o d\u0117l nat\u016bralios soj\u0173 va\u0161ko sud\u0117ties jis gali \u012fgauti skirting\u0173 atspalvi\u0173. Prie\u0161 pasimatym\u0105 su \u017diba \u017evake d\u0117l transportavimo s\u0105lyg\u0173 ir jo temperat\u016br\u0173 kaitos, gali atsirasti nepageidaujam\u0173 oro tarp\u0173 ir\/ar \u012ftr\u016bkim\u0173, tai nat\u016bralus \u00a0augalinio va\u0161ko rei\u0161kinys, tik rodantis, \u017diba \u017evak\u0117s unikalum\u0105.<\/p>","protected":false},"featured_media":25539,"comment_status":"open","ping_status":"closed","template":"","meta":[],"product_brand":[],"product_cat":[273],"product_tag":[],"_links":{"self":[{"href":"https:\/\/zibacollection.versify.digital\/en\/wp-json\/wp\/v2\/product\/25540"}],"collection":[{"href":"https:\/\/zibacollection.versify.digital\/en\/wp-json\/wp\/v2\/product"}],"about":[{"href":"https:\/\/zibacollection.versify.digital\/en\/wp-json\/wp\/v2\/types\/product"}],"replies":[{"embeddable":true,"href":"https:\/\/zibacollection.versify.digital\/en\/wp-json\/wp\/v2\/comments?post=25540"}],"version-history":[{"count":0,"href":"https:\/\/zibacollection.versify.digital\/en\/wp-json\/wp\/v2\/product\/25540\/revisions"}],"wp:featuredmedia":[{"embeddable":true,"href":"https:\/\/zibacollection.versify.digital\/en\/wp-json\/wp\/v2\/media\/25539"}],"wp:attachment":[{"href":"https:\/\/zibacollection.versify.digital\/en\/wp-json\/wp\/v2\/media?parent=25540"}],"wp:term":[{"taxonomy":"product_brand","embeddable":true,"href":"https:\/\/zibacollection.versify.digital\/en\/wp-json\/wp\/v2\/product_brand?post=25540"},{"taxonomy":"product_cat","embeddable":true,"href":"https:\/\/zibacollection.versify.digital\/en\/wp-json\/wp\/v2\/product_cat?post=25540"},{"taxonomy":"product_tag","embeddable":true,"href":"https:\/\/zibacollection.versify.digital\/en\/wp-json\/wp\/v2\/product_tag?post=25540"}],"curies":[{"name":"wp","href":"https:\/\/api.w.org\/{rel}","templated":true}]}}