{"id":25542,"date":"2024-06-28T00:06:38","date_gmt":"2024-06-27T21:06:38","guid":{"rendered":"https:\/\/zibacollection.versify.digital\/product\/pikta-zole-zvake\/"},"modified":"2024-06-28T00:11:08","modified_gmt":"2024-06-27T21:11:08","slug":"pikta-zole-zvake","status":"publish","type":"product","link":"https:\/\/zibacollection.versify.digital\/en\/product\/pikta-zole-zvake\/","title":{"rendered":"ANGRY GRASS CANDLE"},"content":{"rendered":"<p>Informacija ruo\u0161iama<\/p>\n<p>Natos: \u0161vie\u017eia m\u0117ta, \u017ealioji arbata, gvazdik\u0117lis, imbieras, \u0161altm\u0117t\u0117, citrina, jazminas.<\/p>\n<p>\u017dvak\u0117s sud\u0117tis<br \/>\nT\u016bris 220 ml.<br \/>\nDega 55 val.<br \/>\nSOJ\u0172 VA\u0160KAS \u2013 nat\u016bralus augalinis va\u0161kas, pagamintas i\u0161 soj\u0173 pupeli\u0173 aliejaus<br \/>\nKVAPAI \u2013 kruop\u0161\u010diai atrinkti, ni\u0161iniai, itin kokybi\u0161ki aromatiniai aliejai<br \/>\nDAGTIS \u2013 medviln\u0117 su popieriumi<br \/>\nSTIKLINIS INDAS \u2013 kokybi\u0161kas, storo stiklo, atsparus kar\u0161\u010diui<br \/>\n\u012ePAKAVIMAS \u2013 auk\u0161tos kokyb\u0117s popierin\u0117 d\u0117\u017eut\u0117 su informaciniu lai\u0161keliu kokybi\u0161kam bendravimui su \u017diba \u017evake<\/p>","protected":false},"excerpt":{"rendered":"<p>Kiekviena \u017evak\u0117 i\u0161skirtin\u0117, nes pagaminta \u201e\u017diba Collection\u201c k\u016br\u0117jos rankomis, tod\u0117l jos sudedamosios dalys gali b\u016bti pasiskirs\u010diusios netolygiai, o d\u0117l nat\u016bralios soj\u0173 va\u0161ko sud\u0117ties jis gali \u012fgauti skirting\u0173 atspalvi\u0173. Prie\u0161 pasimatym\u0105 su \u017diba \u017evake d\u0117l transportavimo s\u0105lyg\u0173 ir jo temperat\u016br\u0173 kaitos, gali atsirasti nepageidaujam\u0173 oro tarp\u0173 ir\/ar \u012ftr\u016bkim\u0173, tai nat\u016bralus \u00a0augalinio va\u0161ko rei\u0161kinys, tik rodantis, \u017diba \u017evak\u0117s unikalum\u0105.<\/p>","protected":false},"featured_media":25541,"comment_status":"open","ping_status":"closed","template":"","meta":[],"product_brand":[],"product_cat":[273],"product_tag":[],"_links":{"self":[{"href":"https:\/\/zibacollection.versify.digital\/en\/wp-json\/wp\/v2\/product\/25542"}],"collection":[{"href":"https:\/\/zibacollection.versify.digital\/en\/wp-json\/wp\/v2\/product"}],"about":[{"href":"https:\/\/zibacollection.versify.digital\/en\/wp-json\/wp\/v2\/types\/product"}],"replies":[{"embeddable":true,"href":"https:\/\/zibacollection.versify.digital\/en\/wp-json\/wp\/v2\/comments?post=25542"}],"version-history":[{"count":0,"href":"https:\/\/zibacollection.versify.digital\/en\/wp-json\/wp\/v2\/product\/25542\/revisions"}],"wp:featuredmedia":[{"embeddable":true,"href":"https:\/\/zibacollection.versify.digital\/en\/wp-json\/wp\/v2\/media\/25541"}],"wp:attachment":[{"href":"https:\/\/zibacollection.versify.digital\/en\/wp-json\/wp\/v2\/media?parent=25542"}],"wp:term":[{"taxonomy":"product_brand","embeddable":true,"href":"https:\/\/zibacollection.versify.digital\/en\/wp-json\/wp\/v2\/product_brand?post=25542"},{"taxonomy":"product_cat","embeddable":true,"href":"https:\/\/zibacollection.versify.digital\/en\/wp-json\/wp\/v2\/product_cat?post=25542"},{"taxonomy":"product_tag","embeddable":true,"href":"https:\/\/zibacollection.versify.digital\/en\/wp-json\/wp\/v2\/product_tag?post=25542"}],"curies":[{"name":"wp","href":"https:\/\/api.w.org\/{rel}","templated":true}]}}