{"id":25562,"date":"2024-06-28T00:06:44","date_gmt":"2024-06-27T21:06:44","guid":{"rendered":"https:\/\/zibacollection.versify.digital\/product\/modernus-papuosalu-komplektas-su-naturaliu-gintaru\/"},"modified":"2024-06-28T00:13:52","modified_gmt":"2024-06-27T21:13:52","slug":"modernus-papuosalu-komplektas-su-naturaliu-gintaru","status":"publish","type":"product","link":"https:\/\/zibacollection.versify.digital\/en\/product\/modernus-papuosalu-komplektas-su-naturaliu-gintaru\/","title":{"rendered":"MODERN JEWELLERY SET WITH NATURAL AMBER"},"content":{"rendered":"","protected":false},"excerpt":{"rendered":"<p>Pakabukas: baltasis gintaras su nat\u016braliai susiformavusiu peiza\u017eu.<br \/>\nAuskarai: Nat\u016braliai susiformav\u0119 skirting\u0173 spalv\u0173 gintaro la\u0161eliai.<br \/>\nYpatingai i\u0161skirtinis komplektas, ypatingai i\u0161skirtinei asmenybei.<\/p>\n<p>Kaina viso komplekto 135 Eur. Galimas rinkinio i\u0161komplektavimas.<\/p>","protected":false},"featured_media":25561,"comment_status":"open","ping_status":"closed","template":"","meta":[],"product_brand":[],"product_cat":[274],"product_tag":[],"_links":{"self":[{"href":"https:\/\/zibacollection.versify.digital\/en\/wp-json\/wp\/v2\/product\/25562"}],"collection":[{"href":"https:\/\/zibacollection.versify.digital\/en\/wp-json\/wp\/v2\/product"}],"about":[{"href":"https:\/\/zibacollection.versify.digital\/en\/wp-json\/wp\/v2\/types\/product"}],"replies":[{"embeddable":true,"href":"https:\/\/zibacollection.versify.digital\/en\/wp-json\/wp\/v2\/comments?post=25562"}],"version-history":[{"count":0,"href":"https:\/\/zibacollection.versify.digital\/en\/wp-json\/wp\/v2\/product\/25562\/revisions"}],"wp:featuredmedia":[{"embeddable":true,"href":"https:\/\/zibacollection.versify.digital\/en\/wp-json\/wp\/v2\/media\/25561"}],"wp:attachment":[{"href":"https:\/\/zibacollection.versify.digital\/en\/wp-json\/wp\/v2\/media?parent=25562"}],"wp:term":[{"taxonomy":"product_brand","embeddable":true,"href":"https:\/\/zibacollection.versify.digital\/en\/wp-json\/wp\/v2\/product_brand?post=25562"},{"taxonomy":"product_cat","embeddable":true,"href":"https:\/\/zibacollection.versify.digital\/en\/wp-json\/wp\/v2\/product_cat?post=25562"},{"taxonomy":"product_tag","embeddable":true,"href":"https:\/\/zibacollection.versify.digital\/en\/wp-json\/wp\/v2\/product_tag?post=25562"}],"curies":[{"name":"wp","href":"https:\/\/api.w.org\/{rel}","templated":true}]}}