{"id":25576,"date":"2024-06-28T00:06:48","date_gmt":"2024-06-27T21:06:48","guid":{"rendered":"https:\/\/zibacollection.versify.digital\/product\/papuosalu-rinkinys-su-gintaru-akmenimis-swarovskio-kristalais\/"},"modified":"2024-06-28T00:13:50","modified_gmt":"2024-06-27T21:13:50","slug":"papuosalu-rinkinys-su-gintaru-akmenimis-swarovskio-kristalais","status":"publish","type":"product","link":"https:\/\/zibacollection.versify.digital\/en\/product\/papuosalu-rinkinys-su-gintaru-akmenimis-swarovskio-kristalais\/","title":{"rendered":"JEWELLERY SET WITH AMBER, STONES, SWAROVSKI CRYSTALS"},"content":{"rendered":"","protected":false},"excerpt":{"rendered":"<p>Galimas individualus u\u017esakymas.<br \/>\nRado su kuo \u017eib\u0117ti. Kreiptis asmenine \u017einute.<\/p>","protected":false},"featured_media":25575,"comment_status":"open","ping_status":"closed","template":"","meta":[],"product_brand":[],"product_cat":[274],"product_tag":[],"_links":{"self":[{"href":"https:\/\/zibacollection.versify.digital\/en\/wp-json\/wp\/v2\/product\/25576"}],"collection":[{"href":"https:\/\/zibacollection.versify.digital\/en\/wp-json\/wp\/v2\/product"}],"about":[{"href":"https:\/\/zibacollection.versify.digital\/en\/wp-json\/wp\/v2\/types\/product"}],"replies":[{"embeddable":true,"href":"https:\/\/zibacollection.versify.digital\/en\/wp-json\/wp\/v2\/comments?post=25576"}],"version-history":[{"count":0,"href":"https:\/\/zibacollection.versify.digital\/en\/wp-json\/wp\/v2\/product\/25576\/revisions"}],"wp:featuredmedia":[{"embeddable":true,"href":"https:\/\/zibacollection.versify.digital\/en\/wp-json\/wp\/v2\/media\/25575"}],"wp:attachment":[{"href":"https:\/\/zibacollection.versify.digital\/en\/wp-json\/wp\/v2\/media?parent=25576"}],"wp:term":[{"taxonomy":"product_brand","embeddable":true,"href":"https:\/\/zibacollection.versify.digital\/en\/wp-json\/wp\/v2\/product_brand?post=25576"},{"taxonomy":"product_cat","embeddable":true,"href":"https:\/\/zibacollection.versify.digital\/en\/wp-json\/wp\/v2\/product_cat?post=25576"},{"taxonomy":"product_tag","embeddable":true,"href":"https:\/\/zibacollection.versify.digital\/en\/wp-json\/wp\/v2\/product_tag?post=25576"}],"curies":[{"name":"wp","href":"https:\/\/api.w.org\/{rel}","templated":true}]}}