{"id":25591,"date":"2024-06-28T00:06:53","date_gmt":"2024-06-27T21:06:53","guid":{"rendered":"https:\/\/zibacollection.versify.digital\/product\/verinys-transformeris-tinkantis-ir-ant-kaklo-ir-ant-rankos\/"},"modified":"2024-06-28T00:13:47","modified_gmt":"2024-06-27T21:13:47","slug":"verinys-transformeris-tinkantis-ir-ant-kaklo-ir-ant-rankos","status":"publish","type":"product","link":"https:\/\/zibacollection.versify.digital\/en\/product\/verinys-transformeris-tinkantis-ir-ant-kaklo-ir-ant-rankos\/","title":{"rendered":"NECKLACE \"TRANSFORMER\", SUITABLE FOR BOTH NECK AND ARM"},"content":{"rendered":"","protected":false},"excerpt":{"rendered":"<p>Gintaras, perlai, Swarovski detal\u0117s, akmenys.<\/p>\n<p>Galimas individualus u\u017esakymas.<br \/>\nRado su kuo \u017eib\u0117ti. Kreiptis asmenine \u017einute.<\/p>","protected":false},"featured_media":25590,"comment_status":"open","ping_status":"closed","template":"","meta":[],"product_brand":[],"product_cat":[274],"product_tag":[],"_links":{"self":[{"href":"https:\/\/zibacollection.versify.digital\/en\/wp-json\/wp\/v2\/product\/25591"}],"collection":[{"href":"https:\/\/zibacollection.versify.digital\/en\/wp-json\/wp\/v2\/product"}],"about":[{"href":"https:\/\/zibacollection.versify.digital\/en\/wp-json\/wp\/v2\/types\/product"}],"replies":[{"embeddable":true,"href":"https:\/\/zibacollection.versify.digital\/en\/wp-json\/wp\/v2\/comments?post=25591"}],"version-history":[{"count":0,"href":"https:\/\/zibacollection.versify.digital\/en\/wp-json\/wp\/v2\/product\/25591\/revisions"}],"wp:featuredmedia":[{"embeddable":true,"href":"https:\/\/zibacollection.versify.digital\/en\/wp-json\/wp\/v2\/media\/25590"}],"wp:attachment":[{"href":"https:\/\/zibacollection.versify.digital\/en\/wp-json\/wp\/v2\/media?parent=25591"}],"wp:term":[{"taxonomy":"product_brand","embeddable":true,"href":"https:\/\/zibacollection.versify.digital\/en\/wp-json\/wp\/v2\/product_brand?post=25591"},{"taxonomy":"product_cat","embeddable":true,"href":"https:\/\/zibacollection.versify.digital\/en\/wp-json\/wp\/v2\/product_cat?post=25591"},{"taxonomy":"product_tag","embeddable":true,"href":"https:\/\/zibacollection.versify.digital\/en\/wp-json\/wp\/v2\/product_tag?post=25591"}],"curies":[{"name":"wp","href":"https:\/\/api.w.org\/{rel}","templated":true}]}}