{"id":25592,"date":"2024-06-28T00:06:53","date_gmt":"2024-06-27T21:06:53","guid":{"rendered":"https:\/\/zibacollection.versify.digital\/product\/kaklo-papuosalas-su-baltojo-gintaro-kryzeliu\/"},"modified":"2024-06-28T00:13:47","modified_gmt":"2024-06-27T21:13:47","slug":"kaklo-papuosalas-su-baltojo-gintaro-kryzeliu","status":"publish","type":"product","link":"https:\/\/zibacollection.versify.digital\/en\/product\/kaklo-papuosalas-su-baltojo-gintaro-kryzeliu\/","title":{"rendered":"NECK JEWEL WITH WHITE AMBER CROSS"},"content":{"rendered":"","protected":false},"excerpt":{"rendered":"<p>Galimas individualus u\u017esakymas.<br \/>\nRado su kuo \u017eib\u0117ti. Kreiptis asmenine \u017einute.<\/p>","protected":false},"featured_media":0,"comment_status":"open","ping_status":"closed","template":"","meta":[],"product_brand":[],"product_cat":[274],"product_tag":[],"_links":{"self":[{"href":"https:\/\/zibacollection.versify.digital\/en\/wp-json\/wp\/v2\/product\/25592"}],"collection":[{"href":"https:\/\/zibacollection.versify.digital\/en\/wp-json\/wp\/v2\/product"}],"about":[{"href":"https:\/\/zibacollection.versify.digital\/en\/wp-json\/wp\/v2\/types\/product"}],"replies":[{"embeddable":true,"href":"https:\/\/zibacollection.versify.digital\/en\/wp-json\/wp\/v2\/comments?post=25592"}],"version-history":[{"count":0,"href":"https:\/\/zibacollection.versify.digital\/en\/wp-json\/wp\/v2\/product\/25592\/revisions"}],"wp:attachment":[{"href":"https:\/\/zibacollection.versify.digital\/en\/wp-json\/wp\/v2\/media?parent=25592"}],"wp:term":[{"taxonomy":"product_brand","embeddable":true,"href":"https:\/\/zibacollection.versify.digital\/en\/wp-json\/wp\/v2\/product_brand?post=25592"},{"taxonomy":"product_cat","embeddable":true,"href":"https:\/\/zibacollection.versify.digital\/en\/wp-json\/wp\/v2\/product_cat?post=25592"},{"taxonomy":"product_tag","embeddable":true,"href":"https:\/\/zibacollection.versify.digital\/en\/wp-json\/wp\/v2\/product_tag?post=25592"}],"curies":[{"name":"wp","href":"https:\/\/api.w.org\/{rel}","templated":true}]}}