{"id":22643,"date":"2024-01-27T16:50:08","date_gmt":"2024-01-27T14:50:08","guid":{"rendered":"https:\/\/zibacollection.versify.digital\/?page_id=22643"},"modified":"2024-06-28T00:49:44","modified_gmt":"2024-06-27T21:49:44","slug":"prekiu-grazinimas","status":"publish","type":"page","link":"https:\/\/zibacollection.versify.digital\/lv\/prekiu-grazinimas\/","title":{"rendered":"Pre\u010du atgrie\u0161ana"},"content":{"rendered":"<p>Kvalitat\u012bvas preces, kas ieg\u0101d\u0101tas tie\u0161saist\u0113, var atgriezt 14&nbsp;<strong>(\u010detrpadsmit) dienas<\/strong>&nbsp;no pieg\u0101des dienas pirc\u0113jam.<\/p>\n\n\n\n<p><strong>Atgrie\u017eot preces, j\u0101iev\u0113ro \u0161\u0101di nosac\u012bjumi:<\/strong><\/p>\n\n\n\n<ul>\n<li>atgrieztajam produktam j\u0101b\u016bt ori\u0123in\u0101laj\u0101 iepakojum\u0101 un lab\u0101 st\u0101vokl\u012b;<\/li>\n\n\n\n<li>pirc\u0113jam precei j\u0101b\u016bt neboj\u0101tai;<\/li>\n\n\n\n<li>produktam j\u0101b\u016bt nelietotam un lab\u0101 st\u0101vokl\u012b (eti\u0137et\u0113m un aizsargpl\u0113v\u0113m neskart\u0101m utt.);<\/li>\n\n\n\n<li>atgrieztaj\u0101m prec\u0113m j\u0101b\u016bt t\u0101da pa\u0161a sast\u0101va k\u0101 pirc\u0113ja sa\u0146emtaj\u0101m prec\u0113m, - par pirkumu sa\u0146emt\u0101s d\u0101vanas ar\u012b ir j\u0101atgrie\u017e.<\/li>\n<\/ul>\n\n\n\n<p>Ja ir izpild\u012bti iepriek\u0161 min\u0113tie nosac\u012bjumi, l\u016bdzu, rakstiet mums. <a href=\"mailto:zibacode@gmail.com\">zibacode@gmail.com<\/a>un, l\u016bdzu, nor\u0101diet savu pas\u016bt\u012bjuma numuru vai pievienojiet maks\u0101juma apliecin\u0101jumu.<\/p>\n\n\n\n<p>P\u0113c piepras\u012bjuma sa\u0146em\u0161anas m\u0113s ar jums sazin\u0101simies 2 darba dienu laik\u0101, lai vienotos par atgrie\u0161anas inform\u0101ciju.<\/p>\n\n\n\n<p>P\u0113c tam, kad b\u016bsiet sa\u0146\u0113mis preces un p\u0101rliecin\u0101jies, ka t\u0101s nav lietotas, nauda tiks atmaks\u0101ta uz maks\u0101t\u0101ja kontu (vai, ja tas neb\u016bs iesp\u0113jams, uz citu j\u016bsu nor\u0101d\u012bto kontu) 3 dienu laik\u0101.<\/p>\n\n\n\n<p>Preces ar defektiem tiek atgrieztas saska\u0146\u0101 ar Pre\u010du atgrie\u0161anas un apmai\u0146as noteikumiem, kas apstiprin\u0101ti ar ekonomikas ministra 2001. gada 29. j\u016bnija r\u012bkojumu Nr. 217 \"Par Pre\u010du atgrie\u0161anas un apmai\u0146as noteikumu apstiprin\u0101\u0161anu\".<\/p>\n\n\n\n<p>L\u016bdzu, \u0146emiet v\u0113r\u0101, ka str\u012bda gad\u012bjum\u0101 pirc\u0113jiem vispirms j\u0101sazin\u0101s ar p\u0101rdev\u0113ju, un, ja str\u012bdu neizdodas atrisin\u0101t, vi\u0146iem ir ties\u012bbas izmantot tie\u0161saistes pat\u0113r\u0113t\u0101ju str\u012bdu iz\u0161\u0137ir\u0161anas platformu, lai atrisin\u0101tu str\u012bdu: &nbsp;<a href=\"https:\/\/webgate.ec.europa.eu\/odr\/main\/?event=main.home.show\">https:\/\/webgate.ec.europa.eu\/odr\/main\/?event=main.home.show<\/a>.<\/p>","protected":false},"excerpt":{"rendered":"<p>Internetu pirktos kokybi\u0161kos prek\u0117s gali b\u016bti gr\u0105\u017einamos per 14&nbsp;(keturiolika) dien\u0173&nbsp;nuo preki\u0173 pristatymo pirk\u0117jui dienos. Gr\u0105\u017einant prekes b\u016btina laikytis \u0161i\u0173 s\u0105lyg\u0173: Jei prie\u0161 tai i\u0161vardintos s\u0105lygos yra \u012fvykdytos, para\u0161ykite mums el. pa\u0161tu zibacode@gmail.com, bei nurodykite u\u017esakymo numer\u012f arba prid\u0117kite mok\u0117jimo patvirtinimo dokument\u0105.. Gav\u0119 J\u016bs\u0173 pra\u0161ym\u0105, su Jumis susisieksime per 2 darbo dienas ir susiderinsime prek\u0117s gr\u0105\u017einimo detales. Gav\u0119 prek\u0119 ir \u012fsitikin\u0119, kad prek\u0117 yra nenaudota, per 3 d.d.pinigai bus gr\u0105\u017einti \u012f mok\u0117tojo s\u0105skait\u0105 (arba, jei to padaryti negalima, \u012f kit\u0105 J\u016bs\u0173 nurodom\u0105 s\u0105skait\u0105). Nekokybi\u0161kos prek\u0117s gr\u0105\u017einamos vadovaujantis \u016bkio ministro 2001 m. bir\u017eelio 29 d. \u012fsakymu Nr. 217 \u201eD\u0117l Daikt\u0173 gr\u0105\u017einimo ir keitimo taisykli\u0173 patvirtinimo\u201c patvirtintomis Daikt\u0173 gr\u0105\u017einimo ir keitimo taisykl\u0117mis. Informuojame, kad pirk\u0117jai, esant gin\u010dytinai situacijai, tur\u0117t\u0173 pirmiausia kreiptis \u012f pardav\u0117j\u0105, o nepavykus i\u0161spr\u0119sti gin\u010do, turi teis\u0119 kreiptis d\u0117l gin\u010do sprendimo \u012f elektronin\u0119 vartotoj\u0173 gin\u010d\u0173 sprendimo platform\u0105: &nbsp;https:\/\/webgate.ec.europa.eu\/odr\/main\/?event=main.home.show.<\/p>","protected":false},"author":1,"featured_media":0,"parent":0,"menu_order":0,"comment_status":"closed","ping_status":"closed","template":"","meta":{"footnotes":""},"_links":{"self":[{"href":"https:\/\/zibacollection.versify.digital\/lv\/wp-json\/wp\/v2\/pages\/22643"}],"collection":[{"href":"https:\/\/zibacollection.versify.digital\/lv\/wp-json\/wp\/v2\/pages"}],"about":[{"href":"https:\/\/zibacollection.versify.digital\/lv\/wp-json\/wp\/v2\/types\/page"}],"author":[{"embeddable":true,"href":"https:\/\/zibacollection.versify.digital\/lv\/wp-json\/wp\/v2\/users\/1"}],"replies":[{"embeddable":true,"href":"https:\/\/zibacollection.versify.digital\/lv\/wp-json\/wp\/v2\/comments?post=22643"}],"version-history":[{"count":2,"href":"https:\/\/zibacollection.versify.digital\/lv\/wp-json\/wp\/v2\/pages\/22643\/revisions"}],"predecessor-version":[{"id":25635,"href":"https:\/\/zibacollection.versify.digital\/lv\/wp-json\/wp\/v2\/pages\/22643\/revisions\/25635"}],"wp:attachment":[{"href":"https:\/\/zibacollection.versify.digital\/lv\/wp-json\/wp\/v2\/media?parent=22643"}],"curies":[{"name":"wp","href":"https:\/\/api.w.org\/{rel}","templated":true}]}}