{"id":22654,"date":"2024-01-27T17:32:49","date_gmt":"2024-01-27T15:32:49","guid":{"rendered":"https:\/\/zibacollection.versify.digital\/?page_id=22654"},"modified":"2024-06-28T00:51:21","modified_gmt":"2024-06-27T21:51:21","slug":"apie-mus","status":"publish","type":"page","link":"https:\/\/zibacollection.versify.digital\/lv\/apie-mus\/","title":{"rendered":"Par mums"},"content":{"rendered":"<div data-elementor-type=\"wp-page\" data-elementor-id=\"22654\" class=\"elementor elementor-22654\" data-elementor-post-type=\"page\">\n\t\t\t\t\t\t<section class=\"elementor-section elementor-top-section elementor-element elementor-element-43b43abc elementor-section-boxed elementor-section-gap-beside-yes elementor-section-height-default elementor-section-height-default elementor-section-content-align-center elementor-section-column-vertical-align-stretch\" data-id=\"43b43abc\" data-element_type=\"section\">\n\t\t\t\t\t\t<div class=\"elementor-container elementor-column-gap-extended\">\n\t\t\t\t\t<div class=\"elementor-column elementor-col-100 elementor-top-column elementor-element elementor-element-d894d2e\" data-id=\"d894d2e\" data-element_type=\"column\">\n\t\t\t<div class=\"elementor-widget-wrap elementor-element-populated\">\n\t\t\t\t\t\t<div class=\"elementor-element elementor-element-7fe83acc elementor-widget elementor-widget-tm-heading\" data-id=\"7fe83acc\" data-element_type=\"widget\" data-widget_type=\"tm-heading.default\">\n\t\t\t\t<div class=\"elementor-widget-container\">\n\t\t\t\t\t\t\t<div class=\"tm-modern-heading tm-modern-heading--style-02 tm-modern-heading--highlight-style-01\">\n\t\t\t\n\t\t\t\t\t<div class=\"heading-primary-wrap\">\n\t\t\t<h2 class=\"heading-primary elementor-heading-title\">Sveiki,<\/h2>\t\t<\/div>\n\t\t\n\t\t\t\n\t\t\t\t\t<\/div>\n\t\t\t\t\t\t<\/div>\n\t\t\t\t<\/div>\n\t\t\t\t<div class=\"elementor-element elementor-element-3e1767bb elementor-widget elementor-widget-tm-heading\" data-id=\"3e1767bb\" data-element_type=\"widget\" data-widget_type=\"tm-heading.default\">\n\t\t\t\t<div class=\"elementor-widget-container\">\n\t\t\t\t\t\t\t<div class=\"tm-modern-heading tm-modern-heading--style-03 tm-modern-heading--highlight-style-01\">\n\t\t\t\n\t\t\t\t\t<div class=\"heading-primary-wrap\">\n\t\t\t<h3 class=\"heading-primary elementor-heading-title\">Sveiki,\n\nP\u0113c tam, kad atkl\u0101ju dzintaru - akmeni, ko ir pul\u0113jusi j\u016bra, es s\u0101ku rad\u012bt rotaslietas - nepul\u0113tas, dz\u012bvas un unik\u0101las. Mirdz\u0113t var ne tikai dimanti, bet ar\u012b tu pats - izv\u0113loties unikalit\u0101ti. Esmu padom\u0101jusi par katru s\u012bkumu, lai pat \u0161is mazais dz\u012bves prieks, ko v\u0113los jums d\u0101v\u0101t, j\u016bs sild\u012btu un nomierin\u0101tu.<\/h3>\t\t<\/div>\n\t\t\n\t\t\t\n\t\t\t\t\t<\/div>\n\t\t\t\t\t\t<\/div>\n\t\t\t\t<\/div>\n\t\t\t\t\t<\/div>\n\t\t<\/div>\n\t\t\t\t\t<\/div>\n\t\t<\/section>\n\t\t\t\t<section class=\"elementor-section elementor-top-section elementor-element elementor-element-7c7ef066 elementor-section-boxed elementor-section-gap-beside-yes elementor-section-height-default elementor-section-height-default elementor-section-column-vertical-align-stretch\" data-id=\"7c7ef066\" data-element_type=\"section\">\n\t\t\t\t\t\t<div class=\"elementor-container elementor-column-gap-extended\">\n\t\t\t\t\t<div class=\"elementor-column elementor-col-50 elementor-top-column elementor-element elementor-element-974ea24\" data-id=\"974ea24\" data-element_type=\"column\">\n\t\t\t<div class=\"elementor-widget-wrap elementor-element-populated\">\n\t\t\t\t\t\t<div class=\"elementor-element elementor-element-7a0525fb minimog-animation-zoom-in elementor-widget elementor-widget-tm-modern-image\" data-id=\"7a0525fb\" data-element_type=\"widget\" data-widget_type=\"tm-modern-image.default\">\n\t\t\t\t<div class=\"elementor-widget-container\">\n\t\t\t\t\t\t\t<div class=\"tm-modern-image\">\n\t\t\t\t\t\t\t<div class=\"minimog-box\">\n\t\t\t\t\t<div class=\"minimog-image\">\t\t\t\t\t<m-image class=\"minimog-lazy-image\" style=\"--lazy-image-width: 823px;--lazy-image-height: 111.42162818955%;\" data-image-loading><img loading=\"lazy\" decoding=\"async\"  src=\"https:\/\/zibacollection.versify.digital\/wp-content\/uploads\/2024\/06\/ziba-ikureja.jpg\" width=\"823\" height=\"917\" alt=\"ziba-ikureja\" class=\"attachment-full size-full\" \/><\/m-image>\t\t\t\t\t<\/div>\t\t\t\t<\/div>\n\t\t\t\t\t\t\t\t\t\t<\/div>\n\t\t\t\t\t\t<\/div>\n\t\t\t\t<\/div>\n\t\t\t\t\t<\/div>\n\t\t<\/div>\n\t\t\t\t<div class=\"elementor-column elementor-col-50 elementor-top-column elementor-element elementor-element-2db9c52d\" data-id=\"2db9c52d\" data-element_type=\"column\">\n\t\t\t<div class=\"elementor-widget-wrap elementor-element-populated\">\n\t\t\t\t\t\t<div class=\"elementor-element elementor-element-494bf35e elementor-widget elementor-widget-tm-heading\" data-id=\"494bf35e\" data-element_type=\"widget\" data-widget_type=\"tm-heading.default\">\n\t\t\t\t<div class=\"elementor-widget-container\">\n\t\t\t\t\t\t\t<div class=\"tm-modern-heading tm-modern-heading--style-01 tm-modern-heading--highlight-style-01\">\n\t\t\t\n\t\t\t\t\t<div class=\"heading-primary-wrap\">\n\t\t\t<h2 class=\"heading-primary elementor-heading-title\">M\u016bsu ce\u013cojuma s\u0101kums<\/h2>\t\t<\/div>\n\t\t\n\t\t\t\n\t\t\t\t\t<\/div>\n\t\t\t\t\t\t<\/div>\n\t\t\t\t<\/div>\n\t\t\t\t<div class=\"elementor-element elementor-element-b6b31fc elementor-widget elementor-widget-text-editor\" data-id=\"b6b31fc\" data-element_type=\"widget\" data-widget_type=\"text-editor.default\">\n\t\t\t\t<div class=\"elementor-widget-container\">\n\t\t\t\t\t\t\t\t\t<p>Es esmu \u017divil\u0117, Ziba kr\u0101juma \"Jaunais AMBER kods\" autore. Esmu tr\u012bs meitu m\u0101te, sieva un rad\u012bt\u0101ja. Mana \u0123imene ir mans atbalsts un liel\u0101kie fani, kas mani iedro\u0161ina dar\u012bt tie\u0161i to, ko daru \u0161obr\u012bd, - rad\u012bt.<\/p><p>Jau ilgu laiku interes\u0113jos par aromterapiju, t\u0101p\u0113c dro\u0161i varu teikt, ka sp\u0113ju sajust, at\u0161\u0137irt un kombin\u0113t da\u017e\u0101du smar\u017eu notis. Man smar\u017eu pasaule ir zin\u0101\u0161anu un dz\u012bves apvienojums, ar ko v\u0113los dal\u012bties. Pied\u0101v\u0101ju jums sojas vaska sveces, kur\u0101s esmu ieguld\u012bjusi visu savu m\u012blest\u012bbu. Katra svece ir unik\u0101la, apvienojot da\u017e\u0101das smar\u017eas. Izv\u0113lieties to, kas jums pat\u012bk, un j\u016bs sajut\u012bsiet, k\u0101 j\u016bsu m\u0101jas piepild\u0101s ar m\u0101j\u012bgu arom\u0101tu.<\/p><p>Atkl\u0101jiet harmoniju un piln\u012bbu ar Ziba kolekciju The New CODE of AMBER.<\/p><p><em>J\u016bsu,<\/em><br \/><em>\u017divil\u0117<\/em><\/p>\t\t\t\t\t\t\t\t<\/div>\n\t\t\t\t<\/div>\n\t\t\t\t\t<\/div>\n\t\t<\/div>\n\t\t\t\t\t<\/div>\n\t\t<\/section>\n\t\t\t\t<\/div>","protected":false},"excerpt":{"rendered":"<p>Sveiki, Sveiki, Atradusi j\u016bros i\u0161myluot\u0105 akmen\u012f gintar\u0105, prad\u0117jau kurti papuo\u0161alus \u2013 nenugludintus, gyvus ir i\u0161skirtinius. \u017dib\u0117ti gali ne tik deimantai, bet ir J\u016bs pa\u010dios \u2013 besirenkan\u010dios unikalum\u0105. Esu apgalvojusi kiekvien\u0105 smulkmen\u0105, tod\u0117l net \u0161is ma\u017eas gyvenimo malonumas, kur\u012f noriu Jums padovanoti \u2013 \u0161ildys ir ramins. M\u016bs\u0173 kelion\u0117s prad\u017eia A\u0161 \u017divil\u0117, Ziba collection The New CODE of AMBER autor\u0117. Esu trij\u0173 dukr\u0173 mama, \u017emona ir k\u016br\u0117ja. \u0160eima \u2013 mano atrama ir did\u017eiausi gerb\u0117jai, kurie skatina daryti b\u016btent tai, k\u0105 darau dabar \u2013 kurti. Aromaterapija domiuosi seniai, tad galiu dr\u0105siai teigti, kad gebu u\u017euosti, atskirti ir derinti \u012fvairi\u0173 kvap\u0173 natas. Kvap\u0173 pasaulis man \u2013 pa\u017einimo ir gyvyb\u0117s derinys, kuriuo noriu dalintis. Pristatau Jums soj\u0173 va\u0161ko \u017evakes, \u012f kurias sud\u0117jau vis\u0105 savo meil\u0119. Kiekviena \u017evak\u0117 unikali, tarpusavyje derinanti skirting\u0173 kvap\u0173 gamas. Pasirinkite, kas Jums patinka ir pajusite, kaip namai prisipildo jaukaus kvapo. Atraskite harmonij\u0105 ir pilnatv\u0119 kartu su Ziba collection The New CODE of AMBER. J\u016bs\u0173,\u017divil\u0117<\/p>","protected":false},"author":1,"featured_media":0,"parent":0,"menu_order":0,"comment_status":"closed","ping_status":"closed","template":"","meta":{"footnotes":""},"_links":{"self":[{"href":"https:\/\/zibacollection.versify.digital\/lv\/wp-json\/wp\/v2\/pages\/22654"}],"collection":[{"href":"https:\/\/zibacollection.versify.digital\/lv\/wp-json\/wp\/v2\/pages"}],"about":[{"href":"https:\/\/zibacollection.versify.digital\/lv\/wp-json\/wp\/v2\/types\/page"}],"author":[{"embeddable":true,"href":"https:\/\/zibacollection.versify.digital\/lv\/wp-json\/wp\/v2\/users\/1"}],"replies":[{"embeddable":true,"href":"https:\/\/zibacollection.versify.digital\/lv\/wp-json\/wp\/v2\/comments?post=22654"}],"version-history":[{"count":7,"href":"https:\/\/zibacollection.versify.digital\/lv\/wp-json\/wp\/v2\/pages\/22654\/revisions"}],"predecessor-version":[{"id":25639,"href":"https:\/\/zibacollection.versify.digital\/lv\/wp-json\/wp\/v2\/pages\/22654\/revisions\/25639"}],"wp:attachment":[{"href":"https:\/\/zibacollection.versify.digital\/lv\/wp-json\/wp\/v2\/media?parent=22654"}],"curies":[{"name":"wp","href":"https:\/\/api.w.org\/{rel}","templated":true}]}}