{"id":7,"date":"2024-01-21T21:58:36","date_gmt":"2024-01-21T21:58:36","guid":{"rendered":"https:\/\/zibacollection.versify.digital\/index.php\/cart\/"},"modified":"2024-01-27T17:52:27","modified_gmt":"2024-01-27T15:52:27","slug":"krepselis","status":"publish","type":"page","link":"https:\/\/zibacollection.versify.digital\/lv\/krepselis\/","title":{"rendered":"Grozs"},"content":{"rendered":"<div data-block-name=\"woocommerce\/cart\" class=\"wp-block-woocommerce-cart alignwide is-loading\"><div data-block-name=\"woocommerce\/filled-cart-block\" class=\"wp-block-woocommerce-filled-cart-block\"><div data-block-name=\"woocommerce\/cart-items-block\" class=\"wp-block-woocommerce-cart-items-block\"><div data-block-name=\"woocommerce\/cart-line-items-block\" class=\"wp-block-woocommerce-cart-line-items-block\"><\/div>\n\n<div data-block-name=\"woocommerce\/cart-cross-sells-block\" class=\"wp-block-woocommerce-cart-cross-sells-block\">\n<h2 class=\"wp-block-heading has-large-font-size\">J\u016bs var\u0113tu interes\u0113t...<\/h2>\n\n\n<div data-block-name=\"woocommerce\/cart-cross-sells-products-block\" class=\"wp-block-woocommerce-cart-cross-sells-products-block\"><\/div><\/div><\/div>\n\n<div data-block-name=\"woocommerce\/cart-totals-block\" class=\"wp-block-woocommerce-cart-totals-block\"><div data-block-name=\"woocommerce\/cart-order-summary-block\" class=\"wp-block-woocommerce-cart-order-summary-block\"><div data-block-name=\"woocommerce\/cart-order-summary-heading-block\" class=\"wp-block-woocommerce-cart-order-summary-heading-block\"><\/div><div data-block-name=\"woocommerce\/cart-order-summary-coupon-form-block\" class=\"wp-block-woocommerce-cart-order-summary-coupon-form-block\"><\/div><div data-block-name=\"woocommerce\/cart-order-summary-totals-block\" class=\"wp-block-woocommerce-cart-order-summary-totals-block\">\n<div data-block-name=\"woocommerce\/cart-order-summary-subtotal-block\" class=\"wp-block-woocommerce-cart-order-summary-subtotal-block\"><\/div>\n<div data-block-name=\"woocommerce\/cart-order-summary-discount-block\" class=\"wp-block-woocommerce-cart-order-summary-discount-block\"><\/div>\n<div data-block-name=\"woocommerce\/cart-order-summary-fee-block\" class=\"wp-block-woocommerce-cart-order-summary-fee-block\"><\/div>\n<div data-block-name=\"woocommerce\/cart-order-summary-shipping-block\" class=\"wp-block-woocommerce-cart-order-summary-shipping-block\"><\/div>\n<div data-block-name=\"woocommerce\/cart-order-summary-taxes-block\" class=\"wp-block-woocommerce-cart-order-summary-taxes-block\"><\/div><\/div><\/div>\n\n<div data-block-name=\"woocommerce\/cart-express-payment-block\" class=\"wp-block-woocommerce-cart-express-payment-block\"><\/div>\n\n<div data-block-name=\"woocommerce\/proceed-to-checkout-block\" class=\"wp-block-woocommerce-proceed-to-checkout-block\"><\/div>\n\n<div data-block-name=\"woocommerce\/cart-accepted-payment-methods-block\" class=\"wp-block-woocommerce-cart-accepted-payment-methods-block\"><\/div><\/div><\/div>\n\n<div data-block-name=\"woocommerce\/empty-cart-block\" class=\"wp-block-woocommerce-empty-cart-block\">\n<h2 class=\"wp-block-heading has-text-align-center with-empty-cart-icon wc-block-cart__empty-cart__title\">J\u016bsu grozs \u0161obr\u012bd ir tuk\u0161s!<\/h2>\n\n\n\n<hr class=\"wp-block-separator has-alpha-channel-opacity is-style-dots\"\/>\n\n\n\n<h2 class=\"wp-block-heading has-text-align-center\">Jaunums veikal\u0101<\/h2>\n\n\n<div data-block-name=\"woocommerce\/product-new\" data-columns=\"4\" data-rows=\"1\" class=\"wc-block-grid wp-block-product-new wc-block-product-new has-4-columns\"><ul class=\"wc-block-grid__products\"><li class=\"wc-block-grid__product\">\n\t\t\t\t<a href=\"https:\/\/zibacollection.versify.digital\/lv\/product\/ziba-collection-rinkinys\/\" class=\"wc-block-grid__product-link\">\n\t\t\t\t\t\n\t\t\t\t\t<div class=\"wc-block-grid__product-image\"><img fetchpriority=\"high\" decoding=\"async\" width=\"300\" height=\"400\" src=\"https:\/\/zibacollection.versify.digital\/wp-content\/uploads\/2024\/06\/20240530_154356-2-300x400.jpg\" class=\"attachment-woocommerce_thumbnail size-woocommerce_thumbnail\" alt=\"\u017diba collection rinkinys\" \/><\/div>\n\t\t\t\t\t<div class=\"wc-block-grid__product-title\">Glitter kolekcijas komplekts<\/div>\n\t\t\t\t<\/a>\n\t\t\t\t<div class=\"wc-block-grid__product-price price\"><div class=\"price\"><span class=\"woocommerce-Price-amount amount\">140,00&nbsp;<span class=\"woocommerce-Price-currencySymbol\">\u20ac<\/span><\/span><\/div><\/div>\n\t\t\t\t\n\t\t\t\t<div class=\"wp-block-button wc-block-grid__product-add-to-cart\"><a href=\"?add-to-cart=25614\" aria-label=\"Pievienot grozam: &quot;\u017diba collection rinkinys&quot;\" data-quantity=\"1\" data-product_id=\"25614\" data-product_sku=\"\" data-price=\"140\" rel=\"nofollow\" class=\"wp-block-button__link  add_to_cart_button ajax_add_to_cart\" data-no-translation=\"\" data-trp-gettext=\"\" data-no-translation-aria-label=\"\">Pievienot grozam<\/a><\/div>\n\t\t\t<\/li><li class=\"wc-block-grid__product\">\n\t\t\t\t<a href=\"https:\/\/zibacollection.versify.digital\/lv\/product\/apyrankes-su-gintaru-bambuku-ir-zalvariu\/\" class=\"wc-block-grid__product-link\">\n\t\t\t\t\t\n\t\t\t\t\t<div class=\"wc-block-grid__product-image\"><img decoding=\"async\" width=\"300\" height=\"400\" src=\"https:\/\/zibacollection.versify.digital\/wp-content\/uploads\/2024\/06\/36-1-300x400.jpg\" class=\"attachment-woocommerce_thumbnail size-woocommerce_thumbnail\" alt=\"APYRANK\u0116S SU GINTARU, BAMBUKU IR \u017dALVARIU\" srcset=\"https:\/\/zibacollection.versify.digital\/wp-content\/uploads\/2024\/06\/36-1-300x400.jpg 300w, https:\/\/zibacollection.versify.digital\/wp-content\/uploads\/2024\/06\/36-1-8x12.jpg 8w\" sizes=\"(max-width: 300px) 100vw, 300px\" \/><\/div>\n\t\t\t\t\t<div class=\"wc-block-grid__product-title\">APROCES AR DZINTARU, BAMBUSU UN MISI\u0145U<\/div>\n\t\t\t\t<\/a>\n\t\t\t\t<div class=\"wc-block-grid__product-price price\"><div class=\"price\"><\/div><\/div>\n\t\t\t\t\n\t\t\t\t<div class=\"wp-block-button wc-block-grid__product-add-to-cart\"><a href=\"https:\/\/zibacollection.versify.digital\/lv\/product\/apyrankes-su-gintaru-bambuku-ir-zalvariu\/\" aria-label=\"Lasiet vair\u0101k par \u201cAPYRANK\u0116S SU GINTARU, BAMBUKU IR \u017dALVARIU\u201d\" data-quantity=\"1\" data-product_id=\"25602\" data-product_sku=\"\" data-price=\"0\" rel=\"nofollow\" class=\"wp-block-button__link  add_to_cart_button\" data-no-translation=\"\" data-trp-gettext=\"\" data-no-translation-aria-label=\"\">Las\u012bt vair\u0101k<\/a><\/div>\n\t\t\t<\/li><li class=\"wc-block-grid__product\">\n\t\t\t\t<a href=\"https:\/\/zibacollection.versify.digital\/lv\/product\/gintarinis-kaklo-papuosalas-su-vintazine-naturalaus-gintaro-roze\/\" class=\"wc-block-grid__product-link\">\n\t\t\t\t\t\n\t\t\t\t\t<div class=\"wc-block-grid__product-image\"><img decoding=\"async\" width=\"300\" height=\"400\" src=\"https:\/\/zibacollection.versify.digital\/wp-content\/uploads\/2024\/06\/117-680x907-2-300x400.jpg\" class=\"attachment-woocommerce_thumbnail size-woocommerce_thumbnail\" alt=\"GINTARINIS KAKLO PAPUO\u0160ALAS SU VINTA\u017dINE, NAT\u016aRALAUS GINTARO RO\u017dE\" srcset=\"https:\/\/zibacollection.versify.digital\/wp-content\/uploads\/2024\/06\/117-680x907-2-300x400.jpg 300w, https:\/\/zibacollection.versify.digital\/wp-content\/uploads\/2024\/06\/117-680x907-2-225x300.jpg 225w, https:\/\/zibacollection.versify.digital\/wp-content\/uploads\/2024\/06\/117-680x907-2-9x12.jpg 9w, https:\/\/zibacollection.versify.digital\/wp-content\/uploads\/2024\/06\/117-680x907-2-600x800.jpg 600w, https:\/\/zibacollection.versify.digital\/wp-content\/uploads\/2024\/06\/117-680x907-2-150x200.jpg 150w, https:\/\/zibacollection.versify.digital\/wp-content\/uploads\/2024\/06\/117-680x907-2-64x85.jpg 64w, https:\/\/zibacollection.versify.digital\/wp-content\/uploads\/2024\/06\/117-680x907-2.jpg 680w\" sizes=\"(max-width: 300px) 100vw, 300px\" \/><\/div>\n\t\t\t\t\t<div class=\"wc-block-grid__product-title\">DZINTARA KAKLAROTA AR VINTAGE, DAB\u012aG\u0100 DZINTARA ROZI<\/div>\n\t\t\t\t<\/a>\n\t\t\t\t<div class=\"wc-block-grid__product-price price\"><div class=\"price\"><span class=\"woocommerce-Price-amount amount\">195,00&nbsp;<span class=\"woocommerce-Price-currencySymbol\">\u20ac<\/span><\/span><\/div><\/div>\n\t\t\t\t\n\t\t\t\t<div class=\"wp-block-button wc-block-grid__product-add-to-cart\"><a href=\"?add-to-cart=25600\" aria-label=\"Pievienot grozam: &quot;GINTARINIS KAKLO PAPUO\u0160ALAS SU VINTA\u017dINE, NAT\u016aRALAUS GINTARO RO\u017dE&quot;\" data-quantity=\"1\" data-product_id=\"25600\" data-product_sku=\"\" data-price=\"195\" rel=\"nofollow\" class=\"wp-block-button__link  add_to_cart_button ajax_add_to_cart\" data-no-translation=\"\" data-trp-gettext=\"\" data-no-translation-aria-label=\"\">Pievienot grozam<\/a><\/div>\n\t\t\t<\/li><li class=\"wc-block-grid__product\">\n\t\t\t\t<a href=\"https:\/\/zibacollection.versify.digital\/lv\/product\/gintarinis-kaklo-pakabukas\/\" class=\"wc-block-grid__product-link\">\n\t\t\t\t\t\n\t\t\t\t\t<div class=\"wc-block-grid__product-image\"><img loading=\"lazy\" decoding=\"async\" width=\"300\" height=\"400\" src=\"https:\/\/zibacollection.versify.digital\/wp-content\/uploads\/2024\/06\/131-680x850-2-300x400.jpg\" class=\"attachment-woocommerce_thumbnail size-woocommerce_thumbnail\" alt=\"GINTARINIS KAKLO PAKABUKAS\" srcset=\"https:\/\/zibacollection.versify.digital\/wp-content\/uploads\/2024\/06\/131-680x850-2-300x400.jpg 300w, https:\/\/zibacollection.versify.digital\/wp-content\/uploads\/2024\/06\/131-680x850-2-10x12.jpg 10w\" sizes=\"(max-width: 300px) 100vw, 300px\" \/><\/div>\n\t\t\t\t\t<div class=\"wc-block-grid__product-title\">AMBER KAKLAROTA<\/div>\n\t\t\t\t<\/a>\n\t\t\t\t<div class=\"wc-block-grid__product-price price\"><div class=\"price\"><span class=\"woocommerce-Price-amount amount\">85,00&nbsp;<span class=\"woocommerce-Price-currencySymbol\">\u20ac<\/span><\/span><\/div><\/div>\n\t\t\t\t\n\t\t\t\t<div class=\"wp-block-button wc-block-grid__product-add-to-cart\"><a href=\"?add-to-cart=25598\" aria-label=\"Pievienot grozam: &quot;GINTARINIS KAKLO PAKABUKAS&quot;\" data-quantity=\"1\" data-product_id=\"25598\" data-product_sku=\"\" data-price=\"85\" rel=\"nofollow\" class=\"wp-block-button__link  add_to_cart_button ajax_add_to_cart\" data-no-translation=\"\" data-trp-gettext=\"\" data-no-translation-aria-label=\"\">Pievienot grozam<\/a><\/div>\n\t\t\t<\/li><\/ul><\/div><\/div><\/div>","protected":false},"excerpt":{"rendered":"","protected":false},"author":1,"featured_media":0,"parent":0,"menu_order":0,"comment_status":"closed","ping_status":"closed","template":"","meta":{"footnotes":""},"_links":{"self":[{"href":"https:\/\/zibacollection.versify.digital\/lv\/wp-json\/wp\/v2\/pages\/7"}],"collection":[{"href":"https:\/\/zibacollection.versify.digital\/lv\/wp-json\/wp\/v2\/pages"}],"about":[{"href":"https:\/\/zibacollection.versify.digital\/lv\/wp-json\/wp\/v2\/types\/page"}],"author":[{"embeddable":true,"href":"https:\/\/zibacollection.versify.digital\/lv\/wp-json\/wp\/v2\/users\/1"}],"replies":[{"embeddable":true,"href":"https:\/\/zibacollection.versify.digital\/lv\/wp-json\/wp\/v2\/comments?post=7"}],"version-history":[{"count":1,"href":"https:\/\/zibacollection.versify.digital\/lv\/wp-json\/wp\/v2\/pages\/7\/revisions"}],"predecessor-version":[{"id":22668,"href":"https:\/\/zibacollection.versify.digital\/lv\/wp-json\/wp\/v2\/pages\/7\/revisions\/22668"}],"wp:attachment":[{"href":"https:\/\/zibacollection.versify.digital\/lv\/wp-json\/wp\/v2\/media?parent=7"}],"curies":[{"name":"wp","href":"https:\/\/api.w.org\/{rel}","templated":true}]}}