{"id":25507,"date":"2024-06-28T00:06:21","date_gmt":"2024-06-27T21:06:21","guid":{"rendered":"https:\/\/zibacollection.versify.digital\/product\/ab-1882-kietieji-kvepalai-joli-rien-sukurti-prancuzijoje\/"},"modified":"2024-06-28T00:17:38","modified_gmt":"2024-06-27T21:17:38","slug":"ab-1882-kietieji-kvepalai-joli-rien-sukurti-prancuzijoje","status":"publish","type":"product","link":"https:\/\/zibacollection.versify.digital\/lv\/product\/ab-1882-kietieji-kvepalai-joli-rien-sukurti-prancuzijoje\/","title":{"rendered":"AB 1882 CIET\u0100S SMAR\u017dAS NO JOLI RIEN, RAD\u012aTAS FRANCIJ\u0100"},"content":{"rendered":"<p>Joli Rien ir harmonisks un salds arom\u0101ts ar p\u016bdera nokr\u0101su, kas sniedz maigu, nomierino\u0161u un visaptvero\u0161u arom\u0101tu. T\u0101s atkar\u012bbu izraiso\u0161\u0101s notis, kas ir regres\u012bvas, ir velt\u012bjums vieglpr\u0101t\u012bbai un tik salds atg\u0101din\u0101jums, lai pie\u0146emtu dz\u012bvi, apsk\u0101vis to, cie\u0161i tur\u0113tu un sk\u016bpst\u012btu. \"Prusta Madel\u0113nas efekts visiem. Ko tas noz\u012bm\u0113? Madeleine de Proust ir izteiciens, ko lieto, lai aprakst\u012btu smar\u017eas, gar\u0161as, ska\u0146as vai jebk\u0101das saj\u016btas, kas mums atg\u0101dina b\u0113rn\u012bbu vai vienk\u0101r\u0161i atsauc atmi\u0146\u0101 emocion\u0101las atmi\u0146as no sen\u0101m dien\u0101m.<\/p>\n<p>\u00a0<\/p>\n<p>Joli Rien smar\u017eas 7g, korpuss ar met\u0101lisku un gai\u0161i kr\u0113mkr\u0101sas \u0101das apdari. Komplekt\u0101 ir jauns smar\u017eu ieliktnis. Tas ir greznums un ilgtsp\u0113ja vienlaikus.<\/p>\n<p>AB 1882 ciet\u0101s smar\u017eas atbilst 50 ml smar\u017eu flakona saturam, kas satur spirtu.<\/p>\n<p>Vid\u0113jais kalpo\u0161anas laiks ir 6-8 m\u0113ne\u0161i.<\/p>","protected":false},"excerpt":{"rendered":"<p>\u013boti maigas, komfortablas, p\u016bderainas notis ar sul\u012bgu bumbieru arom\u0101tu, svaigu ziedu bu\u0137eti ar neroli, svaigu rozi un vijol\u012bt\u0113m, kas savijas ar ave\u0146u un persiku not\u012bm, uz vani\u013cas, pa\u010d\u016blijas un ciedra notur\u012bgas b\u0101zes.<\/p>\n<p>\u00a0<\/p>\n<p>100% dab\u012bgs - bez alerg\u0113niem - bez alkohola. Piem\u0113rots jut\u012bgai \u0101dai.<\/p>","protected":false},"featured_media":25506,"comment_status":"open","ping_status":"closed","template":"","meta":[],"product_brand":[276],"product_cat":[271],"product_tag":[],"_links":{"self":[{"href":"https:\/\/zibacollection.versify.digital\/lv\/wp-json\/wp\/v2\/product\/25507"}],"collection":[{"href":"https:\/\/zibacollection.versify.digital\/lv\/wp-json\/wp\/v2\/product"}],"about":[{"href":"https:\/\/zibacollection.versify.digital\/lv\/wp-json\/wp\/v2\/types\/product"}],"replies":[{"embeddable":true,"href":"https:\/\/zibacollection.versify.digital\/lv\/wp-json\/wp\/v2\/comments?post=25507"}],"version-history":[{"count":1,"href":"https:\/\/zibacollection.versify.digital\/lv\/wp-json\/wp\/v2\/product\/25507\/revisions"}],"predecessor-version":[{"id":25604,"href":"https:\/\/zibacollection.versify.digital\/lv\/wp-json\/wp\/v2\/product\/25507\/revisions\/25604"}],"wp:featuredmedia":[{"embeddable":true,"href":"https:\/\/zibacollection.versify.digital\/lv\/wp-json\/wp\/v2\/media\/25506"}],"wp:attachment":[{"href":"https:\/\/zibacollection.versify.digital\/lv\/wp-json\/wp\/v2\/media?parent=25507"}],"wp:term":[{"taxonomy":"product_brand","embeddable":true,"href":"https:\/\/zibacollection.versify.digital\/lv\/wp-json\/wp\/v2\/product_brand?post=25507"},{"taxonomy":"product_cat","embeddable":true,"href":"https:\/\/zibacollection.versify.digital\/lv\/wp-json\/wp\/v2\/product_cat?post=25507"},{"taxonomy":"product_tag","embeddable":true,"href":"https:\/\/zibacollection.versify.digital\/lv\/wp-json\/wp\/v2\/product_tag?post=25507"}],"curies":[{"name":"wp","href":"https:\/\/api.w.org\/{rel}","templated":true}]}}