{"id":25509,"date":"2024-06-28T00:06:22","date_gmt":"2024-06-27T21:06:22","guid":{"rendered":"https:\/\/zibacollection.versify.digital\/product\/ab-1882-kietieji-kvepalai-narciris-sukurti-prancuzijoje\/"},"modified":"2024-06-28T00:17:38","modified_gmt":"2024-06-27T21:17:38","slug":"ab-1882-kietieji-kvepalai-narciris-sukurti-prancuzijoje","status":"publish","type":"product","link":"https:\/\/zibacollection.versify.digital\/lv\/product\/ab-1882-kietieji-kvepalai-narciris-sukurti-prancuzijoje\/","title":{"rendered":"AB 1882 NARCISSUS CIET\u0100S SMAR\u017dAS, RAD\u012aTAS FRANCIJ\u0100"},"content":{"rendered":"<p>Kietieji kvepalai Narciris suteikia did\u017eiul\u0119 vert\u0119 eleganti\u0161kiausiems puikaus aromato komponentams: Irisui, prabangus kvapas, kuris suteikia i\u0161skirtin\u012f pudros ir sausos natos poj\u016bt\u012f, su\u0161velnintos apelsin\u0173 \u017eied\u0173 ir \u017ealios vanil\u0117s, santalmed\u017eio \u0161ilumos, paslapting\u0173 miros nat\u0173, lengvo kvapo, bei \u0161afranas su zom\u0161in\u0117s \u0161viesios odos akcentais, tai elegancijos ir i\u0161skirtinumo \u0161leifas.<\/p>\n<p>\u00a0<\/p>\n<p>Narciris kvepalai 7g, d\u0117klas su metalo ir tamsiai rudos odos apdaila. Papildomas nauju \u012fd\u0117klu su kvepalais. Tai prabanga ir tvarumas kartu.<\/p>\n<p>AB 1882 ciet\u0101s smar\u017eas atbilst 50 ml smar\u017eu flakona saturam, kas satur spirtu.<\/p>\n<p>Vid\u0113jais kalpo\u0161anas laiks ir 6-8 m\u0113ne\u0161i.<\/p>","protected":false},"excerpt":{"rendered":"<p>\u012esiliejate \u012f Narciris taip, lyg b\u016btum\u0117te atsid\u016br\u0119 kelion\u0117s metu \u012f neplanuot\u0105 ir ne\u017einom\u0105 viet\u0105. Garantuotos ypatingos juslin\u0117s emocijos ir i\u0161gyvenimai. Su kvepalais Narciris m\u0117gausit\u0117s turtinga kvap\u0173 visata, turtinga ir nepadoria, bei \u012f\u017e\u016bliai ar\u0161iu karali\u0161kuoju ir \u0161ventuoju Irisu. K\u016bni\u0161kai \u0161iltas ir hipnotizuojantis kvapas neturintis precedento, eleganti\u0161kas ir ry\u017etingas unisex kelion\u0117s gidas. \u0160i\u0173 kvepal\u0173 aromatas sujungia IRISO, \u0160AFRANO, SANTALO, MIROS, VETIVERIJ\u0172, \u017dALIOSIOS VANIL\u0116S IR APELSIN\u0172 \u017dIED\u0172 kvap\u0173 palet\u0119.<\/p>\n<p>\u00a0<\/p>\n<p>Naudojimas<\/p>\n<p>Unisex, 96% nat\u016bral\u016bs, be alkoholio kompakti\u0161ki kvepalai, skirtas tepti tiesiai ant odos pir\u0161t\u0173 galiukais pulsuojan\u010diose vietose.<\/p>\n<p>\u00a0<\/p>\n<p>AB 1882 gaminami kietieji \u00a0be alkoholiniai ir pakartotinai u\u017epildomi nat\u016bral\u016bs kvepalai \u0161ven\u010dia kvepal\u0173 kitokio naudojimo men\u0105 s\u0105moningu ir eleganti\u0161ku aplinkosaugos po\u017ei\u016briu.<\/p>\n<p>\u00a0<\/p>","protected":false},"featured_media":25508,"comment_status":"open","ping_status":"closed","template":"","meta":[],"product_brand":[276],"product_cat":[271],"product_tag":[],"_links":{"self":[{"href":"https:\/\/zibacollection.versify.digital\/lv\/wp-json\/wp\/v2\/product\/25509"}],"collection":[{"href":"https:\/\/zibacollection.versify.digital\/lv\/wp-json\/wp\/v2\/product"}],"about":[{"href":"https:\/\/zibacollection.versify.digital\/lv\/wp-json\/wp\/v2\/types\/product"}],"replies":[{"embeddable":true,"href":"https:\/\/zibacollection.versify.digital\/lv\/wp-json\/wp\/v2\/comments?post=25509"}],"version-history":[{"count":1,"href":"https:\/\/zibacollection.versify.digital\/lv\/wp-json\/wp\/v2\/product\/25509\/revisions"}],"predecessor-version":[{"id":25603,"href":"https:\/\/zibacollection.versify.digital\/lv\/wp-json\/wp\/v2\/product\/25509\/revisions\/25603"}],"wp:featuredmedia":[{"embeddable":true,"href":"https:\/\/zibacollection.versify.digital\/lv\/wp-json\/wp\/v2\/media\/25508"}],"wp:attachment":[{"href":"https:\/\/zibacollection.versify.digital\/lv\/wp-json\/wp\/v2\/media?parent=25509"}],"wp:term":[{"taxonomy":"product_brand","embeddable":true,"href":"https:\/\/zibacollection.versify.digital\/lv\/wp-json\/wp\/v2\/product_brand?post=25509"},{"taxonomy":"product_cat","embeddable":true,"href":"https:\/\/zibacollection.versify.digital\/lv\/wp-json\/wp\/v2\/product_cat?post=25509"},{"taxonomy":"product_tag","embeddable":true,"href":"https:\/\/zibacollection.versify.digital\/lv\/wp-json\/wp\/v2\/product_tag?post=25509"}],"curies":[{"name":"wp","href":"https:\/\/api.w.org\/{rel}","templated":true}]}}