{"id":25512,"date":"2024-06-28T00:06:23","date_gmt":"2024-06-27T21:06:23","guid":{"rendered":"https:\/\/zibacollection.versify.digital\/product\/italiskas-namu-kvapas-dfg1924\/"},"modified":"2024-06-28T00:13:08","modified_gmt":"2024-06-27T21:13:08","slug":"italiskas-namu-kvapas-dfg1924","status":"publish","type":"product","link":"https:\/\/zibacollection.versify.digital\/lv\/product\/italiskas-namu-kvapas-dfg1924\/","title":{"rendered":"IT\u0100\u013bU M\u0100JAS SMAR\u017dAS DFG1924"},"content":{"rendered":"<p>\u0160iame nam\u0173 kvapo aromate i\u0161siskiria saldi ir \u017eavinga vanil\u0117s nata, ji ypatingai eleganti\u0161ka ir rafinuota, su sauso, aitriai tra\u0161kaus tabako lap\u0173 aromatu. Kambarys prisipildo rafinuotu, tir\u0161tai d\u016bminiu prabangos kvapu. Tiems kas dievina tabak\u0105 \u201eapipilt\u0105\u201d vanil\u0117s \u201eplutele\u201d.\u00a0<\/p>","protected":false},"excerpt":{"rendered":"<p>250ml.<\/p>\n<p>\u0160i kvap\u0173 istorija gim\u0117 1924 m., kai chemikas Giustino Dalla Favera netoli Treviso atv\u0117r\u0117 savo laboratorijos duris. \u0160is kvalifikuotas specialistas tur\u0117jo ypating\u0105 dovan\u0105 ruo\u0161ti \u012fvairius mi\u0161inius ir derinti j\u0173 sudedam\u0105sias dalis. Favera ne tik mai\u0161\u0117 medikament\u0173 mikst\u016bras, likerius ir eliksyrus, jis \u012fsteig\u0117 savo laboratorij\u0105 tam, kad gal\u0117t\u0173 kurti receptus gausybei kvepal\u0173 laikais, kai pana\u0161i\u0173 produkt\u0173 parduotuv\u0117se buvo reta.<\/p>\n<p>\u0160is palikimas atiteko Giustino an\u016bkui Fabijui, ties\u0105 sakant, pirmiausia \u2013 Fabio \u017emonai Patricijai, jautusiai begalin\u0119 aistr\u0105 kvapams.<\/p>\n<p>Patricija atk\u016br\u0117 ir atgaivino praeityje naudotas formules bei jas patobulino. \u012ekv\u0117pimo ji s\u0117m\u0117si i\u0161 istorij\u0173, parsive\u017et\u0173 i\u0161 ilg\u0173 kelioni\u0173 po pasaul\u012f, \u012fvairi\u0173 kult\u016br\u0173, meno aprai\u0161k\u0173 ir filosofijos traktat\u0173. \u0160ie kertiniai dalykai leido kiekvienam patirti t\u016bkstan\u010dius \u012fvairiausi\u0173 emocij\u0173 vienu metu.<\/p>\n<p>DFG1924 prek\u0117s \u017eenklas gr\u012f\u017eo \u012f rink\u0105 2014 metais su siekiu savo kuriamuose produktuose i\u0161saugoti tradicinius elementus. Eleganti\u0161kas logotipas \u2013 k\u016brybi\u0161ka originalo interpretacija, kurioje \u2013 prek\u0117s \u017eenklo pradininko Dalla Favera Giustino inicialai ir 1924-ieji \u2013 laboratorijos \u012fsteigimo metai.<\/p>\n<p>Parfumeriui Roberto Dario tuomet buvo patik\u0117ta sukurti kvap\u0173 piramid\u0119, \u012f j\u0105 \u012fkomponuojant ir atkurtas natas ir stulbinan\u010dius derinius. Jo k\u016briniai \u0161iandien \u017eadina unikalias emocijas ir \u012ftinka tiems, kurie ie\u0161ko vienetinio, i\u0161skirtinai asmeninio \u017eavesio formul\u0117s.<\/p>\n<p>Ypatingas parfumerio k\u016brybos rezultatas puikiausiai atsiskleid\u017eia produktuose, kurie tapo i\u0161skirtininai ne tik d\u0117l naudojam\u0173 \u017ealiav\u0173 kokyb\u0117s, bet ir d\u0117l eleganti\u0161kos kvap\u0173 palet\u0117s.<\/p>","protected":false},"featured_media":25511,"comment_status":"open","ping_status":"closed","template":"","meta":[],"product_brand":[],"product_cat":[272],"product_tag":[],"_links":{"self":[{"href":"https:\/\/zibacollection.versify.digital\/lv\/wp-json\/wp\/v2\/product\/25512"}],"collection":[{"href":"https:\/\/zibacollection.versify.digital\/lv\/wp-json\/wp\/v2\/product"}],"about":[{"href":"https:\/\/zibacollection.versify.digital\/lv\/wp-json\/wp\/v2\/types\/product"}],"replies":[{"embeddable":true,"href":"https:\/\/zibacollection.versify.digital\/lv\/wp-json\/wp\/v2\/comments?post=25512"}],"version-history":[{"count":0,"href":"https:\/\/zibacollection.versify.digital\/lv\/wp-json\/wp\/v2\/product\/25512\/revisions"}],"wp:featuredmedia":[{"embeddable":true,"href":"https:\/\/zibacollection.versify.digital\/lv\/wp-json\/wp\/v2\/media\/25511"}],"wp:attachment":[{"href":"https:\/\/zibacollection.versify.digital\/lv\/wp-json\/wp\/v2\/media?parent=25512"}],"wp:term":[{"taxonomy":"product_brand","embeddable":true,"href":"https:\/\/zibacollection.versify.digital\/lv\/wp-json\/wp\/v2\/product_brand?post=25512"},{"taxonomy":"product_cat","embeddable":true,"href":"https:\/\/zibacollection.versify.digital\/lv\/wp-json\/wp\/v2\/product_cat?post=25512"},{"taxonomy":"product_tag","embeddable":true,"href":"https:\/\/zibacollection.versify.digital\/lv\/wp-json\/wp\/v2\/product_tag?post=25512"}],"curies":[{"name":"wp","href":"https:\/\/api.w.org\/{rel}","templated":true}]}}