{"id":25514,"date":"2024-06-28T00:06:25","date_gmt":"2024-06-27T21:06:25","guid":{"rendered":"https:\/\/zibacollection.versify.digital\/product\/christele-jacquemin-kvepalu-meginuku-komplektas\/"},"modified":"2024-06-28T00:11:32","modified_gmt":"2024-06-27T21:11:32","slug":"christele-jacquemin-kvepalu-meginuku-komplektas","status":"publish","type":"product","link":"https:\/\/zibacollection.versify.digital\/lv\/product\/christele-jacquemin-kvepalu-meginuku-komplektas\/","title":{"rendered":"CHRIST\u00c8LE JACQUEMIN SMAR\u017dU PARAUGU KOMPLEKTS"},"content":{"rendered":"<p>\u0160\u012f rinkin\u012f sudaro septyni pranc\u016bz\u0117s Christ\u00e8le Jacquemin sukurti kvepal\u0173 m\u0117ginukai:<\/p>\n<p>2ml. \u201eEchoes of Silence\u201d<\/p>\n<p>2ml. \u201eEnlightenment\u201d<\/p>\n<p>2ml. \u201eImpermanence\u201d<\/p>\n<p>2ml. \u201eMeandering Soul\u201d<\/p>\n<p>2ml. \u201eMemory Lane\u201d<\/p>\n<p>2ml. \u201eSlow Life\u201d<\/p>\n<p>2ml.\u201dUnderworld\u201d<\/p>\n<p>Visi \u0161ie kvepalai sudaryti i\u0161 daugiau nei 90% nat\u016brali\u0173(raw) ingredient\u0173.<\/p>","protected":false},"excerpt":{"rendered":"<p>\u0160\u012f rinkin\u012f sudaro septyni pranc\u016bz\u0117s Christ\u00e8le Jacquemin sukurti kvepal\u0173 m\u0117ginukai:<\/p>\n<p>2ml. \u201eEchoes of Silence\u201c<\/p>\n<p>2ml. \u201eEnlightenment\u201c<\/p>\n<p>2ml. \u201eImpermanence\u201c<\/p>\n<p>2ml. \u201eMeandering Soul\u201c<\/p>\n<p>2ml. \u201eMemory Lane\u201c<\/p>\n<p>2ml. \u201eSlow Life\u201c<\/p>\n<p>2ml.\u201cUnderworld\u201c<\/p>\n<p>Visi \u0161ie kvepalai sudaryti i\u0161 daugiau nei 90% nat\u016brali\u0173(raw) ingredient\u0173.<\/p>","protected":false},"featured_media":25513,"comment_status":"open","ping_status":"closed","template":"","meta":[],"product_brand":[],"product_cat":[271],"product_tag":[],"_links":{"self":[{"href":"https:\/\/zibacollection.versify.digital\/lv\/wp-json\/wp\/v2\/product\/25514"}],"collection":[{"href":"https:\/\/zibacollection.versify.digital\/lv\/wp-json\/wp\/v2\/product"}],"about":[{"href":"https:\/\/zibacollection.versify.digital\/lv\/wp-json\/wp\/v2\/types\/product"}],"replies":[{"embeddable":true,"href":"https:\/\/zibacollection.versify.digital\/lv\/wp-json\/wp\/v2\/comments?post=25514"}],"version-history":[{"count":0,"href":"https:\/\/zibacollection.versify.digital\/lv\/wp-json\/wp\/v2\/product\/25514\/revisions"}],"wp:featuredmedia":[{"embeddable":true,"href":"https:\/\/zibacollection.versify.digital\/lv\/wp-json\/wp\/v2\/media\/25513"}],"wp:attachment":[{"href":"https:\/\/zibacollection.versify.digital\/lv\/wp-json\/wp\/v2\/media?parent=25514"}],"wp:term":[{"taxonomy":"product_brand","embeddable":true,"href":"https:\/\/zibacollection.versify.digital\/lv\/wp-json\/wp\/v2\/product_brand?post=25514"},{"taxonomy":"product_cat","embeddable":true,"href":"https:\/\/zibacollection.versify.digital\/lv\/wp-json\/wp\/v2\/product_cat?post=25514"},{"taxonomy":"product_tag","embeddable":true,"href":"https:\/\/zibacollection.versify.digital\/lv\/wp-json\/wp\/v2\/product_tag?post=25514"}],"curies":[{"name":"wp","href":"https:\/\/api.w.org\/{rel}","templated":true}]}}