{"id":25516,"date":"2024-06-28T00:06:25","date_gmt":"2024-06-27T21:06:25","guid":{"rendered":"https:\/\/zibacollection.versify.digital\/product\/echoes-of-silence-eau-de-parfum-unisex\/"},"modified":"2024-06-28T00:13:08","modified_gmt":"2024-06-27T21:13:08","slug":"echoes-of-silence-eau-de-parfum-unisex","status":"publish","type":"product","link":"https:\/\/zibacollection.versify.digital\/lv\/product\/echoes-of-silence-eau-de-parfum-unisex\/","title":{"rendered":"ECHOES OF SILENCE PARFIM\u0112RIJAS \u016aDENS UNISEX"},"content":{"rendered":"<p>Galven\u0101s piez\u012bmes:<\/p>\n<p>Arti\u0161okas<\/p>\n<p>Piln\u012bgi noteikti:<\/p>\n<p>Mastika<br \/>\nTonkos pupel\u0117s<\/p>\n<p>\u0112terisk\u0101s e\u013c\u013cas:<\/p>\n<p>Cinamono med\u017eio lapai<br \/>\n\u0160vent\u0173j\u0173 lazdeli\u0173 vaisiai<br \/>\nCitrina<br \/>\nCitrinmed\u017eio lapai<br \/>\nJaponinis laurenis<br \/>\nRose<br \/>\nRododendr\u0173 lapai<br \/>\nRaudonmed\u017eio lapai<br \/>\n\u0160altm\u0117t\u0117<br \/>\nCiber\u017eol\u0117<\/p>\n<p>Kvapas \u201eEchoes of Silence\u201c sudarytas i\u0161 daugiau nei 90% nat\u016brali\u0173(raw) ingredient\u0173<\/p>","protected":false},"excerpt":{"rendered":"<p>Par iedvesmu<\/p>\n<p>Aromatas \u201eECHOES OF SILENCE\u201c \u012fkv\u0117ptas fotografij\u0173, daryt\u0173 Art Nouveau stiliaus pastatuose Mursijos regione Ispanijoje, kur k\u016br\u0117ja Christ\u00e8le Jacquemin gyveno septyniolika met\u0173. Nor\u0117dama patenkinti nor\u0105 keliauti ir palikti taip gerai\u00a0 pa\u017e\u012fstam\u0105 aplink\u0105 toliau nuo sav\u0119s, autor\u0117 pasijuto jau gerai pa\u017e\u012fstamose l\u0117tos dekonstrukcijos gniau\u017etuose i\u0161 kuri\u0173 i\u0161silaisvino tik ilgo asmeninio tobul\u0117jimo proceso d\u0117ka.<\/p>\n<p>Gr\u012f\u017eusi \u012f Pranc\u016bzij\u0105, kvapu pavert\u0117 per\u0117jim\u0105 nuo prieglobs\u010dio praeityje prie gyvenimo \u017eydin\u010dia dabartimi.<\/p>\n<p>\u0160is kvapas kvie\u010dia nutraukti tyl\u0105 ir \u012fne\u0161ti \u012f dabartin\u012f laik\u0105 nauj\u0105 pavasar\u012f.<\/p>","protected":false},"featured_media":25515,"comment_status":"open","ping_status":"closed","template":"","meta":[],"product_brand":[],"product_cat":[271],"product_tag":[],"_links":{"self":[{"href":"https:\/\/zibacollection.versify.digital\/lv\/wp-json\/wp\/v2\/product\/25516"}],"collection":[{"href":"https:\/\/zibacollection.versify.digital\/lv\/wp-json\/wp\/v2\/product"}],"about":[{"href":"https:\/\/zibacollection.versify.digital\/lv\/wp-json\/wp\/v2\/types\/product"}],"replies":[{"embeddable":true,"href":"https:\/\/zibacollection.versify.digital\/lv\/wp-json\/wp\/v2\/comments?post=25516"}],"version-history":[{"count":0,"href":"https:\/\/zibacollection.versify.digital\/lv\/wp-json\/wp\/v2\/product\/25516\/revisions"}],"wp:featuredmedia":[{"embeddable":true,"href":"https:\/\/zibacollection.versify.digital\/lv\/wp-json\/wp\/v2\/media\/25515"}],"wp:attachment":[{"href":"https:\/\/zibacollection.versify.digital\/lv\/wp-json\/wp\/v2\/media?parent=25516"}],"wp:term":[{"taxonomy":"product_brand","embeddable":true,"href":"https:\/\/zibacollection.versify.digital\/lv\/wp-json\/wp\/v2\/product_brand?post=25516"},{"taxonomy":"product_cat","embeddable":true,"href":"https:\/\/zibacollection.versify.digital\/lv\/wp-json\/wp\/v2\/product_cat?post=25516"},{"taxonomy":"product_tag","embeddable":true,"href":"https:\/\/zibacollection.versify.digital\/lv\/wp-json\/wp\/v2\/product_tag?post=25516"}],"curies":[{"name":"wp","href":"https:\/\/api.w.org\/{rel}","templated":true}]}}