{"id":25518,"date":"2024-06-28T00:06:26","date_gmt":"2024-06-27T21:06:26","guid":{"rendered":"https:\/\/zibacollection.versify.digital\/product\/enlightenment-eau-de-parfum-unisex\/"},"modified":"2024-06-28T00:13:07","modified_gmt":"2024-06-27T21:13:07","slug":"enlightenment-eau-de-parfum-unisex","status":"publish","type":"product","link":"https:\/\/zibacollection.versify.digital\/lv\/product\/enlightenment-eau-de-parfum-unisex\/","title":{"rendered":"ENLIGHTENMENT PARFIM\u0112RIJAS \u016aDENS UNISEX"},"content":{"rendered":"<p>Galven\u0101s piez\u012bmes:<\/p>\n<p>\u0112terisk\u0101s e\u013c\u013cas:<\/p>\n<p>Balt\u0101 salvija<br \/>\nLajas lapas<br \/>\nJ\u016bras fenhelis<br \/>\nSmar\u017e\u012bgie kan\u0101rijputni\u0146i (elemi)<br \/>\nSi\u010dua\u0146as pipari<br \/>\nLapegles muguri\u0146as<br \/>\nMeln\u0101s egles muguri\u0146as<br \/>\nStirak<\/p>\n<p>Sviests:<\/p>\n<p>Orrisa sakne (Iris)<\/p>\n<p>Arom\u0101ts sast\u0101v no vair\u0101k nek\u0101 90% dabiskas izcelsmes sast\u0101vda\u013c\u0101m.<\/p>\n<p>\u00a0<\/p>","protected":false},"excerpt":{"rendered":"<p>Par iedvesmu<\/p>\n<p>Izst\u0101des \"Apgaismojums\" iedvesmas avots ir fotogr\u0101fijas, ko Kristele uz\u0146\u0113ma La Foux d'Allos, sl\u0113po\u0161anas k\u016brort\u0101 Francijas Alpos. Uzaicin\u0101ta prezent\u0113t savu kop\u012bgo fotograf\u0113\u0161anas un parfim\u0113rijas praksi, autore nol\u0113ma pagarin\u0101t savu uztur\u0113\u0161anos balto, nevainojamo kalnu sird\u012b, lai smeltos t\u0101s sp\u0113ku un turpin\u0101tu savu ce\u013cojumu pa l\u012bkumoto ce\u013cu uz atmodu.<\/p>\n<p>P\u0113c p\u0101ris ned\u0113\u013cu ilgas uztur\u0113\u0161an\u0101s autorei ir radusies smar\u017ea, kas veicina vajadz\u012bbu koncentr\u0113ties, lai viegl\u0101k izv\u0113l\u0113tos sev pareizo ce\u013cu.<\/p>\n<p>\u0160is arom\u0101ts aicina j\u016bs uz tuksne\u0161a bezdibe\u0146iem un mudina l\u0113n\u0101m pamosties m\u012blest\u012bbas reibum\u0101.<\/p>","protected":false},"featured_media":25517,"comment_status":"open","ping_status":"closed","template":"","meta":[],"product_brand":[],"product_cat":[271],"product_tag":[],"_links":{"self":[{"href":"https:\/\/zibacollection.versify.digital\/lv\/wp-json\/wp\/v2\/product\/25518"}],"collection":[{"href":"https:\/\/zibacollection.versify.digital\/lv\/wp-json\/wp\/v2\/product"}],"about":[{"href":"https:\/\/zibacollection.versify.digital\/lv\/wp-json\/wp\/v2\/types\/product"}],"replies":[{"embeddable":true,"href":"https:\/\/zibacollection.versify.digital\/lv\/wp-json\/wp\/v2\/comments?post=25518"}],"version-history":[{"count":0,"href":"https:\/\/zibacollection.versify.digital\/lv\/wp-json\/wp\/v2\/product\/25518\/revisions"}],"wp:featuredmedia":[{"embeddable":true,"href":"https:\/\/zibacollection.versify.digital\/lv\/wp-json\/wp\/v2\/media\/25517"}],"wp:attachment":[{"href":"https:\/\/zibacollection.versify.digital\/lv\/wp-json\/wp\/v2\/media?parent=25518"}],"wp:term":[{"taxonomy":"product_brand","embeddable":true,"href":"https:\/\/zibacollection.versify.digital\/lv\/wp-json\/wp\/v2\/product_brand?post=25518"},{"taxonomy":"product_cat","embeddable":true,"href":"https:\/\/zibacollection.versify.digital\/lv\/wp-json\/wp\/v2\/product_cat?post=25518"},{"taxonomy":"product_tag","embeddable":true,"href":"https:\/\/zibacollection.versify.digital\/lv\/wp-json\/wp\/v2\/product_tag?post=25518"}],"curies":[{"name":"wp","href":"https:\/\/api.w.org\/{rel}","templated":true}]}}