{"id":25520,"date":"2024-06-28T00:06:27","date_gmt":"2024-06-27T21:06:27","guid":{"rendered":"https:\/\/zibacollection.versify.digital\/product\/impermanence-eau-de-parfum-unisex\/"},"modified":"2024-06-28T00:13:07","modified_gmt":"2024-06-27T21:13:07","slug":"impermanence-eau-de-parfum-unisex","status":"publish","type":"product","link":"https:\/\/zibacollection.versify.digital\/lv\/product\/impermanence-eau-de-parfum-unisex\/","title":{"rendered":"IMPERMANENCE EAU DE PARFUM UNISEX"},"content":{"rendered":"<p>Galven\u0101s piez\u012bmes:<\/p>\n<p>\u0112terisk\u0101s e\u013c\u013cas:<\/p>\n<p>Bergamotes<br \/>\nZilais ingvers<br \/>\nHinoki lapas<br \/>\nPalmarosa<br \/>\nRose<br \/>\nRosemary<br \/>\nVetiv\u0113rija<\/p>\n<p>Piln\u012bgi noteikti:<\/p>\n<p>Yerba mate<\/p>\n<p>\"IMPERMANENCE Eau de Parfum\" ir izgatavots no vair\u0101k nek\u0101 90% dabiskas izcelsmes sast\u0101vda\u013c\u0101m.<\/p>","protected":false},"excerpt":{"rendered":"<p>Par iedvesmu<\/p>\n<p>Kristelas darbu \"IMPERMANENCE\" iedvesmoju\u0161as fotogr\u0101fijas, kas uz\u0146emtas \u0136\u012bn\u0101, Jin Ze ciemat\u0101 \u0160anhajas nomal\u0113, kur vi\u0146a m\u0113nesi dz\u012bvoja m\u0101kslinieces rezidences laik\u0101. Tas bija t\u012bras laimes un labest\u012bbas pilns m\u0113nesis, agri no r\u012bta kl\u012bstot gar kan\u0101liem, kas \u0161\u0137\u0113rso ciematu, kur\u0161 joproj\u0101m ir br\u012bvs no t\u016brisma.<\/p>\n<p>P\u0113c atgrie\u0161an\u0101s no \u0136\u012bnas autore p\u0101rv\u0113rtusi harmonijas un miera saj\u016btas, ko vi\u0146a izjuta uztur\u0113\u0161an\u0101s laik\u0101, par smar\u017eu pudel\u012bt\u0113.<\/p>\n<p>Arom\u0101ts aicina j\u016bs apvienoties ar dabu, izbaud\u012bt p\u0101rmai\u0146as un harmonij\u0101 atg\u016bt ener\u0123iju.<\/p>","protected":false},"featured_media":25519,"comment_status":"open","ping_status":"closed","template":"","meta":[],"product_brand":[],"product_cat":[271],"product_tag":[],"_links":{"self":[{"href":"https:\/\/zibacollection.versify.digital\/lv\/wp-json\/wp\/v2\/product\/25520"}],"collection":[{"href":"https:\/\/zibacollection.versify.digital\/lv\/wp-json\/wp\/v2\/product"}],"about":[{"href":"https:\/\/zibacollection.versify.digital\/lv\/wp-json\/wp\/v2\/types\/product"}],"replies":[{"embeddable":true,"href":"https:\/\/zibacollection.versify.digital\/lv\/wp-json\/wp\/v2\/comments?post=25520"}],"version-history":[{"count":0,"href":"https:\/\/zibacollection.versify.digital\/lv\/wp-json\/wp\/v2\/product\/25520\/revisions"}],"wp:featuredmedia":[{"embeddable":true,"href":"https:\/\/zibacollection.versify.digital\/lv\/wp-json\/wp\/v2\/media\/25519"}],"wp:attachment":[{"href":"https:\/\/zibacollection.versify.digital\/lv\/wp-json\/wp\/v2\/media?parent=25520"}],"wp:term":[{"taxonomy":"product_brand","embeddable":true,"href":"https:\/\/zibacollection.versify.digital\/lv\/wp-json\/wp\/v2\/product_brand?post=25520"},{"taxonomy":"product_cat","embeddable":true,"href":"https:\/\/zibacollection.versify.digital\/lv\/wp-json\/wp\/v2\/product_cat?post=25520"},{"taxonomy":"product_tag","embeddable":true,"href":"https:\/\/zibacollection.versify.digital\/lv\/wp-json\/wp\/v2\/product_tag?post=25520"}],"curies":[{"name":"wp","href":"https:\/\/api.w.org\/{rel}","templated":true}]}}