{"id":25526,"date":"2024-06-28T00:06:29","date_gmt":"2024-06-27T21:06:29","guid":{"rendered":"https:\/\/zibacollection.versify.digital\/product\/slow-life-eau-de-parfum-unisex\/"},"modified":"2024-06-28T00:13:06","modified_gmt":"2024-06-27T21:13:06","slug":"slow-life-eau-de-parfum-unisex","status":"publish","type":"product","link":"https:\/\/zibacollection.versify.digital\/lv\/product\/slow-life-eau-de-parfum-unisex\/","title":{"rendered":"SLOW LIFE Eau de Parfum unisex"},"content":{"rendered":"<p>Galven\u0101s piez\u012bmes:<\/p>\n<p>Piln\u012bgi noteikti:<\/p>\n<p>Sezamas<br \/>\nSambac jazminas<\/p>\n<p>\u0112terisk\u0101s e\u013c\u013cas:<\/p>\n<p>Gvajavos lapai<br \/>\nSpikenardas<br \/>\nBaltas sandalmedis<\/p>\n<p>\u201eSlow Life\u201c Eau de parfum sudarytas i\u0161 daugiau nei 90% nat\u016brali\u0173 ingredient\u0173.<\/p>","protected":false},"excerpt":{"rendered":"<p>Par iedvesmu<\/p>\n<p>Kvapas \u201eSLOW LIFE\u201c \u012fkv\u0117ptas nuotrauk\u0173, kurias autor\u0117 u\u017efiksavo Okubo \u2013 izoliuotame kaime, Japonijos Alp\u0117se. Ji m\u0117nes\u012f buvo apsistojusi tradiciniame name, kuris buvo paverstas \u012f meninink\u0173 rezidencij\u0105. Po kelis m\u0117nesius trukusio siautulio, per nakt\u012f katapultavo l\u0117tumas, d\u0117l kurio praradau \u017eem\u0119 po kojomis.<\/p>\n<p>Gr\u012f\u017eus \u012f Pranc\u016bzij\u0105, k\u016br\u0117ja kvapu perteik\u0117 guoli\u0173 praradim\u0105 \u017ealioje aplinkoje, i\u0161 kurios ji i\u0161moko kalb\u0105.<\/p>\n<p>\u0160is kvapas kvie\u010dia pab\u0117gti nuo skub\u0117jimo ir \u012fsijausti \u012f supan\u010dia aplink\u0105.<\/p>","protected":false},"featured_media":25525,"comment_status":"open","ping_status":"closed","template":"","meta":[],"product_brand":[],"product_cat":[271],"product_tag":[],"_links":{"self":[{"href":"https:\/\/zibacollection.versify.digital\/lv\/wp-json\/wp\/v2\/product\/25526"}],"collection":[{"href":"https:\/\/zibacollection.versify.digital\/lv\/wp-json\/wp\/v2\/product"}],"about":[{"href":"https:\/\/zibacollection.versify.digital\/lv\/wp-json\/wp\/v2\/types\/product"}],"replies":[{"embeddable":true,"href":"https:\/\/zibacollection.versify.digital\/lv\/wp-json\/wp\/v2\/comments?post=25526"}],"version-history":[{"count":0,"href":"https:\/\/zibacollection.versify.digital\/lv\/wp-json\/wp\/v2\/product\/25526\/revisions"}],"wp:featuredmedia":[{"embeddable":true,"href":"https:\/\/zibacollection.versify.digital\/lv\/wp-json\/wp\/v2\/media\/25525"}],"wp:attachment":[{"href":"https:\/\/zibacollection.versify.digital\/lv\/wp-json\/wp\/v2\/media?parent=25526"}],"wp:term":[{"taxonomy":"product_brand","embeddable":true,"href":"https:\/\/zibacollection.versify.digital\/lv\/wp-json\/wp\/v2\/product_brand?post=25526"},{"taxonomy":"product_cat","embeddable":true,"href":"https:\/\/zibacollection.versify.digital\/lv\/wp-json\/wp\/v2\/product_cat?post=25526"},{"taxonomy":"product_tag","embeddable":true,"href":"https:\/\/zibacollection.versify.digital\/lv\/wp-json\/wp\/v2\/product_tag?post=25526"}],"curies":[{"name":"wp","href":"https:\/\/api.w.org\/{rel}","templated":true}]}}