{"id":25528,"date":"2024-06-28T00:06:30","date_gmt":"2024-06-27T21:06:30","guid":{"rendered":"https:\/\/zibacollection.versify.digital\/product\/underworld-eau-de-parfum-unisex\/"},"modified":"2024-06-28T00:13:06","modified_gmt":"2024-06-27T21:13:06","slug":"underworld-eau-de-parfum-unisex","status":"publish","type":"product","link":"https:\/\/zibacollection.versify.digital\/lv\/product\/underworld-eau-de-parfum-unisex\/","title":{"rendered":"UNDERWORLD PARFIM\u0112RIJAS \u016aDENS UNISEX"},"content":{"rendered":"<p>30ml.50ml.<\/p>","protected":false},"excerpt":{"rendered":"<p>UNDERWORLD ir iedvesmoju\u0161as fotogr\u0101fijas, ko slaven\u0101 fran\u010du fotogr\u0101fe Kristela uz\u0146\u0113ma, bie\u017ei ce\u013cojot starp Barselonu, kur vi\u0146a dz\u012bvoja da\u017eus m\u0113ne\u0161us, un Par\u012bzi, kur stud\u0113ja parfim\u0113riju. Mursij\u0101, Sp\u0101nijas dienvidos, \u0161\u012b uztur\u0113\u0161an\u0101s tuvoj\u0101s nosl\u0113gumam, un s\u0101k\u0101s jauns dz\u012bves posms starp \u0113n\u0101m un gaism\u0101m. T\u0101p\u0113c vi\u0146\u0161 m\u0113\u0123in\u0101ja \u0161o saj\u016btu, kur\u0101 saviju\u0161\u0101s bailes un cer\u012bbas, p\u0101rv\u0113rst par smar\u017eu pudel\u012bti UNDERWORLD form\u0101.<\/p>\n<p>Arom\u0101ts aicina j\u016bs \u013cauties, iziet no alas un iziet gaism\u0101.<\/p>\n<p>MEMORY LANE parfim\u0113rijas \u016bdens ir izgatavots no vair\u0101k nek\u0101 90% dabiskas izcelsmes sast\u0101vda\u013c\u0101m.<\/p>\n<p>Notis: melnie pipari, kardamons, burk\u0101nu s\u0113klas, \u0137imenes, pa\u010d\u016blija, vetivers, mimoza, tuberose, v\u012braks.<\/p>","protected":false},"featured_media":25527,"comment_status":"open","ping_status":"closed","template":"","meta":[],"product_brand":[],"product_cat":[271],"product_tag":[],"_links":{"self":[{"href":"https:\/\/zibacollection.versify.digital\/lv\/wp-json\/wp\/v2\/product\/25528"}],"collection":[{"href":"https:\/\/zibacollection.versify.digital\/lv\/wp-json\/wp\/v2\/product"}],"about":[{"href":"https:\/\/zibacollection.versify.digital\/lv\/wp-json\/wp\/v2\/types\/product"}],"replies":[{"embeddable":true,"href":"https:\/\/zibacollection.versify.digital\/lv\/wp-json\/wp\/v2\/comments?post=25528"}],"version-history":[{"count":0,"href":"https:\/\/zibacollection.versify.digital\/lv\/wp-json\/wp\/v2\/product\/25528\/revisions"}],"wp:featuredmedia":[{"embeddable":true,"href":"https:\/\/zibacollection.versify.digital\/lv\/wp-json\/wp\/v2\/media\/25527"}],"wp:attachment":[{"href":"https:\/\/zibacollection.versify.digital\/lv\/wp-json\/wp\/v2\/media?parent=25528"}],"wp:term":[{"taxonomy":"product_brand","embeddable":true,"href":"https:\/\/zibacollection.versify.digital\/lv\/wp-json\/wp\/v2\/product_brand?post=25528"},{"taxonomy":"product_cat","embeddable":true,"href":"https:\/\/zibacollection.versify.digital\/lv\/wp-json\/wp\/v2\/product_cat?post=25528"},{"taxonomy":"product_tag","embeddable":true,"href":"https:\/\/zibacollection.versify.digital\/lv\/wp-json\/wp\/v2\/product_tag?post=25528"}],"curies":[{"name":"wp","href":"https:\/\/api.w.org\/{rel}","templated":true}]}}