{"id":25530,"date":"2024-06-28T00:06:31","date_gmt":"2024-06-27T21:06:31","guid":{"rendered":"https:\/\/zibacollection.versify.digital\/product\/pikta-zole-namu-kvapas\/"},"modified":"2024-06-28T00:13:06","modified_gmt":"2024-06-27T21:13:06","slug":"pikta-zole-namu-kvapas","status":"publish","type":"product","link":"https:\/\/zibacollection.versify.digital\/lv\/product\/pikta-zole-namu-kvapas\/","title":{"rendered":"DUSM\u012aGA Z\u0100LES SMAR\u017dA"},"content":{"rendered":"<p>200ml.<\/p>\n<p>\u00a0<\/p>\n<p>Natos: \u0161vie\u017eia m\u0117ta, \u017ealioji arbata, gvazdik\u0117lis, imbieras, \u0161altm\u0117t\u0117, citrina, jazminas.<\/p>\n<p>\u00a0<\/p>","protected":false},"excerpt":{"rendered":"<p>200ml. \u00a0 Natos: \u0161vie\u017eia m\u0117ta, \u017ealioji arbata, gvazdik\u0117lis, imbieras, \u0161altm\u0117t\u0117, citrina, jazminas. \u00a0<\/p>","protected":false},"featured_media":25529,"comment_status":"open","ping_status":"closed","template":"","meta":[],"product_brand":[],"product_cat":[272],"product_tag":[],"_links":{"self":[{"href":"https:\/\/zibacollection.versify.digital\/lv\/wp-json\/wp\/v2\/product\/25530"}],"collection":[{"href":"https:\/\/zibacollection.versify.digital\/lv\/wp-json\/wp\/v2\/product"}],"about":[{"href":"https:\/\/zibacollection.versify.digital\/lv\/wp-json\/wp\/v2\/types\/product"}],"replies":[{"embeddable":true,"href":"https:\/\/zibacollection.versify.digital\/lv\/wp-json\/wp\/v2\/comments?post=25530"}],"version-history":[{"count":0,"href":"https:\/\/zibacollection.versify.digital\/lv\/wp-json\/wp\/v2\/product\/25530\/revisions"}],"wp:featuredmedia":[{"embeddable":true,"href":"https:\/\/zibacollection.versify.digital\/lv\/wp-json\/wp\/v2\/media\/25529"}],"wp:attachment":[{"href":"https:\/\/zibacollection.versify.digital\/lv\/wp-json\/wp\/v2\/media?parent=25530"}],"wp:term":[{"taxonomy":"product_brand","embeddable":true,"href":"https:\/\/zibacollection.versify.digital\/lv\/wp-json\/wp\/v2\/product_brand?post=25530"},{"taxonomy":"product_cat","embeddable":true,"href":"https:\/\/zibacollection.versify.digital\/lv\/wp-json\/wp\/v2\/product_cat?post=25530"},{"taxonomy":"product_tag","embeddable":true,"href":"https:\/\/zibacollection.versify.digital\/lv\/wp-json\/wp\/v2\/product_tag?post=25530"}],"curies":[{"name":"wp","href":"https:\/\/api.w.org\/{rel}","templated":true}]}}