{"id":25532,"date":"2024-06-28T00:06:32","date_gmt":"2024-06-27T21:06:32","guid":{"rendered":"https:\/\/zibacollection.versify.digital\/product\/apelsinine-kalendra-namu-kvapas\/"},"modified":"2024-06-28T00:13:05","modified_gmt":"2024-06-27T21:13:05","slug":"apelsinine-kalendra-namu-kvapas","status":"publish","type":"product","link":"https:\/\/zibacollection.versify.digital\/lv\/product\/apelsinine-kalendra-namu-kvapas\/","title":{"rendered":"APELS\u012aNU KORIANDRA M\u0100JAS SMAR\u017dAS"},"content":{"rendered":"<p>200ml.<\/p>\n<p>Svaigusis prinokusi\u0173 apelsin\u0173 ir kalendr\u0173 kvapas.<\/p>\n<p>Vir\u0161utin\u0117s natos: citrina, \u017ealiasis apelsinas, kalendra.<\/p>\n<p>Vidurin\u0117s natos: imbieras, citrin\u017eol\u0117, verbena, ciber\u017eol\u0117.<\/p>\n<p>Pagrindin\u0117s natos: Vidur\u017eemio j\u016bros \u017eolel\u0117s.<\/p>\n<p>Saul\u0117 stebina, kai nusida\u017eo ry\u0161kia oran\u017eine spalva. Deganti saul\u0117. \u017di\u016brint \u012f j\u0105 jauti, kaip u\u017epildo visa k\u016bn\u0105 energija. \u0160viesos energija. Ji \u017eaismingai tryk\u0161ta \u012f visas puses ir teka tarsi gaivi apelsin\u0173 sul\u010di\u0173 up\u0117. Citrusini\u0173 vaisi\u0173 sodrus aromatas priver\u010dia pakelti akis ir nusi\u0161ypsoti vis\u0173 pirma sau. Jauti kaip u\u017epl\u016bsta d\u017eiaugsmo banga \u2013 nusi\u0161ypsai \u0161alia Tav\u0119s esan\u010diam. Nesvarbu kam \u2013 \u017emogui, augintiniui, g\u0117lei ar tave supan\u010diai erdvei. Nesustabdoma \u0161ypsen\u0173 gausa ple\u010diasi, pakol ji ir visada \u0161alia buvusi kalendros aromatu i\u0161kvepinta paslaptis kartu \u012fsilieja \u012f oran\u017ein\u0119 gaiv\u0105. Kalendra citrus\u0173 \u012fsivaizduojamam r\u016bg\u0161tumui suteikia subtilaus, prabangaus saldumo. Saldumas pakvie\u010dia trumpam atsigulti \u0161alia apelsin\u0173 up\u0117s \u012f \u0161iek tiek vaisiais, a\u0161triu bei \u0161vie\u017eios \u017eol\u0117s aromatu kvepian\u010di\u0105 \u017eali\u0105 piev\u0105. Atsiguli taip arti up\u0117s, nes labai gera, kai energijos purslai Tave apta\u0161ko. Nuovargis i\u0161garuoja ir pranyksta oran\u017ein\u0117je \u0161viesoje ir sald\u017eioje \u0161ypsenoje. \u0160irdis maloniai pl\u016bduriuoja meil\u0117je. Meil\u0117 nemirtinga.<\/p>","protected":false},"excerpt":{"rendered":"<p>200ml. Svaigusis prinokusi\u0173 apelsin\u0173 ir kalendr\u0173 kvapas. Vir\u0161utin\u0117s natos: citrina, \u017ealiasis apelsinas, kalendra. Vidurin\u0117s natos: imbieras, citrin\u017eol\u0117, verbena, ciber\u017eol\u0117. Pagrindin\u0117s natos: Vidur\u017eemio j\u016bros \u017eolel\u0117s. Saul\u0117 stebina, kai nusida\u017eo ry\u0161kia oran\u017eine spalva. Deganti saul\u0117. \u017di\u016brint \u012f j\u0105 jauti, kaip u\u017epildo visa k\u016bn\u0105 energija. \u0160viesos energija. Ji \u017eaismingai tryk\u0161ta \u012f visas puses ir teka tarsi gaivi apelsin\u0173 sul\u010di\u0173 up\u0117. Citrusini\u0173 vaisi\u0173 sodrus aromatas priver\u010dia pakelti akis ir nusi\u0161ypsoti vis\u0173 pirma sau. Jauti kaip u\u017epl\u016bsta d\u017eiaugsmo banga \u2013 nusi\u0161ypsai \u0161alia Tav\u0119s esan\u010diam. Nesvarbu kam \u2013 \u017emogui, augintiniui, g\u0117lei ar tave supan\u010diai erdvei. Nesustabdoma \u0161ypsen\u0173 gausa ple\u010diasi, pakol ji ir visada \u0161alia buvusi kalendros aromatu i\u0161kvepinta paslaptis kartu \u012fsilieja \u012f oran\u017ein\u0119 gaiv\u0105. Kalendra citrus\u0173 \u012fsivaizduojamam r\u016bg\u0161tumui suteikia subtilaus, prabangaus saldumo. Saldumas pakvie\u010dia trumpam atsigulti \u0161alia apelsin\u0173 up\u0117s \u012f \u0161iek tiek vaisiais, a\u0161triu bei \u0161vie\u017eios \u017eol\u0117s aromatu kvepian\u010di\u0105 \u017eali\u0105 piev\u0105. Atsiguli taip arti up\u0117s, nes labai gera, kai energijos purslai Tave apta\u0161ko. Nuovargis i\u0161garuoja ir pranyksta oran\u017ein\u0117je \u0161viesoje ir sald\u017eioje \u0161ypsenoje. \u0160irdis maloniai pl\u016bduriuoja meil\u0117je. Meil\u0117 nemirtinga.<\/p>","protected":false},"featured_media":25531,"comment_status":"open","ping_status":"closed","template":"","meta":[],"product_brand":[],"product_cat":[272],"product_tag":[],"_links":{"self":[{"href":"https:\/\/zibacollection.versify.digital\/lv\/wp-json\/wp\/v2\/product\/25532"}],"collection":[{"href":"https:\/\/zibacollection.versify.digital\/lv\/wp-json\/wp\/v2\/product"}],"about":[{"href":"https:\/\/zibacollection.versify.digital\/lv\/wp-json\/wp\/v2\/types\/product"}],"replies":[{"embeddable":true,"href":"https:\/\/zibacollection.versify.digital\/lv\/wp-json\/wp\/v2\/comments?post=25532"}],"version-history":[{"count":0,"href":"https:\/\/zibacollection.versify.digital\/lv\/wp-json\/wp\/v2\/product\/25532\/revisions"}],"wp:featuredmedia":[{"embeddable":true,"href":"https:\/\/zibacollection.versify.digital\/lv\/wp-json\/wp\/v2\/media\/25531"}],"wp:attachment":[{"href":"https:\/\/zibacollection.versify.digital\/lv\/wp-json\/wp\/v2\/media?parent=25532"}],"wp:term":[{"taxonomy":"product_brand","embeddable":true,"href":"https:\/\/zibacollection.versify.digital\/lv\/wp-json\/wp\/v2\/product_brand?post=25532"},{"taxonomy":"product_cat","embeddable":true,"href":"https:\/\/zibacollection.versify.digital\/lv\/wp-json\/wp\/v2\/product_cat?post=25532"},{"taxonomy":"product_tag","embeddable":true,"href":"https:\/\/zibacollection.versify.digital\/lv\/wp-json\/wp\/v2\/product_tag?post=25532"}],"curies":[{"name":"wp","href":"https:\/\/api.w.org\/{rel}","templated":true}]}}