{"id":25536,"date":"2024-06-28T00:06:35","date_gmt":"2024-06-27T21:06:35","guid":{"rendered":"https:\/\/zibacollection.versify.digital\/product\/tabokinis-medus-namu-kvapas\/"},"modified":"2024-06-28T00:13:05","modified_gmt":"2024-06-27T21:13:05","slug":"tabokinis-medus-namu-kvapas","status":"publish","type":"product","link":"https:\/\/zibacollection.versify.digital\/lv\/product\/tabokinis-medus-namu-kvapas\/","title":{"rendered":"TABAKAS MEDUS M\u0100JAS SMAR\u017dAS"},"content":{"rendered":"","protected":false},"excerpt":{"rendered":"<p>200 ml.<br \/>\nVIR\u0160UTIN\u0116S NATOS: tabakas, tamsusis medus, prieskoniai, \u0161vie\u017ei citrusai.<br \/>\nVIDURIN\u0116S NATOS: tabakas, mediena, sandalmedis.<br \/>\nPAGRINDIN\u0116S NATOS: tongapup\u0117s, gintaras, pa\u010diulis, tamsusis medus.<br \/>\nOre gracingai pakimba tabako d\u016bmo ir tir\u0161to, tamsaus medaus kvapo debesis. \u0160vie\u017e\u016bs citrusai pakvie\u010dia tabako kvap\u0105 jausmingam \u0161okiui, suteikia lengvumo ir papuo\u0161ia medienos, sandalmed\u017eio, gintaro dulk\u0117mis. Tabakas \u012fgauna svorio, subr\u0119sta.<br \/>\nBr\u0119sta ir jau greit v\u0117l bus prekyboje.<\/p>","protected":false},"featured_media":25535,"comment_status":"open","ping_status":"closed","template":"","meta":[],"product_brand":[],"product_cat":[272],"product_tag":[],"_links":{"self":[{"href":"https:\/\/zibacollection.versify.digital\/lv\/wp-json\/wp\/v2\/product\/25536"}],"collection":[{"href":"https:\/\/zibacollection.versify.digital\/lv\/wp-json\/wp\/v2\/product"}],"about":[{"href":"https:\/\/zibacollection.versify.digital\/lv\/wp-json\/wp\/v2\/types\/product"}],"replies":[{"embeddable":true,"href":"https:\/\/zibacollection.versify.digital\/lv\/wp-json\/wp\/v2\/comments?post=25536"}],"version-history":[{"count":0,"href":"https:\/\/zibacollection.versify.digital\/lv\/wp-json\/wp\/v2\/product\/25536\/revisions"}],"wp:featuredmedia":[{"embeddable":true,"href":"https:\/\/zibacollection.versify.digital\/lv\/wp-json\/wp\/v2\/media\/25535"}],"wp:attachment":[{"href":"https:\/\/zibacollection.versify.digital\/lv\/wp-json\/wp\/v2\/media?parent=25536"}],"wp:term":[{"taxonomy":"product_brand","embeddable":true,"href":"https:\/\/zibacollection.versify.digital\/lv\/wp-json\/wp\/v2\/product_brand?post=25536"},{"taxonomy":"product_cat","embeddable":true,"href":"https:\/\/zibacollection.versify.digital\/lv\/wp-json\/wp\/v2\/product_cat?post=25536"},{"taxonomy":"product_tag","embeddable":true,"href":"https:\/\/zibacollection.versify.digital\/lv\/wp-json\/wp\/v2\/product_tag?post=25536"}],"curies":[{"name":"wp","href":"https:\/\/api.w.org\/{rel}","templated":true}]}}