{"id":25569,"date":"2024-06-28T00:06:46","date_gmt":"2024-06-27T21:06:46","guid":{"rendered":"https:\/\/zibacollection.versify.digital\/product\/prabangus-kaklo-papuosalas-su-masyviu-naturaliai-susiformavusiu-baltuoju-gintaru\/"},"modified":"2024-06-28T00:13:51","modified_gmt":"2024-06-27T21:13:51","slug":"prabangus-kaklo-papuosalas-su-masyviu-naturaliai-susiformavusiu-baltuoju-gintaru","status":"publish","type":"product","link":"https:\/\/zibacollection.versify.digital\/lv\/product\/prabangus-kaklo-papuosalas-su-masyviu-naturaliai-susiformavusiu-baltuoju-gintaru\/","title":{"rendered":"GREZNAS KAKLA ROTASLIETAS AR MAS\u012aVU DABISKI VEIDOTU BALTO DZINTARU"},"content":{"rendered":"","protected":false},"excerpt":{"rendered":"<p>Rado su kuo \u017eib\u0117ti. Kreiptis asmenine \u017einute.<\/p>","protected":false},"featured_media":25568,"comment_status":"open","ping_status":"closed","template":"","meta":[],"product_brand":[],"product_cat":[274],"product_tag":[],"_links":{"self":[{"href":"https:\/\/zibacollection.versify.digital\/lv\/wp-json\/wp\/v2\/product\/25569"}],"collection":[{"href":"https:\/\/zibacollection.versify.digital\/lv\/wp-json\/wp\/v2\/product"}],"about":[{"href":"https:\/\/zibacollection.versify.digital\/lv\/wp-json\/wp\/v2\/types\/product"}],"replies":[{"embeddable":true,"href":"https:\/\/zibacollection.versify.digital\/lv\/wp-json\/wp\/v2\/comments?post=25569"}],"version-history":[{"count":0,"href":"https:\/\/zibacollection.versify.digital\/lv\/wp-json\/wp\/v2\/product\/25569\/revisions"}],"wp:featuredmedia":[{"embeddable":true,"href":"https:\/\/zibacollection.versify.digital\/lv\/wp-json\/wp\/v2\/media\/25568"}],"wp:attachment":[{"href":"https:\/\/zibacollection.versify.digital\/lv\/wp-json\/wp\/v2\/media?parent=25569"}],"wp:term":[{"taxonomy":"product_brand","embeddable":true,"href":"https:\/\/zibacollection.versify.digital\/lv\/wp-json\/wp\/v2\/product_brand?post=25569"},{"taxonomy":"product_cat","embeddable":true,"href":"https:\/\/zibacollection.versify.digital\/lv\/wp-json\/wp\/v2\/product_cat?post=25569"},{"taxonomy":"product_tag","embeddable":true,"href":"https:\/\/zibacollection.versify.digital\/lv\/wp-json\/wp\/v2\/product_tag?post=25569"}],"curies":[{"name":"wp","href":"https:\/\/api.w.org\/{rel}","templated":true}]}}