{"id":25580,"date":"2024-06-28T00:06:49","date_gmt":"2024-06-27T21:06:49","guid":{"rendered":"https:\/\/zibacollection.versify.digital\/product\/ypatingai-masyvus-kaklo-verinys-su-gintaru-ir-medzio-detale\/"},"modified":"2024-06-28T00:13:49","modified_gmt":"2024-06-27T21:13:49","slug":"ypatingai-masyvus-kaklo-verinys-su-gintaru-ir-medzio-detale","status":"publish","type":"product","link":"https:\/\/zibacollection.versify.digital\/lv\/product\/ypatingai-masyvus-kaklo-verinys-su-gintaru-ir-medzio-detale\/","title":{"rendered":"\u012aPA\u0160I MAS\u012aVA KAKLAROTA AR DZINTARA UN KOKA DETA\u013b\u0100M"},"content":{"rendered":"","protected":false},"excerpt":{"rendered":"<p>\u013boti mas\u012bva kaklarota ar dzintara un koka deta\u013c\u0101m, atrasta Lietuv\u0101 (\u0160ventoji), Baltijas j\u016bras krast\u0101.<\/p>","protected":false},"featured_media":0,"comment_status":"open","ping_status":"closed","template":"","meta":[],"product_brand":[],"product_cat":[274],"product_tag":[],"_links":{"self":[{"href":"https:\/\/zibacollection.versify.digital\/lv\/wp-json\/wp\/v2\/product\/25580"}],"collection":[{"href":"https:\/\/zibacollection.versify.digital\/lv\/wp-json\/wp\/v2\/product"}],"about":[{"href":"https:\/\/zibacollection.versify.digital\/lv\/wp-json\/wp\/v2\/types\/product"}],"replies":[{"embeddable":true,"href":"https:\/\/zibacollection.versify.digital\/lv\/wp-json\/wp\/v2\/comments?post=25580"}],"version-history":[{"count":0,"href":"https:\/\/zibacollection.versify.digital\/lv\/wp-json\/wp\/v2\/product\/25580\/revisions"}],"wp:attachment":[{"href":"https:\/\/zibacollection.versify.digital\/lv\/wp-json\/wp\/v2\/media?parent=25580"}],"wp:term":[{"taxonomy":"product_brand","embeddable":true,"href":"https:\/\/zibacollection.versify.digital\/lv\/wp-json\/wp\/v2\/product_brand?post=25580"},{"taxonomy":"product_cat","embeddable":true,"href":"https:\/\/zibacollection.versify.digital\/lv\/wp-json\/wp\/v2\/product_cat?post=25580"},{"taxonomy":"product_tag","embeddable":true,"href":"https:\/\/zibacollection.versify.digital\/lv\/wp-json\/wp\/v2\/product_tag?post=25580"}],"curies":[{"name":"wp","href":"https:\/\/api.w.org\/{rel}","templated":true}]}}