{"id":25584,"date":"2024-06-28T00:06:50","date_gmt":"2024-06-27T21:06:50","guid":{"rendered":"https:\/\/zibacollection.versify.digital\/product\/unikalus-gintaro-laseliu-verinys-su-swarovski-kristalo-detalemis\/"},"modified":"2024-06-28T00:13:48","modified_gmt":"2024-06-27T21:13:48","slug":"unikalus-gintaro-laseliu-verinys-su-swarovski-kristalo-detalemis","status":"publish","type":"product","link":"https:\/\/zibacollection.versify.digital\/lv\/product\/unikalus-gintaro-laseliu-verinys-su-swarovski-kristalo-detalemis\/","title":{"rendered":"UNIK\u0100LA DZINTARA PILIENU KAKLAROTA AR SWAROVSKI KRIST\u0100LA DETA\u013b\u0100M"},"content":{"rendered":"","protected":false},"excerpt":{"rendered":"","protected":false},"featured_media":25583,"comment_status":"open","ping_status":"closed","template":"","meta":[],"product_brand":[],"product_cat":[274],"product_tag":[],"_links":{"self":[{"href":"https:\/\/zibacollection.versify.digital\/lv\/wp-json\/wp\/v2\/product\/25584"}],"collection":[{"href":"https:\/\/zibacollection.versify.digital\/lv\/wp-json\/wp\/v2\/product"}],"about":[{"href":"https:\/\/zibacollection.versify.digital\/lv\/wp-json\/wp\/v2\/types\/product"}],"replies":[{"embeddable":true,"href":"https:\/\/zibacollection.versify.digital\/lv\/wp-json\/wp\/v2\/comments?post=25584"}],"version-history":[{"count":0,"href":"https:\/\/zibacollection.versify.digital\/lv\/wp-json\/wp\/v2\/product\/25584\/revisions"}],"wp:featuredmedia":[{"embeddable":true,"href":"https:\/\/zibacollection.versify.digital\/lv\/wp-json\/wp\/v2\/media\/25583"}],"wp:attachment":[{"href":"https:\/\/zibacollection.versify.digital\/lv\/wp-json\/wp\/v2\/media?parent=25584"}],"wp:term":[{"taxonomy":"product_brand","embeddable":true,"href":"https:\/\/zibacollection.versify.digital\/lv\/wp-json\/wp\/v2\/product_brand?post=25584"},{"taxonomy":"product_cat","embeddable":true,"href":"https:\/\/zibacollection.versify.digital\/lv\/wp-json\/wp\/v2\/product_cat?post=25584"},{"taxonomy":"product_tag","embeddable":true,"href":"https:\/\/zibacollection.versify.digital\/lv\/wp-json\/wp\/v2\/product_tag?post=25584"}],"curies":[{"name":"wp","href":"https:\/\/api.w.org\/{rel}","templated":true}]}}