{"id":25589,"date":"2024-06-28T00:06:52","date_gmt":"2024-06-27T21:06:52","guid":{"rendered":"https:\/\/zibacollection.versify.digital\/product\/vyriskas-kaklo-verinys-su-juoduoju-gintaru-ir-naturaliai-susiformavusiu-gintaro-pakabuku-2\/"},"modified":"2024-06-28T00:13:47","modified_gmt":"2024-06-27T21:13:47","slug":"vyriskas-kaklo-verinys-su-juoduoju-gintaru-ir-naturaliai-susiformavusiu-gintaro-pakabuku-2","status":"publish","type":"product","link":"https:\/\/zibacollection.versify.digital\/lv\/product\/vyriskas-kaklo-verinys-su-juoduoju-gintaru-ir-naturaliai-susiformavusiu-gintaro-pakabuku-2\/","title":{"rendered":"V\u012aRIE\u0160U KAKLAROTA AR MELNO DZINTARU UN DABISKI VEIDOTU DZINTARA PIEKARI\u0145U 2"},"content":{"rendered":"","protected":false},"excerpt":{"rendered":"<p>Galimas individualus u\u017esakymas.<br \/>\nRado su kuo \u017eib\u0117ti. Kreiptis asmenine \u017einute.<\/p>","protected":false},"featured_media":0,"comment_status":"open","ping_status":"closed","template":"","meta":[],"product_brand":[],"product_cat":[274],"product_tag":[],"_links":{"self":[{"href":"https:\/\/zibacollection.versify.digital\/lv\/wp-json\/wp\/v2\/product\/25589"}],"collection":[{"href":"https:\/\/zibacollection.versify.digital\/lv\/wp-json\/wp\/v2\/product"}],"about":[{"href":"https:\/\/zibacollection.versify.digital\/lv\/wp-json\/wp\/v2\/types\/product"}],"replies":[{"embeddable":true,"href":"https:\/\/zibacollection.versify.digital\/lv\/wp-json\/wp\/v2\/comments?post=25589"}],"version-history":[{"count":0,"href":"https:\/\/zibacollection.versify.digital\/lv\/wp-json\/wp\/v2\/product\/25589\/revisions"}],"wp:attachment":[{"href":"https:\/\/zibacollection.versify.digital\/lv\/wp-json\/wp\/v2\/media?parent=25589"}],"wp:term":[{"taxonomy":"product_brand","embeddable":true,"href":"https:\/\/zibacollection.versify.digital\/lv\/wp-json\/wp\/v2\/product_brand?post=25589"},{"taxonomy":"product_cat","embeddable":true,"href":"https:\/\/zibacollection.versify.digital\/lv\/wp-json\/wp\/v2\/product_cat?post=25589"},{"taxonomy":"product_tag","embeddable":true,"href":"https:\/\/zibacollection.versify.digital\/lv\/wp-json\/wp\/v2\/product_tag?post=25589"}],"curies":[{"name":"wp","href":"https:\/\/api.w.org\/{rel}","templated":true}]}}