{"id":25614,"date":"2024-06-28T00:28:21","date_gmt":"2024-06-27T21:28:21","guid":{"rendered":"https:\/\/zibacollection.versify.digital\/?post_type=product&#038;p=25614"},"modified":"2024-06-28T00:46:43","modified_gmt":"2024-06-27T21:46:43","slug":"ziba-collection-rinkinys","status":"publish","type":"product","link":"https:\/\/zibacollection.versify.digital\/lv\/product\/ziba-collection-rinkinys\/","title":{"rendered":"Glitter kolekcijas komplekts"},"content":{"rendered":"<h2>K\u016bno Aliejus<\/h2>\n<p>Puosel\u0117kite ir \u0160vieskite Savo Od\u0105<br \/>\nAtraskite tikr\u0105j\u0105 prabang\u0105 su m\u016bs\u0173 K\u016bno Aliejumi, kuris ne tik maitina, bet ir atgaivina j\u016bs\u0173 od\u0105. Panaudojant vynuogi\u0173 ir saul\u0117gr\u0105\u017e\u0173 s\u0117kl\u0173 aliejus, \u0161is aliejus giliai dr\u0117kina ir apsaugo j\u016bs\u0173 od\u0105 nuo i\u0161saus\u0117jimo. Patirkite nuostabius poky\u010dius \u2013 j\u016bs\u0173 oda taps \u0161velni tarsi \u0161ilkas, spinduliuojanti nat\u016braliu gro\u017eiu.<br \/>\nM\u016bs\u0173 aliejus taip pat praturtintas agurkli\u0173 s\u0117kl\u0173 aliejumi ir er\u0161k\u0117tuogi\u0173 ekstraktu, kurie \u017einomi d\u0117l savo regeneruojan\u010di\u0173 savybi\u0173. \u0160ie ingredientai pad\u0117s atkurti odos elastingum\u0105 ir suma\u017eins smulki\u0173 rauk\u0161leli\u0173 atsiradim\u0105, tod\u0117l j\u016bs\u0173 oda atrodys jaunatvi\u0161kai ir gaiviai.<br \/>\nNeriebus aliejaus pagrindas, kur\u012f suteikia kapriliniai trigliceridai ir kokos\u0173 kaprilatai, greitai \u012fsigeria, nepalikdamas riebi\u0173 liku\u010di\u0173, tod\u0117l galite m\u0117gautis \u0161ilkinio lygumo oda be jokio diskomforto. Malonus bergamot\u0117s \u017eieveli\u0173 aliejaus kvapas suteiks jums energijos ir atgaivins poj\u016b\u010dius.<\/p>\n<h2>K\u016bno Kremas<\/h2>\n<p>&nbsp;<\/p>\n<p>M\u0117gaukit\u0117s Auk\u0161\u010diausiu Dr\u0117kinimu<\/p>\n<p>Lepinkite savo od\u0105 su m\u016bs\u0173 prabangiu K\u016bno Kremu, kuris suteiks intensyv\u0173 dr\u0117kinim\u0105 ir apsaug\u0105. Sud\u0117tyje esantys nat\u016bral\u016bs ingredientai, tokie kaip, glicerinas ir nat\u016bral\u016bs dr\u0117kikliai, u\u017erakina dr\u0117gm\u0119 ir u\u017etikrina, kad j\u016bs\u0173 oda b\u016bt\u0173 \u0161velni ir lygi vis\u0105 dien\u0105.<\/p>\n<p>Praturtintas sviestmed\u017eio sviestu ir er\u0161k\u0117tuogi\u0173 ekstraktu, \u0161is kremas giliai maitina od\u0105, suteikdamas jai sveik\u0105 ir jaunatvi\u0161k\u0105 i\u0161vaizd\u0105. Agurkli\u0173 s\u0117kl\u0173 aliejus atkuria ir atgaivina odos l\u0105steles, pad\u0117damas atstatyti nat\u016bral\u0173 odos spindes\u012f.<\/p>\n<p>Lengva tekst\u016bra, kuri\u0105 u\u017etikrina kapriliniai trigliceridai ir kokos\u0173 kaprilatai, leid\u017eia kremui greitai \u012fsigerti be riebumo poj\u016b\u010dio. Kremas taip pat praturtintas vitaminu E ir alyvuogi\u0173 aliejumi, kurie apsaugo nuo laisv\u0173j\u0173 radikal\u0173 \u017ealos ir padeda atkurti odos barjer\u0105.<\/p>\n<p>Raminantis bergamot\u0117s \u017eieveli\u0173 aliejaus aromatas pakels j\u016bs\u0173 nuotaik\u0105 ir suteiks malon\u0173 poj\u016bt\u012f kiekvien\u0105 kart\u0105 naudojant krem\u0105. Pajuskite \u0161ilkin\u012f \u0161velnum\u0105 ir ilgalaik\u012f dr\u0117kinim\u0105 su kiekvienu prisilietimu.<\/p>\n<h2>K\u016bno \u0160veitiklis<\/h2>\n<p>&nbsp;<\/p>\n<p>Atskleiskite Savo Odos \u0160vyt\u0117jim\u0105<\/p>\n<p>Atraskite tikr\u0105j\u0105 \u0161vyt\u0117jimo gali\u0105 su m\u016bs\u0173 K\u016bno \u0160veitikliu. \u0160is \u0161veitiklis sukurtas tam, kad \u0161velniai pa\u0161alint\u0173 negyvas odos l\u0105steles ir atgaivint\u0173 j\u016bs\u0173 od\u0105, suteikdamas jai nat\u016bral\u0173 spindes\u012f. Vandens, glicerino ir nat\u016brali\u0173 dr\u0117kikli\u0173 derinys u\u017etikrina, kad oda b\u016bt\u0173 dr\u0117kinama net \u0161veitimo metu.<br \/>\nNat\u016bralios \u0161vei\u010diamosios dalel\u0117s \u0161velniai, bet veiksmingai pa\u0161alina negyvas odos l\u0105steles, o alavijo ekstraktas ramina ir atgaivina od\u0105. J\u016bs\u0173 oda taps lygesn\u0117, mink\u0161tesn\u0117 ir labiau \u0161vytinti.<\/p>\n<p>\u0160veitiklis taip pat praturtintas bergamot\u0117s \u017eieveli\u0173 aliejumi, kuris suteikia gaiv\u0173 ir energizuojant\u012f aromat\u0105. Nat\u016bral\u016bs konservantai u\u017etikrina produkto grynum\u0105 ir saugum\u0105, kad gal\u0117tum\u0117te m\u0117gautis sveikesne ir gra\u017eesne oda be r\u016bpes\u010di\u0173.<\/p>","protected":false},"excerpt":{"rendered":"<p><strong>Atkl\u0101jiet luksusa sp\u0113ku ar m\u016bsu \u0137erme\u0146a kop\u0161anas komplektu!<\/strong><\/p>\n<p>M\u016bsu \u0137erme\u0146a e\u013c\u013ca, kr\u0113ms un skrubis apvieno dab\u012bgo sast\u0101vda\u013cu priek\u0161roc\u012bbas, lai j\u016bsu \u0101da b\u016btu maiga, mitrin\u0101ta un mirdzo\u0161a. V\u012bnogu kauli\u0146u, saulespu\u0137u un pela\u0161\u0137u s\u0113klu e\u013c\u013cas, me\u017eroz\u012b\u0161u ekstrakts un \u0161\u012b sviests baro un atdz\u012bvina \u0101du, savuk\u0101rt bergamotes mizi\u0146u e\u013c\u013cas arom\u0101ts sniedz ener\u0123ijas un svaiguma saj\u016btu. M\u016bsu produkti \u0101tri ies\u016bcas, neatst\u0101jot taukainu atlikumu, un garant\u0113 z\u012bdainu maigumu un ilgsto\u0161u mitrin\u0101\u0161anu. Barojiet savu \u0101du ar m\u016bsu greznajiem un dab\u012bgajiem \u0137erme\u0146a kop\u0161anas l\u012bdzek\u013ciem!<\/p>","protected":false},"featured_media":25613,"comment_status":"open","ping_status":"closed","template":"","meta":[],"product_brand":[279],"product_cat":[278],"product_tag":[],"_links":{"self":[{"href":"https:\/\/zibacollection.versify.digital\/lv\/wp-json\/wp\/v2\/product\/25614"}],"collection":[{"href":"https:\/\/zibacollection.versify.digital\/lv\/wp-json\/wp\/v2\/product"}],"about":[{"href":"https:\/\/zibacollection.versify.digital\/lv\/wp-json\/wp\/v2\/types\/product"}],"replies":[{"embeddable":true,"href":"https:\/\/zibacollection.versify.digital\/lv\/wp-json\/wp\/v2\/comments?post=25614"}],"version-history":[{"count":3,"href":"https:\/\/zibacollection.versify.digital\/lv\/wp-json\/wp\/v2\/product\/25614\/revisions"}],"predecessor-version":[{"id":25622,"href":"https:\/\/zibacollection.versify.digital\/lv\/wp-json\/wp\/v2\/product\/25614\/revisions\/25622"}],"wp:featuredmedia":[{"embeddable":true,"href":"https:\/\/zibacollection.versify.digital\/lv\/wp-json\/wp\/v2\/media\/25613"}],"wp:attachment":[{"href":"https:\/\/zibacollection.versify.digital\/lv\/wp-json\/wp\/v2\/media?parent=25614"}],"wp:term":[{"taxonomy":"product_brand","embeddable":true,"href":"https:\/\/zibacollection.versify.digital\/lv\/wp-json\/wp\/v2\/product_brand?post=25614"},{"taxonomy":"product_cat","embeddable":true,"href":"https:\/\/zibacollection.versify.digital\/lv\/wp-json\/wp\/v2\/product_cat?post=25614"},{"taxonomy":"product_tag","embeddable":true,"href":"https:\/\/zibacollection.versify.digital\/lv\/wp-json\/wp\/v2\/product_tag?post=25614"}],"curies":[{"name":"wp","href":"https:\/\/api.w.org\/{rel}","templated":true}]}}