{"id":22643,"date":"2024-01-27T16:50:08","date_gmt":"2024-01-27T14:50:08","guid":{"rendered":"https:\/\/zibacollection.versify.digital\/?page_id=22643"},"modified":"2024-06-28T00:49:44","modified_gmt":"2024-06-27T21:49:44","slug":"prekiu-grazinimas","status":"publish","type":"page","link":"https:\/\/zibacollection.versify.digital\/ru\/prekiu-grazinimas\/","title":{"rendered":"\u0412\u043e\u0437\u0432\u0440\u0430\u0442 \u0442\u043e\u0432\u0430\u0440\u043e\u0432"},"content":{"rendered":"<p>\u041a\u0430\u0447\u0435\u0441\u0442\u0432\u0435\u043d\u043d\u044b\u0435 \u0442\u043e\u0432\u0430\u0440\u044b, \u043a\u0443\u043f\u043b\u0435\u043d\u043d\u044b\u0435 \u043e\u043d\u043b\u0430\u0439\u043d, \u043c\u043e\u0436\u043d\u043e \u0432\u0435\u0440\u043d\u0443\u0442\u044c \u0432 \u0442\u0435\u0447\u0435\u043d\u0438\u0435 14&nbsp;<strong>(\u0447\u0435\u0442\u044b\u0440\u043d\u0430\u0434\u0446\u0430\u0442\u044c) \u0434\u043d\u0435\u0439<\/strong>&nbsp;\u0441 \u0434\u0430\u0442\u044b \u0434\u043e\u0441\u0442\u0430\u0432\u043a\u0438 \u0442\u043e\u0432\u0430\u0440\u0430 \u043f\u043e\u043a\u0443\u043f\u0430\u0442\u0435\u043b\u044e.<\/p>\n\n\n\n<p><strong>\u041f\u0440\u0438 \u0432\u043e\u0437\u0432\u0440\u0430\u0442\u0435 \u0442\u043e\u0432\u0430\u0440\u0430 \u0434\u043e\u043b\u0436\u043d\u044b \u0441\u043e\u0431\u043b\u044e\u0434\u0430\u0442\u044c\u0441\u044f \u0441\u043b\u0435\u0434\u0443\u044e\u0449\u0438\u0435 \u0443\u0441\u043b\u043e\u0432\u0438\u044f:<\/strong><\/p>\n\n\n\n<ul>\n<li>\u0432\u043e\u0437\u0432\u0440\u0430\u0449\u0430\u0435\u043c\u044b\u0439 \u0442\u043e\u0432\u0430\u0440 \u0434\u043e\u043b\u0436\u0435\u043d \u0431\u044b\u0442\u044c \u0432 \u043e\u0440\u0438\u0433\u0438\u043d\u0430\u043b\u044c\u043d\u043e\u0439 \u0443\u043f\u0430\u043a\u043e\u0432\u043a\u0435 \u0432 \u0445\u043e\u0440\u043e\u0448\u0435\u043c \u0441\u043e\u0441\u0442\u043e\u044f\u043d\u0438\u0438;<\/li>\n\n\n\n<li>\u0442\u043e\u0432\u0430\u0440 \u0434\u043e\u043b\u0436\u0435\u043d \u0431\u044b\u0442\u044c \u043d\u0435 \u043f\u043e\u0432\u0440\u0435\u0436\u0434\u0435\u043d \u043f\u043e\u043a\u0443\u043f\u0430\u0442\u0435\u043b\u0435\u043c;<\/li>\n\n\n\n<li>\u0442\u043e\u0432\u0430\u0440 \u0434\u043e\u043b\u0436\u0435\u043d \u0431\u044b\u0442\u044c \u043d\u0435\u0438\u0441\u043f\u043e\u043b\u044c\u0437\u043e\u0432\u0430\u043d\u043d\u044b\u043c \u0438 \u043d\u0430\u0445\u043e\u0434\u0438\u0442\u044c\u0441\u044f \u0432 \u0445\u043e\u0440\u043e\u0448\u0435\u043c \u0441\u043e\u0441\u0442\u043e\u044f\u043d\u0438\u0438 (\u044d\u0442\u0438\u043a\u0435\u0442\u043a\u0438, \u0437\u0430\u0449\u0438\u0442\u043d\u044b\u0435 \u043f\u043b\u0435\u043d\u043a\u0438 \u0438 \u0442.\u0434. \u043d\u0435 \u043f\u043e\u0432\u0440\u0435\u0436\u0434\u0435\u043d\u044b);<\/li>\n\n\n\n<li>\u0432\u043e\u0437\u0432\u0440\u0430\u0449\u0430\u0435\u043c\u044b\u0439 \u0442\u043e\u0432\u0430\u0440 \u0434\u043e\u043b\u0436\u0435\u043d \u0431\u044b\u0442\u044c \u0442\u043e\u0433\u043e \u0436\u0435 \u0441\u043e\u0441\u0442\u0430\u0432\u0430, \u0447\u0442\u043e \u0438 \u043f\u043e\u043b\u0443\u0447\u0435\u043d\u043d\u044b\u0439 \u043f\u043e\u043a\u0443\u043f\u0430\u0442\u0435\u043b\u0435\u043c - \u043f\u043e\u0434\u0430\u0440\u043a\u0438, \u043f\u043e\u043b\u0443\u0447\u0435\u043d\u043d\u044b\u0435 \u0437\u0430 \u043f\u043e\u043a\u0443\u043f\u043a\u0443, \u0442\u0430\u043a\u0436\u0435 \u0434\u043e\u043b\u0436\u043d\u044b \u0431\u044b\u0442\u044c \u0432\u043e\u0437\u0432\u0440\u0430\u0449\u0435\u043d\u044b.<\/li>\n<\/ul>\n\n\n\n<p>\u0415\u0441\u043b\u0438 \u0432\u0441\u0435 \u0432\u044b\u0448\u0435\u043f\u0435\u0440\u0435\u0447\u0438\u0441\u043b\u0435\u043d\u043d\u044b\u0435 \u0443\u0441\u043b\u043e\u0432\u0438\u044f \u0441\u043e\u0431\u043b\u044e\u0434\u0435\u043d\u044b, \u043d\u0430\u043f\u0438\u0448\u0438\u0442\u0435 \u043d\u0430\u043c <a href=\"mailto:zibacode@gmail.com\">zibacode@gmail.com<\/a>\u041f\u043e\u0436\u0430\u043b\u0443\u0439\u0441\u0442\u0430, \u0443\u043a\u0430\u0436\u0438\u0442\u0435 \u043d\u043e\u043c\u0435\u0440 \u0432\u0430\u0448\u0435\u0433\u043e \u0437\u0430\u043a\u0430\u0437\u0430 \u0438\u043b\u0438 \u043f\u0440\u0438\u043b\u043e\u0436\u0438\u0442\u0435 \u043f\u043e\u0434\u0442\u0432\u0435\u0440\u0436\u0434\u0435\u043d\u0438\u0435 \u043e\u043f\u043b\u0430\u0442\u044b.<\/p>\n\n\n\n<p>\u041f\u043e\u043b\u0443\u0447\u0438\u0432 \u0432\u0430\u0448 \u0437\u0430\u043f\u0440\u043e\u0441, \u043c\u044b \u0441\u0432\u044f\u0436\u0435\u043c\u0441\u044f \u0441 \u0432\u0430\u043c\u0438 \u0432 \u0442\u0435\u0447\u0435\u043d\u0438\u0435 2 \u0440\u0430\u0431\u043e\u0447\u0438\u0445 \u0434\u043d\u0435\u0439, \u0447\u0442\u043e\u0431\u044b \u0434\u043e\u0433\u043e\u0432\u043e\u0440\u0438\u0442\u044c\u0441\u044f \u043e \u0434\u0435\u0442\u0430\u043b\u044f\u0445 \u0432\u043e\u0437\u0432\u0440\u0430\u0442\u0430.<\/p>\n\n\n\n<p>\u041f\u043e\u0441\u043b\u0435 \u0442\u043e\u0433\u043e \u043a\u0430\u043a \u0432\u044b \u043f\u043e\u043b\u0443\u0447\u0438\u0442\u0435 \u0442\u043e\u0432\u0430\u0440 \u0438 \u0443\u0431\u0435\u0434\u0438\u0442\u0435\u0441\u044c, \u0447\u0442\u043e \u043e\u043d \u043d\u0435 \u0438\u0441\u043f\u043e\u043b\u044c\u0437\u043e\u0432\u0430\u043b\u0441\u044f, \u0434\u0435\u043d\u044c\u0433\u0438 \u0431\u0443\u0434\u0443\u0442 \u0432\u043e\u0437\u0432\u0440\u0430\u0449\u0435\u043d\u044b \u043d\u0430 \u0441\u0447\u0435\u0442 \u043f\u043b\u0430\u0442\u0435\u043b\u044c\u0449\u0438\u043a\u0430 (\u0438\u043b\u0438, \u0435\u0441\u043b\u0438 \u044d\u0442\u043e \u043d\u0435\u0432\u043e\u0437\u043c\u043e\u0436\u043d\u043e, \u043d\u0430 \u0434\u0440\u0443\u0433\u043e\u0439 \u0443\u043a\u0430\u0437\u0430\u043d\u043d\u044b\u0439 \u0432\u0430\u043c\u0438 \u0441\u0447\u0435\u0442) \u0432 \u0442\u0435\u0447\u0435\u043d\u0438\u0435 3 \u0434\u043d\u0435\u0439.<\/p>\n\n\n\n<p>\u0412\u043e\u0437\u0432\u0440\u0430\u0442 \u0431\u0440\u0430\u043a\u043e\u0432\u0430\u043d\u043d\u044b\u0445 \u0442\u043e\u0432\u0430\u0440\u043e\u0432 \u043e\u0441\u0443\u0449\u0435\u0441\u0442\u0432\u043b\u044f\u0435\u0442\u0441\u044f \u0432 \u0441\u043e\u043e\u0442\u0432\u0435\u0442\u0441\u0442\u0432\u0438\u0438 \u0441 \u041f\u0440\u0430\u0432\u0438\u043b\u0430\u043c\u0438 \u0432\u043e\u0437\u0432\u0440\u0430\u0442\u0430 \u0438 \u043e\u0431\u043c\u0435\u043d\u0430 \u0442\u043e\u0432\u0430\u0440\u043e\u0432, \u0443\u0442\u0432\u0435\u0440\u0436\u0434\u0435\u043d\u043d\u044b\u043c\u0438 \u043f\u0440\u0438\u043a\u0430\u0437\u043e\u043c \u043c\u0438\u043d\u0438\u0441\u0442\u0440\u0430 \u044d\u043a\u043e\u043d\u043e\u043c\u0438\u043a\u0438 \u2116 217 \u043e\u0442 29 \u0438\u044e\u043d\u044f 2001 \u0433\u043e\u0434\u0430 \"\u041e\u0431 \u0443\u0442\u0432\u0435\u0440\u0436\u0434\u0435\u043d\u0438\u0438 \u041f\u0440\u0430\u0432\u0438\u043b \u0432\u043e\u0437\u0432\u0440\u0430\u0442\u0430 \u0438 \u043e\u0431\u043c\u0435\u043d\u0430 \u0442\u043e\u0432\u0430\u0440\u043e\u0432\".<\/p>\n\n\n\n<p>\u041e\u0431\u0440\u0430\u0442\u0438\u0442\u0435 \u0432\u043d\u0438\u043c\u0430\u043d\u0438\u0435, \u0447\u0442\u043e \u0432 \u0441\u043b\u0443\u0447\u0430\u0435 \u0432\u043e\u0437\u043d\u0438\u043a\u043d\u043e\u0432\u0435\u043d\u0438\u044f \u0441\u043f\u043e\u0440\u0430 \u043f\u043e\u043a\u0443\u043f\u0430\u0442\u0435\u043b\u0438 \u0434\u043e\u043b\u0436\u043d\u044b \u0441\u043d\u0430\u0447\u0430\u043b\u0430 \u0441\u0432\u044f\u0437\u0430\u0442\u044c\u0441\u044f \u0441 \u043f\u0440\u043e\u0434\u0430\u0432\u0446\u043e\u043c, \u0430 \u0435\u0441\u043b\u0438 \u0438\u043c \u043d\u0435 \u0443\u0434\u0430\u0441\u0442\u0441\u044f \u0443\u0440\u0435\u0433\u0443\u043b\u0438\u0440\u043e\u0432\u0430\u0442\u044c \u0441\u043f\u043e\u0440, \u043e\u043d\u0438 \u0438\u043c\u0435\u044e\u0442 \u043f\u0440\u0430\u0432\u043e \u0432\u043e\u0441\u043f\u043e\u043b\u044c\u0437\u043e\u0432\u0430\u0442\u044c\u0441\u044f \u043e\u043d\u043b\u0430\u0439\u043d-\u043f\u043b\u0430\u0442\u0444\u043e\u0440\u043c\u043e\u0439 \u0434\u043b\u044f \u0440\u0430\u0437\u0440\u0435\u0448\u0435\u043d\u0438\u044f \u043f\u043e\u0442\u0440\u0435\u0431\u0438\u0442\u0435\u043b\u044c\u0441\u043a\u0438\u0445 \u0441\u043f\u043e\u0440\u043e\u0432: &nbsp;<a href=\"https:\/\/webgate.ec.europa.eu\/odr\/main\/?event=main.home.show\">https:\/\/webgate.ec.europa.eu\/odr\/main\/?event=main.home.show<\/a>.<\/p>","protected":false},"excerpt":{"rendered":"<p>Internetu pirktos kokybi\u0161kos prek\u0117s gali b\u016bti gr\u0105\u017einamos per 14&nbsp;(keturiolika) dien\u0173&nbsp;nuo preki\u0173 pristatymo pirk\u0117jui dienos. Gr\u0105\u017einant prekes b\u016btina laikytis \u0161i\u0173 s\u0105lyg\u0173: Jei prie\u0161 tai i\u0161vardintos s\u0105lygos yra \u012fvykdytos, para\u0161ykite mums el. pa\u0161tu zibacode@gmail.com, bei nurodykite u\u017esakymo numer\u012f arba prid\u0117kite mok\u0117jimo patvirtinimo dokument\u0105.. Gav\u0119 J\u016bs\u0173 pra\u0161ym\u0105, su Jumis susisieksime per 2 darbo dienas ir susiderinsime prek\u0117s gr\u0105\u017einimo detales. Gav\u0119 prek\u0119 ir \u012fsitikin\u0119, kad prek\u0117 yra nenaudota, per 3 d.d.pinigai bus gr\u0105\u017einti \u012f mok\u0117tojo s\u0105skait\u0105 (arba, jei to padaryti negalima, \u012f kit\u0105 J\u016bs\u0173 nurodom\u0105 s\u0105skait\u0105). Nekokybi\u0161kos prek\u0117s gr\u0105\u017einamos vadovaujantis \u016bkio ministro 2001 m. bir\u017eelio 29 d. \u012fsakymu Nr. 217 \u201eD\u0117l Daikt\u0173 gr\u0105\u017einimo ir keitimo taisykli\u0173 patvirtinimo\u201c patvirtintomis Daikt\u0173 gr\u0105\u017einimo ir keitimo taisykl\u0117mis. Informuojame, kad pirk\u0117jai, esant gin\u010dytinai situacijai, tur\u0117t\u0173 pirmiausia kreiptis \u012f pardav\u0117j\u0105, o nepavykus i\u0161spr\u0119sti gin\u010do, turi teis\u0119 kreiptis d\u0117l gin\u010do sprendimo \u012f elektronin\u0119 vartotoj\u0173 gin\u010d\u0173 sprendimo platform\u0105: &nbsp;https:\/\/webgate.ec.europa.eu\/odr\/main\/?event=main.home.show.<\/p>","protected":false},"author":1,"featured_media":0,"parent":0,"menu_order":0,"comment_status":"closed","ping_status":"closed","template":"","meta":{"footnotes":""},"_links":{"self":[{"href":"https:\/\/zibacollection.versify.digital\/ru\/wp-json\/wp\/v2\/pages\/22643"}],"collection":[{"href":"https:\/\/zibacollection.versify.digital\/ru\/wp-json\/wp\/v2\/pages"}],"about":[{"href":"https:\/\/zibacollection.versify.digital\/ru\/wp-json\/wp\/v2\/types\/page"}],"author":[{"embeddable":true,"href":"https:\/\/zibacollection.versify.digital\/ru\/wp-json\/wp\/v2\/users\/1"}],"replies":[{"embeddable":true,"href":"https:\/\/zibacollection.versify.digital\/ru\/wp-json\/wp\/v2\/comments?post=22643"}],"version-history":[{"count":2,"href":"https:\/\/zibacollection.versify.digital\/ru\/wp-json\/wp\/v2\/pages\/22643\/revisions"}],"predecessor-version":[{"id":25635,"href":"https:\/\/zibacollection.versify.digital\/ru\/wp-json\/wp\/v2\/pages\/22643\/revisions\/25635"}],"wp:attachment":[{"href":"https:\/\/zibacollection.versify.digital\/ru\/wp-json\/wp\/v2\/media?parent=22643"}],"curies":[{"name":"wp","href":"https:\/\/api.w.org\/{rel}","templated":true}]}}