{"id":22646,"date":"2024-01-27T16:55:00","date_gmt":"2024-01-27T14:55:00","guid":{"rendered":"https:\/\/zibacollection.versify.digital\/?page_id=22646"},"modified":"2024-01-27T16:55:27","modified_gmt":"2024-01-27T14:55:27","slug":"pristatymo-salygos","status":"publish","type":"page","link":"https:\/\/zibacollection.versify.digital\/ru\/pristatymo-salygos\/","title":{"rendered":"\u0423\u0441\u043b\u043e\u0432\u0438\u044f \u043f\u043e\u0441\u0442\u0430\u0432\u043a\u0438"},"content":{"rendered":"<p><\/p>\n\n\n\n<p><strong>\u0423\u0441\u043b\u043e\u0432\u0438\u044f \u0438 \u0441\u0440\u043e\u043a\u0438 \u0434\u043e\u0441\u0442\u0430\u0432\u043a\u0438:<\/strong><\/p>\n\n\n\n<ul>\n<li><strong>\u0412\u0440\u0435\u043c\u044f \u0434\u043e\u0441\u0442\u0430\u0432\u043a\u0438:<\/strong> \u0422\u043e\u0432\u0430\u0440 \u0431\u0443\u0434\u0435\u0442 \u0434\u043e\u0441\u0442\u0430\u0432\u043b\u0435\u043d \u0432 \u0442\u0435\u0447\u0435\u043d\u0438\u0435 3-5 \u0440\u0430\u0431\u043e\u0447\u0438\u0445 \u0434\u043d\u0435\u0439 \u0441 \u043c\u043e\u043c\u0435\u043d\u0442\u0430 \u043e\u043f\u043b\u0430\u0442\u044b. \u0412\u0430\u0436\u043d\u043e \u043e\u0442\u043c\u0435\u0442\u0438\u0442\u044c, \u0447\u0442\u043e \u044d\u0442\u0438 \u0441\u0440\u043e\u043a\u0438 \u044f\u0432\u043b\u044f\u044e\u0442\u0441\u044f \u043f\u0440\u0435\u0434\u0432\u0430\u0440\u0438\u0442\u0435\u043b\u044c\u043d\u044b\u043c\u0438 \u0438 \u043c\u043e\u0433\u0443\u0442 \u0431\u044b\u0442\u044c \u0438\u0437\u043c\u0435\u043d\u0435\u043d\u044b \u043f\u043e \u043d\u0435\u0437\u0430\u0432\u0438\u0441\u044f\u0449\u0438\u043c \u043e\u0442 \u043d\u0430\u0441 \u043e\u0431\u0441\u0442\u043e\u044f\u0442\u0435\u043b\u044c\u0441\u0442\u0432\u0430\u043c.<\/li>\n\n\n\n<li><strong>\u041c\u0438\u043d\u0438\u043c\u0430\u043b\u044c\u043d\u0430\u044f \u0441\u0443\u043c\u043c\u0430 \u0437\u0430\u043a\u0430\u0437\u0430:<\/strong> \u041c\u0438\u043d\u0438\u043c\u0430\u043b\u044c\u043d\u0430\u044f \u0441\u0443\u043c\u043c\u0430 \u0437\u0430\u043a\u0430\u0437\u0430 \u0441\u043e\u0441\u0442\u0430\u0432\u043b\u044f\u0435\u0442 10 \u0435\u0432\u0440\u043e. \u042d\u0442\u043e \u043e\u0437\u043d\u0430\u0447\u0430\u0435\u0442, \u0447\u0442\u043e \u0437\u0430\u043a\u0430\u0437\u044b \u043d\u0430 \u043c\u0435\u043d\u044c\u0448\u0443\u044e \u0441\u0443\u043c\u043c\u0443 \u043e\u0431\u0440\u0430\u0431\u0430\u0442\u044b\u0432\u0430\u0442\u044c\u0441\u044f \u043d\u0435 \u0431\u0443\u0434\u0443\u0442.<\/li>\n<\/ul>\n\n\n\n<p><strong>\u0421\u0442\u043e\u0438\u043c\u043e\u0441\u0442\u044c \u0434\u043e\u0441\u0442\u0430\u0432\u043a\u0438:<\/strong><\/p>\n\n\n\n<ul>\n<li><strong>\u0411\u0435\u0441\u043f\u043b\u0430\u0442\u043d\u0430\u044f \u0434\u043e\u0441\u0442\u0430\u0432\u043a\u0430:<\/strong> \u0417\u0430\u043a\u0430\u0437\u044b \u043d\u0430 \u0441\u0443\u043c\u043c\u0443 \u0441\u0432\u044b\u0448\u0435 700 \u0435\u0432\u0440\u043e \u0434\u043e\u0441\u0442\u0430\u0432\u043b\u044f\u044e\u0442\u0441\u044f \u0431\u0435\u0441\u043f\u043b\u0430\u0442\u043d\u043e.<\/li>\n\n\n\n<li><strong>\u0421\u0442\u0430\u043d\u0434\u0430\u0440\u0442\u043d\u0430\u044f \u0434\u043e\u0441\u0442\u0430\u0432\u043a\u0430:<\/strong>\n<ul>\n<li>\u0427\u0435\u0440\u0435\u0437 \u043f\u043e\u0447\u0442\u043e\u0432\u043e\u0435 \u043e\u0442\u0434\u0435\u043b\u0435\u043d\u0438\u0435 - EUR 3,50<\/li>\n\n\n\n<li>\u041a\u0443\u0440\u044c\u0435\u0440\u043e\u043c - 4,00 EUR<\/li>\n<\/ul>\n<\/li>\n\n\n\n<li><strong>\u0417\u0430 \u0434\u043e\u0441\u0442\u0430\u0432\u043a\u0443 \u043d\u0430 \u041a\u0443\u0440\u0448\u0441\u043a\u0443\u044e \u043a\u043e\u0441\u0443 \u0432\u0437\u0438\u043c\u0430\u0435\u0442\u0441\u044f \u0434\u043e\u043f\u043e\u043b\u043d\u0438\u0442\u0435\u043b\u044c\u043d\u0430\u044f \u043f\u043b\u0430\u0442\u0430:<\/strong> \u0414\u043e\u0441\u0442\u0430\u0432\u043a\u0430 \u0432 \u044d\u0442\u043e\u0442 \u0440\u0435\u0433\u0438\u043e\u043d \u043e\u0431\u043e\u0439\u0434\u0435\u0442\u0441\u044f \u0432 29 \u0435\u0432\u0440\u043e. <\/li>\n<\/ul>\n\n\n\n<p><strong>\u0410\u0434\u0440\u0435\u0441 \u0434\u043e\u0441\u0442\u0430\u0432\u043a\u0438:<\/strong><\/p>\n\n\n\n<ul>\n<li><strong>\u0421\u0432\u043e\u0431\u043e\u0434\u0430 \u0432\u044b\u0431\u043e\u0440\u0430:<\/strong> \u0412\u044b \u043c\u043e\u0436\u0435\u0442\u0435 \u0432\u044b\u0431\u0440\u0430\u0442\u044c \u0434\u043e\u0441\u0442\u0430\u0432\u043a\u0443 \u043d\u0430 \u0434\u043e\u043c \u0438\u043b\u0438 \u043d\u0430 \u0440\u0430\u0431\u043e\u0442\u0443.<\/li>\n\n\n\n<li><strong>\u0418\u043d\u0444\u043e\u0440\u043c\u0430\u0446\u0438\u044f \u043e \u0440\u0430\u0431\u043e\u0447\u0435\u043c \u043c\u0435\u0441\u0442\u0435:<\/strong> \u0415\u0441\u043b\u0438 \u0432\u044b \u0445\u043e\u0442\u0438\u0442\u0435 \u043f\u043e\u043b\u0443\u0447\u0438\u0442\u044c \u0442\u043e\u0432\u0430\u0440 \u043d\u0430 \u0441\u0432\u043e\u0435\u043c \u0440\u0430\u0431\u043e\u0447\u0435\u043c \u043c\u0435\u0441\u0442\u0435, \u043d\u0435\u043e\u0431\u0445\u043e\u0434\u0438\u043c\u043e \u0443\u043a\u0430\u0437\u0430\u0442\u044c \u0447\u0430\u0441\u044b \u0440\u0430\u0431\u043e\u0442\u044b \u0432 \u043f\u043e\u043b\u0435 \"\u0414\u043e\u043f\u043e\u043b\u043d\u0438\u0442\u0435\u043b\u044c\u043d\u0430\u044f \u0438\u043d\u0444\u043e\u0440\u043c\u0430\u0446\u0438\u044f\", \u0447\u0442\u043e\u0431\u044b \u043e\u0431\u0435\u0441\u043f\u0435\u0447\u0438\u0442\u044c \u0431\u0435\u0441\u043f\u0435\u0440\u0435\u0431\u043e\u0439\u043d\u0443\u044e \u0434\u043e\u0441\u0442\u0430\u0432\u043a\u0443.<\/li>\n<\/ul>\n\n\n\n<p><strong>\u041e\u043f\u043b\u0430\u0442\u0430 \u0438 \u043d\u0430\u043b\u043e\u0433\u0438:<\/strong><\/p>\n\n\n\n<ul>\n<li><strong>\u0426\u0435\u043d\u0430 \u0434\u043e\u0441\u0442\u0430\u0432\u043a\u0438:<\/strong> \u0412\u0441\u0435 \u0440\u0430\u0441\u0445\u043e\u0434\u044b \u043d\u0430 \u0434\u043e\u0441\u0442\u0430\u0432\u043a\u0443 \u0431\u0443\u0434\u0443\u0442 \u0430\u0432\u0442\u043e\u043c\u0430\u0442\u0438\u0447\u0435\u0441\u043a\u0438 \u0434\u043e\u0431\u0430\u0432\u043b\u0435\u043d\u044b \u043a \u0441\u0443\u043c\u043c\u0435 \u0437\u0430\u043a\u0430\u0437\u0430 \u043d\u0430 \u0441\u0442\u0440\u0430\u043d\u0438\u0446\u0435 \u043e\u0444\u043e\u0440\u043c\u043b\u0435\u043d\u0438\u044f \u0437\u0430\u043a\u0430\u0437\u0430.<\/li>\n<\/ul>","protected":false},"excerpt":{"rendered":"<p>Pristatymo Terminai ir S\u0105lygos: Pristatymo Mokes\u010diai: Pristatymo Adresas: Apmok\u0117jimas ir Mokes\u010diai:<\/p>","protected":false},"author":1,"featured_media":0,"parent":0,"menu_order":0,"comment_status":"closed","ping_status":"closed","template":"","meta":{"footnotes":""},"_links":{"self":[{"href":"https:\/\/zibacollection.versify.digital\/ru\/wp-json\/wp\/v2\/pages\/22646"}],"collection":[{"href":"https:\/\/zibacollection.versify.digital\/ru\/wp-json\/wp\/v2\/pages"}],"about":[{"href":"https:\/\/zibacollection.versify.digital\/ru\/wp-json\/wp\/v2\/types\/page"}],"author":[{"embeddable":true,"href":"https:\/\/zibacollection.versify.digital\/ru\/wp-json\/wp\/v2\/users\/1"}],"replies":[{"embeddable":true,"href":"https:\/\/zibacollection.versify.digital\/ru\/wp-json\/wp\/v2\/comments?post=22646"}],"version-history":[{"count":2,"href":"https:\/\/zibacollection.versify.digital\/ru\/wp-json\/wp\/v2\/pages\/22646\/revisions"}],"predecessor-version":[{"id":22648,"href":"https:\/\/zibacollection.versify.digital\/ru\/wp-json\/wp\/v2\/pages\/22646\/revisions\/22648"}],"wp:attachment":[{"href":"https:\/\/zibacollection.versify.digital\/ru\/wp-json\/wp\/v2\/media?parent=22646"}],"curies":[{"name":"wp","href":"https:\/\/api.w.org\/{rel}","templated":true}]}}