{"id":22654,"date":"2024-01-27T17:32:49","date_gmt":"2024-01-27T15:32:49","guid":{"rendered":"https:\/\/zibacollection.versify.digital\/?page_id=22654"},"modified":"2024-06-28T00:51:21","modified_gmt":"2024-06-27T21:51:21","slug":"apie-mus","status":"publish","type":"page","link":"https:\/\/zibacollection.versify.digital\/ru\/apie-mus\/","title":{"rendered":"\u041e \u043d\u0430\u0441"},"content":{"rendered":"<div data-elementor-type=\"wp-page\" data-elementor-id=\"22654\" class=\"elementor elementor-22654\" data-elementor-post-type=\"page\">\n\t\t\t\t\t\t<section class=\"elementor-section elementor-top-section elementor-element elementor-element-43b43abc elementor-section-boxed elementor-section-gap-beside-yes elementor-section-height-default elementor-section-height-default elementor-section-content-align-center elementor-section-column-vertical-align-stretch\" data-id=\"43b43abc\" data-element_type=\"section\">\n\t\t\t\t\t\t<div class=\"elementor-container elementor-column-gap-extended\">\n\t\t\t\t\t<div class=\"elementor-column elementor-col-100 elementor-top-column elementor-element elementor-element-d894d2e\" data-id=\"d894d2e\" data-element_type=\"column\">\n\t\t\t<div class=\"elementor-widget-wrap elementor-element-populated\">\n\t\t\t\t\t\t<div class=\"elementor-element elementor-element-7fe83acc elementor-widget elementor-widget-tm-heading\" data-id=\"7fe83acc\" data-element_type=\"widget\" data-widget_type=\"tm-heading.default\">\n\t\t\t\t<div class=\"elementor-widget-container\">\n\t\t\t\t\t\t\t<div class=\"tm-modern-heading tm-modern-heading--style-02 tm-modern-heading--highlight-style-01\">\n\t\t\t\n\t\t\t\t\t<div class=\"heading-primary-wrap\">\n\t\t\t<h2 class=\"heading-primary elementor-heading-title\">\u0417\u0434\u0440\u0430\u0432\u0441\u0442\u0432\u0443\u0439\u0442\u0435,<\/h2>\t\t<\/div>\n\t\t\n\t\t\t\n\t\t\t\t\t<\/div>\n\t\t\t\t\t\t<\/div>\n\t\t\t\t<\/div>\n\t\t\t\t<div class=\"elementor-element elementor-element-3e1767bb elementor-widget elementor-widget-tm-heading\" data-id=\"3e1767bb\" data-element_type=\"widget\" data-widget_type=\"tm-heading.default\">\n\t\t\t\t<div class=\"elementor-widget-container\">\n\t\t\t\t\t\t\t<div class=\"tm-modern-heading tm-modern-heading--style-03 tm-modern-heading--highlight-style-01\">\n\t\t\t\n\t\t\t\t\t<div class=\"heading-primary-wrap\">\n\t\t\t<h3 class=\"heading-primary elementor-heading-title\">\u0417\u0434\u0440\u0430\u0432\u0441\u0442\u0432\u0443\u0439\u0442\u0435,\n\n\u041e\u0442\u043a\u0440\u044b\u0432 \u0434\u043b\u044f \u0441\u0435\u0431\u044f \u044f\u043d\u0442\u0430\u0440\u044c, \u043a\u0430\u043c\u0435\u043d\u044c, \u043e\u0442\u043f\u043e\u043b\u0438\u0440\u043e\u0432\u0430\u043d\u043d\u044b\u0439 \u043c\u043e\u0440\u0435\u043c, \u044f \u043d\u0430\u0447\u0430\u043b\u0430 \u0441\u043e\u0437\u0434\u0430\u0432\u0430\u0442\u044c \u0443\u043a\u0440\u0430\u0448\u0435\u043d\u0438\u044f - \u043d\u0435\u043f\u043e\u043b\u0438\u0440\u043e\u0432\u0430\u043d\u043d\u044b\u0435, \u0436\u0438\u0432\u044b\u0435 \u0438 \u0443\u043d\u0438\u043a\u0430\u043b\u044c\u043d\u044b\u0435. \u0421\u0432\u0435\u0440\u043a\u0430\u0442\u044c \u043c\u043e\u0433\u0443\u0442 \u043d\u0435 \u0442\u043e\u043b\u044c\u043a\u043e \u0431\u0440\u0438\u043b\u043b\u0438\u0430\u043d\u0442\u044b, \u043d\u043e \u0438 \u0432\u044b \u0441\u0430\u043c\u0438 - \u0432\u044b\u0431\u0438\u0440\u0430\u044f \u0443\u043d\u0438\u043a\u0430\u043b\u044c\u043d\u043e\u0441\u0442\u044c. \u042f \u043f\u0440\u043e\u0434\u0443\u043c\u0430\u043b \u0432\u0441\u0435 \u0434\u043e \u043c\u0435\u043b\u043e\u0447\u0435\u0439, \u043f\u043e\u044d\u0442\u043e\u043c\u0443 \u0434\u0430\u0436\u0435 \u044d\u0442\u043e \u043c\u0430\u043b\u0435\u043d\u044c\u043a\u043e\u0435 \u0443\u0434\u043e\u0432\u043e\u043b\u044c\u0441\u0442\u0432\u0438\u0435 \u043e\u0442 \u0436\u0438\u0437\u043d\u0438, \u043a\u043e\u0442\u043e\u0440\u043e\u0435 \u044f \u0445\u043e\u0447\u0443 \u043f\u043e\u0434\u0430\u0440\u0438\u0442\u044c \u0432\u0430\u043c, \u0431\u0443\u0434\u0435\u0442 \u0441\u043e\u0433\u0440\u0435\u0432\u0430\u0442\u044c \u0438 \u0443\u0441\u043f\u043e\u043a\u0430\u0438\u0432\u0430\u0442\u044c \u0432\u0430\u0441.<\/h3>\t\t<\/div>\n\t\t\n\t\t\t\n\t\t\t\t\t<\/div>\n\t\t\t\t\t\t<\/div>\n\t\t\t\t<\/div>\n\t\t\t\t\t<\/div>\n\t\t<\/div>\n\t\t\t\t\t<\/div>\n\t\t<\/section>\n\t\t\t\t<section class=\"elementor-section elementor-top-section elementor-element elementor-element-7c7ef066 elementor-section-boxed elementor-section-gap-beside-yes elementor-section-height-default elementor-section-height-default elementor-section-column-vertical-align-stretch\" data-id=\"7c7ef066\" data-element_type=\"section\">\n\t\t\t\t\t\t<div class=\"elementor-container elementor-column-gap-extended\">\n\t\t\t\t\t<div class=\"elementor-column elementor-col-50 elementor-top-column elementor-element elementor-element-974ea24\" data-id=\"974ea24\" data-element_type=\"column\">\n\t\t\t<div class=\"elementor-widget-wrap elementor-element-populated\">\n\t\t\t\t\t\t<div class=\"elementor-element elementor-element-7a0525fb minimog-animation-zoom-in elementor-widget elementor-widget-tm-modern-image\" data-id=\"7a0525fb\" data-element_type=\"widget\" data-widget_type=\"tm-modern-image.default\">\n\t\t\t\t<div class=\"elementor-widget-container\">\n\t\t\t\t\t\t\t<div class=\"tm-modern-image\">\n\t\t\t\t\t\t\t<div class=\"minimog-box\">\n\t\t\t\t\t<div class=\"minimog-image\">\t\t\t\t\t<m-image class=\"minimog-lazy-image\" style=\"--lazy-image-width: 823px;--lazy-image-height: 111.42162818955%;\" data-image-loading><img loading=\"lazy\" decoding=\"async\"  src=\"https:\/\/zibacollection.versify.digital\/wp-content\/uploads\/2024\/06\/ziba-ikureja.jpg\" width=\"823\" height=\"917\" alt=\"ziba-ikureja\" class=\"attachment-full size-full\" \/><\/m-image>\t\t\t\t\t<\/div>\t\t\t\t<\/div>\n\t\t\t\t\t\t\t\t\t\t<\/div>\n\t\t\t\t\t\t<\/div>\n\t\t\t\t<\/div>\n\t\t\t\t\t<\/div>\n\t\t<\/div>\n\t\t\t\t<div class=\"elementor-column elementor-col-50 elementor-top-column elementor-element elementor-element-2db9c52d\" data-id=\"2db9c52d\" data-element_type=\"column\">\n\t\t\t<div class=\"elementor-widget-wrap elementor-element-populated\">\n\t\t\t\t\t\t<div class=\"elementor-element elementor-element-494bf35e elementor-widget elementor-widget-tm-heading\" data-id=\"494bf35e\" data-element_type=\"widget\" data-widget_type=\"tm-heading.default\">\n\t\t\t\t<div class=\"elementor-widget-container\">\n\t\t\t\t\t\t\t<div class=\"tm-modern-heading tm-modern-heading--style-01 tm-modern-heading--highlight-style-01\">\n\t\t\t\n\t\t\t\t\t<div class=\"heading-primary-wrap\">\n\t\t\t<h2 class=\"heading-primary elementor-heading-title\">\u041d\u0430\u0447\u0430\u043b\u043e \u043d\u0430\u0448\u0435\u0433\u043e \u043f\u0443\u0442\u0435\u0448\u0435\u0441\u0442\u0432\u0438\u044f<\/h2>\t\t<\/div>\n\t\t\n\t\t\t\n\t\t\t\t\t<\/div>\n\t\t\t\t\t\t<\/div>\n\t\t\t\t<\/div>\n\t\t\t\t<div class=\"elementor-element elementor-element-b6b31fc elementor-widget elementor-widget-text-editor\" data-id=\"b6b31fc\" data-element_type=\"widget\" data-widget_type=\"text-editor.default\">\n\t\t\t\t<div class=\"elementor-widget-container\">\n\t\t\t\t\t\t\t\t\t<p>\u042f - \u0416\u0438\u0432\u0438\u043b\u0435, \u0430\u0432\u0442\u043e\u0440 \u0441\u0431\u043e\u0440\u043d\u0438\u043a\u0430 \u0417\u0438\u0431\u044b \"\u041d\u043e\u0432\u044b\u0439 \u043a\u043e\u0434 \u0410\u041c\u0411\u0415\u0420\". \u042f \u043c\u0430\u0442\u044c \u0442\u0440\u0435\u0445 \u0434\u043e\u0447\u0435\u0440\u0435\u0439, \u0436\u0435\u043d\u0430 \u0438 \u0441\u043e\u0437\u0434\u0430\u0442\u0435\u043b\u044c\u043d\u0438\u0446\u0430. \u041c\u043e\u044f \u0441\u0435\u043c\u044c\u044f - \u044d\u0442\u043e \u043c\u043e\u044f \u043f\u043e\u0434\u0434\u0435\u0440\u0436\u043a\u0430 \u0438 \u043c\u043e\u0438 \u0441\u0430\u043c\u044b\u0435 \u0431\u043e\u043b\u044c\u0448\u0438\u0435 \u043f\u043e\u043a\u043b\u043e\u043d\u043d\u0438\u043a\u0438, \u043a\u043e\u0442\u043e\u0440\u044b\u0435 \u0432\u0434\u043e\u0445\u043d\u043e\u0432\u043b\u044f\u044e\u0442 \u043c\u0435\u043d\u044f \u0434\u0435\u043b\u0430\u0442\u044c \u0438\u043c\u0435\u043d\u043d\u043e \u0442\u043e, \u0447\u0442\u043e \u044f \u0434\u0435\u043b\u0430\u044e \u0441\u0435\u0439\u0447\u0430\u0441 - \u0442\u0432\u043e\u0440\u0438\u0442\u044c.<\/p><p>\u042f \u0434\u0430\u0432\u043d\u043e \u0443\u0432\u043b\u0435\u043a\u0430\u044e\u0441\u044c \u0430\u0440\u043e\u043c\u0430\u0442\u0435\u0440\u0430\u043f\u0438\u0435\u0439, \u043f\u043e\u044d\u0442\u043e\u043c\u0443 \u043c\u043e\u0433\u0443 \u0441 \u0443\u0432\u0435\u0440\u0435\u043d\u043d\u043e\u0441\u0442\u044c\u044e \u0441\u043a\u0430\u0437\u0430\u0442\u044c, \u0447\u0442\u043e \u0443\u043c\u0435\u044e \u0447\u0443\u0432\u0441\u0442\u0432\u043e\u0432\u0430\u0442\u044c, \u0440\u0430\u0437\u043b\u0438\u0447\u0430\u0442\u044c \u0438 \u0441\u043e\u0447\u0435\u0442\u0430\u0442\u044c \u043d\u043e\u0442\u044b \u0440\u0430\u0437\u043b\u0438\u0447\u043d\u044b\u0445 \u0430\u0440\u043e\u043c\u0430\u0442\u043e\u0432. \u0414\u043b\u044f \u043c\u0435\u043d\u044f \u043c\u0438\u0440 \u0430\u0440\u043e\u043c\u0430\u0442\u043e\u0432 - \u044d\u0442\u043e \u0441\u043e\u0447\u0435\u0442\u0430\u043d\u0438\u0435 \u0437\u043d\u0430\u043d\u0438\u0439 \u0438 \u0436\u0438\u0437\u043d\u0438, \u043a\u043e\u0442\u043e\u0440\u044b\u043c\u0438 \u044f \u0445\u043e\u0447\u0443 \u043f\u043e\u0434\u0435\u043b\u0438\u0442\u044c\u0441\u044f. \u041f\u0440\u0435\u0434\u0441\u0442\u0430\u0432\u043b\u044f\u044e \u0432\u0430\u043c \u0441\u0432\u0435\u0447\u0438 \u0438\u0437 \u0441\u043e\u0435\u0432\u043e\u0433\u043e \u0432\u043e\u0441\u043a\u0430, \u0432 \u043a\u043e\u0442\u043e\u0440\u044b\u0435 \u044f \u0432\u043b\u043e\u0436\u0438\u043b\u0430 \u0432\u0441\u044e \u0441\u0432\u043e\u044e \u043b\u044e\u0431\u043e\u0432\u044c. \u041a\u0430\u0436\u0434\u0430\u044f \u0441\u0432\u0435\u0447\u0430 \u0443\u043d\u0438\u043a\u0430\u043b\u044c\u043d\u0430, \u0432 \u043d\u0435\u0439 \u0441\u043e\u0447\u0435\u0442\u0430\u044e\u0442\u0441\u044f \u0440\u0430\u0437\u043d\u044b\u0435 \u0430\u0440\u043e\u043c\u0430\u0442\u044b. \u0412\u044b\u0431\u0435\u0440\u0438\u0442\u0435 \u0442\u043e, \u0447\u0442\u043e \u0432\u0430\u043c \u043d\u0440\u0430\u0432\u0438\u0442\u0441\u044f, \u0438 \u0432\u044b \u043f\u043e\u0447\u0443\u0432\u0441\u0442\u0432\u0443\u0435\u0442\u0435, \u043a\u0430\u043a \u0432\u0430\u0448 \u0434\u043e\u043c \u043d\u0430\u043f\u043e\u043b\u043d\u044f\u0435\u0442\u0441\u044f \u0443\u044e\u0442\u043d\u044b\u043c \u0430\u0440\u043e\u043c\u0430\u0442\u043e\u043c.<\/p><p>\u041e\u0442\u043a\u0440\u043e\u0439\u0442\u0435 \u0434\u043b\u044f \u0441\u0435\u0431\u044f \u0433\u0430\u0440\u043c\u043e\u043d\u0438\u044e \u0438 \u043f\u043e\u043b\u043d\u043e\u0442\u0443 \u0441 \u043a\u043e\u043b\u043b\u0435\u043a\u0446\u0438\u0435\u0439 Ziba The New CODE of AMBER.<\/p><p><em>\u0412\u0430\u0448,<\/em><br \/><em>\u017divil\u0117<\/em><\/p>\t\t\t\t\t\t\t\t<\/div>\n\t\t\t\t<\/div>\n\t\t\t\t\t<\/div>\n\t\t<\/div>\n\t\t\t\t\t<\/div>\n\t\t<\/section>\n\t\t\t\t<\/div>","protected":false},"excerpt":{"rendered":"<p>Sveiki, Sveiki, Atradusi j\u016bros i\u0161myluot\u0105 akmen\u012f gintar\u0105, prad\u0117jau kurti papuo\u0161alus \u2013 nenugludintus, gyvus ir i\u0161skirtinius. \u017dib\u0117ti gali ne tik deimantai, bet ir J\u016bs pa\u010dios \u2013 besirenkan\u010dios unikalum\u0105. Esu apgalvojusi kiekvien\u0105 smulkmen\u0105, tod\u0117l net \u0161is ma\u017eas gyvenimo malonumas, kur\u012f noriu Jums padovanoti \u2013 \u0161ildys ir ramins. M\u016bs\u0173 kelion\u0117s prad\u017eia A\u0161 \u017divil\u0117, Ziba collection The New CODE of AMBER autor\u0117. Esu trij\u0173 dukr\u0173 mama, \u017emona ir k\u016br\u0117ja. \u0160eima \u2013 mano atrama ir did\u017eiausi gerb\u0117jai, kurie skatina daryti b\u016btent tai, k\u0105 darau dabar \u2013 kurti. Aromaterapija domiuosi seniai, tad galiu dr\u0105siai teigti, kad gebu u\u017euosti, atskirti ir derinti \u012fvairi\u0173 kvap\u0173 natas. Kvap\u0173 pasaulis man \u2013 pa\u017einimo ir gyvyb\u0117s derinys, kuriuo noriu dalintis. Pristatau Jums soj\u0173 va\u0161ko \u017evakes, \u012f kurias sud\u0117jau vis\u0105 savo meil\u0119. Kiekviena \u017evak\u0117 unikali, tarpusavyje derinanti skirting\u0173 kvap\u0173 gamas. Pasirinkite, kas Jums patinka ir pajusite, kaip namai prisipildo jaukaus kvapo. Atraskite harmonij\u0105 ir pilnatv\u0119 kartu su Ziba collection The New CODE of AMBER. J\u016bs\u0173,\u017divil\u0117<\/p>","protected":false},"author":1,"featured_media":0,"parent":0,"menu_order":0,"comment_status":"closed","ping_status":"closed","template":"","meta":{"footnotes":""},"_links":{"self":[{"href":"https:\/\/zibacollection.versify.digital\/ru\/wp-json\/wp\/v2\/pages\/22654"}],"collection":[{"href":"https:\/\/zibacollection.versify.digital\/ru\/wp-json\/wp\/v2\/pages"}],"about":[{"href":"https:\/\/zibacollection.versify.digital\/ru\/wp-json\/wp\/v2\/types\/page"}],"author":[{"embeddable":true,"href":"https:\/\/zibacollection.versify.digital\/ru\/wp-json\/wp\/v2\/users\/1"}],"replies":[{"embeddable":true,"href":"https:\/\/zibacollection.versify.digital\/ru\/wp-json\/wp\/v2\/comments?post=22654"}],"version-history":[{"count":7,"href":"https:\/\/zibacollection.versify.digital\/ru\/wp-json\/wp\/v2\/pages\/22654\/revisions"}],"predecessor-version":[{"id":25639,"href":"https:\/\/zibacollection.versify.digital\/ru\/wp-json\/wp\/v2\/pages\/22654\/revisions\/25639"}],"wp:attachment":[{"href":"https:\/\/zibacollection.versify.digital\/ru\/wp-json\/wp\/v2\/media?parent=22654"}],"curies":[{"name":"wp","href":"https:\/\/api.w.org\/{rel}","templated":true}]}}