{"id":25647,"date":"2024-06-28T01:10:32","date_gmt":"2024-06-27T22:10:32","guid":{"rendered":"https:\/\/zibacollection.versify.digital\/?page_id=25647"},"modified":"2024-06-28T01:12:25","modified_gmt":"2024-06-27T22:12:25","slug":"kontaktai","status":"publish","type":"page","link":"https:\/\/zibacollection.versify.digital\/ru\/kontaktai\/","title":{"rendered":"\u0421\u0432\u044f\u0437\u0430\u0442\u044c\u0441\u044f \u0441"},"content":{"rendered":"<div data-elementor-type=\"wp-page\" data-elementor-id=\"25647\" class=\"elementor elementor-25647\" data-elementor-post-type=\"page\">\n\t\t\t\t<div class=\"elementor-element elementor-element-f76beff e-flex e-con-boxed e-con e-parent\" data-id=\"f76beff\" data-element_type=\"container\">\n\t\t\t\t\t<div class=\"e-con-inner\">\n\t\t<div class=\"elementor-element elementor-element-37dc405 e-con-full e-flex e-con e-child\" data-id=\"37dc405\" data-element_type=\"container\">\n\t\t\t\t<div class=\"elementor-element elementor-element-200347f elementor-widget elementor-widget-text-editor\" data-id=\"200347f\" data-element_type=\"widget\" data-widget_type=\"text-editor.default\">\n\t\t\t\t<div class=\"elementor-widget-container\">\n\t\t\t\t\t\t\t\t\t<div class=\"wpb_text_column wpb_content_element\"><div class=\"wpb_wrapper\"><h3><strong>\u041a\u041e\u041d\u0422\u0410\u041a\u0422<\/strong><\/h3><\/div><\/div><div class=\"vc_empty_space\">\u00a0<\/div><div class=\"wpb_text_column wpb_content_element\"><div class=\"wpb_wrapper\"><p>\u0413\u043e\u0434\u0430 \u0411\u0440\u0443\u0436\u0430\u0439\u0442\u0435<br \/>\u0418\u043d\u0434\u0438\u0432\u0438\u0434\u0443\u0430\u043b\u044c\u043d\u0430\u044f \u0434\u0435\u044f\u0442\u0435\u043b\u044c\u043d\u043e\u0441\u0442\u044c \u2116 992857<\/p><p><a href=\"tel: 37065633359\">+370 656 33 359<\/a><br \/><a href=\"mailto:zibacode@gmail.com\">zibacode@gmail.com<\/a><\/p><\/div><\/div>\t\t\t\t\t\t\t\t<\/div>\n\t\t\t\t<\/div>\n\t\t\t\t<div class=\"elementor-element elementor-element-edbc3d4 elementor-widget elementor-widget-tm-social-networks\" data-id=\"edbc3d4\" data-element_type=\"widget\" data-widget_type=\"tm-social-networks.default\">\n\t\t\t\t<div class=\"elementor-widget-container\">\n\t\t\t\t\t\t\t<div class=\"tm-social-networks style-icons layout-inline\">\n\t\t\t<ul class=\"list\">\t\t\t\t<li class=\"item elementor-repeater-item-684001b\">\n\t\t\t\t\t<a class=\"link\" aria-label=\"Facebook\" href=\"https:\/\/www.facebook.com\/zibacollectionamber\/\" target=\"_blank\" rel=\"nofollow\">\n\t\t\t\t\t\t<svg class=\"link-icon e-font-icon-svg e-fab-facebook-f\" viewbox=\"0 0 320 512\" xmlns=\"http:\/\/www.w3.org\/2000\/svg\"><path d=\"M279.14 288l14.22-92.66h-88.91v-60.13c0-25.35 12.42-50.06 52.24-50.06h40.42V6.26S260.43 0 225.36 0c-73.22 0-121.08 44.38-121.08 124.72v70.62H22.89V288h81.39v224h100.17V288z\"><\/path><\/svg>\t\t\t\t\t<\/a>\n\t\t\t\t<\/li>\n\t\t\t\t\t\t\t\t<li class=\"item elementor-repeater-item-adb4bd0\">\n\t\t\t\t\t<a class=\"link\" aria-label=\"Instagram\" href=\"https:\/\/www.instagram.com\/ziba_collection_\/\" target=\"_blank\" rel=\"nofollow\">\n\t\t\t\t\t\t<svg class=\"link-icon e-font-icon-svg e-fab-instagram\" viewbox=\"0 0 448 512\" xmlns=\"http:\/\/www.w3.org\/2000\/svg\"><path d=\"M224.1 141c-63.6 0-114.9 51.3-114.9 114.9s51.3 114.9 114.9 114.9S339 319.5 339 255.9 287.7 141 224.1 141zm0 189.6c-41.1 0-74.7-33.5-74.7-74.7s33.5-74.7 74.7-74.7 74.7 33.5 74.7 74.7-33.6 74.7-74.7 74.7zm146.4-194.3c0 14.9-12 26.8-26.8 26.8-14.9 0-26.8-12-26.8-26.8s12-26.8 26.8-26.8 26.8 12 26.8 26.8zm76.1 27.2c-1.7-35.9-9.9-67.7-36.2-93.9-26.2-26.2-58-34.4-93.9-36.2-37-2.1-147.9-2.1-184.9 0-35.8 1.7-67.6 9.9-93.9 36.1s-34.4 58-36.2 93.9c-2.1 37-2.1 147.9 0 184.9 1.7 35.9 9.9 67.7 36.2 93.9s58 34.4 93.9 36.2c37 2.1 147.9 2.1 184.9 0 35.9-1.7 67.7-9.9 93.9-36.2 26.2-26.2 34.4-58 36.2-93.9 2.1-37 2.1-147.8 0-184.8zM398.8 388c-7.8 19.6-22.9 34.7-42.6 42.6-29.5 11.7-99.5 9-132.1 9s-102.7 2.6-132.1-9c-19.6-7.8-34.7-22.9-42.6-42.6-11.7-29.5-9-99.5-9-132.1s-2.6-102.7 9-132.1c7.8-19.6 22.9-34.7 42.6-42.6 29.5-11.7 99.5-9 132.1-9s102.7-2.6 132.1 9c19.6 7.8 34.7 22.9 42.6 42.6 11.7 29.5 9 99.5 9 132.1s2.7 102.7-9 132.1z\"><\/path><\/svg>\t\t\t\t\t<\/a>\n\t\t\t\t<\/li>\n\t\t\t\t<\/ul>\t\t<\/div>\n\t\t\t\t\t\t<\/div>\n\t\t\t\t<\/div>\n\t\t\t\t<\/div>\n\t\t<div class=\"elementor-element elementor-element-3b0ecb6 e-con-full e-flex e-con e-child\" data-id=\"3b0ecb6\" data-element_type=\"container\">\n\t\t\t\t<div class=\"elementor-element elementor-element-779ec9b elementor-widget elementor-widget-text-editor\" data-id=\"779ec9b\" data-element_type=\"widget\" data-widget_type=\"text-editor.default\">\n\t\t\t\t<div class=\"elementor-widget-container\">\n\t\t\t\t\t\t\t\t\t<p><strong>\u00a0\u00a0 \u0422\u043e\u0440\u0433\u043e\u0432\u044b\u0435 \u043c\u0435\u0441\u0442\u0430:<\/strong><\/p><ul><li>\"\u0411\u0443\u0442\u0438\u043a \u0432 \u0411\u0438\u0440\u0448\u0442\u043e\u043d\u0430\u0441\u0435\" Druskupio g. 1 Bir\u0161tonas (\u0441\u0432\u0435\u0447\u0438, \u0430\u0440\u043e\u043c\u0430\u0442\u044b \u0434\u043b\u044f \u0434\u043e\u043c\u0430)<\/li><li>\"Barbaros namai\" Tilvy\u010dio g.,67 Panev\u0117\u017eys (\u0441\u0432\u0435\u0447\u0438, \u0437\u0430\u043f\u0430\u0445\u0438 \u0434\u043b\u044f \u0434\u043e\u043c\u0430)<\/li><li>\"LaEla\" \u0441\u0430\u043b\u043e\u043d \u0448\u0442\u043e\u0440. Mindaugo g., 19 Vilnius (\u0441\u0432\u0435\u0447\u0438, \u0437\u0430\u043f\u0430\u0445\u0438 \u0434\u043b\u044f \u0434\u043e\u043c\u0430)<\/li><li>\"JB gro\u017eio namai\" Jaunimo g.,12-2 Raseiniai (\u0441\u0432\u0435\u0447\u0438, \u0430\u0440\u043e\u043c\u0430\u0442\u044b \u0434\u043b\u044f \u0434\u043e\u043c\u0430, \u043f\u0430\u0440\u0444\u044e\u043c\u0435\u0440\u0438\u044f)<\/li><li>\"Karpyn\u0117 Karpyn\u0117s g.2, Raseiniai\" (\u0441\u0432\u0435\u0447\u0438, \u0434\u043e\u043c\u0430\u0448\u043d\u0438\u0435 \u0437\u0430\u043f\u0430\u0445\u0438)<\/li><li>\"LueL Vytauto g., 53 Palanga\" (\u0441\u0432\u0435\u0447\u0438, \u0434\u043e\u043c\u0430\u0448\u043d\u0438\u0435 \u0437\u0430\u043f\u0430\u0445\u0438)<\/li><li>\"Piccolo\" Vytauto g., 57 Palanga (\u043f\u0430\u0440\u0444\u044e\u043c\u0435\u0440\u0438\u044f)<\/li><li>JUST.IN Vasario 16-osios, 41 \u0160iauliai (\u0441\u0432\u0435\u0447\u0438, \u0430\u0440\u043e\u043c\u0430\u0442\u044b \u0434\u043b\u044f \u0434\u043e\u043c\u0430, \u043f\u0430\u0440\u0444\u044e\u043c\u0435\u0440\u0438\u044f)<\/li><li>\u0420\u0435\u0441\u0442\u043e\u0440\u0430\u043d \"Juodasis kalnas\" Ievos kalno g. 22 Juodkrante (\u0441\u0432\u0435\u0447\u0438, \u0434\u043e\u043c\u0430\u0448\u043d\u0438\u0435 \u0437\u0430\u043f\u0430\u0445\u0438)<\/li><li>\"\u0412\u0435\u0436\u0443\u043a\u0430\u0439\" \u0432 \u0412\u0435\u0436\u0443\u043a\u0430\u0439\u0441\u043a\u043e\u043c \u043a\u043c, \u0420\u0430\u0441\u0435\u0439\u043d\u044f\u0439\u0441\u043a\u0438\u0439 \u0440-\u043d. \u0410\u0432\u0442\u043e\u043c\u0430\u0433\u0438\u0441\u0442\u0440\u0430\u043b\u044c \u041a\u0430\u0443\u043d\u0430\u0441 - \u041a\u043b\u0430\u0439\u043f\u0435\u0434\u0430 187 \u043a\u043c (\u0437\u0430\u043f\u0430\u0445 \u0434\u043e\u043c\u0430)<\/li><li>\"Vidukl\u0117 kold\u016bnai K\u0119stu\u010dio g., 36 Vidukl\u0117, Raseiniai raj.\" (\u0441\u0432\u0435\u0447\u0438, \u0434\u043e\u043c\u0430\u0448\u043d\u0438\u0435 \u0437\u0430\u043f\u0430\u0445\u0438).<\/li><\/ul><p><strong>\u00a0<\/strong><\/p><p><strong>\u041f\u043e \u0432\u043e\u043f\u0440\u043e\u0441\u0430\u043c \u0441\u043e\u0442\u0440\u0443\u0434\u043d\u0438\u0447\u0435\u0441\u0442\u0432\u0430 \u0441 \u043f\u0440\u043e\u0434\u0443\u043a\u0442\u0430\u043c\u0438, \u0440\u0430\u0437\u0440\u0430\u0431\u043e\u0442\u0430\u043d\u043d\u044b\u043c\u0438 \u0438\/\u0438\u043b\u0438 \u043f\u0440\u0435\u0434\u0441\u0442\u0430\u0432\u043b\u0435\u043d\u043d\u044b\u043c\u0438 \u043a\u043e\u043c\u043f\u0430\u043d\u0438\u0435\u0439 \u017diba, \u043e\u0431\u0440\u0430\u0449\u0430\u0439\u0442\u0435\u0441\u044c \u043f\u043e \u0441\u043b\u0435\u0434\u0443\u044e\u0449\u0438\u043c \u043a\u043e\u043d\u0442\u0430\u043a\u0442\u0430\u043c.<\/strong><\/p>\t\t\t\t\t\t\t\t<\/div>\n\t\t\t\t<\/div>\n\t\t\t\t<\/div>\n\t\t\t\t\t<\/div>\n\t\t\t\t<\/div>\n\t\t\t\t<\/div>","protected":false},"excerpt":{"rendered":"<p>KONTAKTAI \u00a0 Goda Bru\u017eait\u0117Individualios veiklos nr. 992857 +370 656 33 359zibacode@gmail.com \u00a0\u00a0 Prekybos vietos: \u201eButikas Bir\u0161tone\u201d Druskupio g. 1 Bir\u0161tonas (\u017evak\u0117s, nam\u0173 kvapai) \u201eBarboros namai\u201d Tilvy\u010dio g.,67 Panev\u0117\u017eys (\u017evak\u0117s, nam\u0173 kvapai) \u201eLaEla\u201d u\u017euolaid\u0173 salonas. Mindaugo g., 19 Vilnius (\u017evak\u0117s, nam\u0173 kvapai) \u201eJB gro\u017eio namai\u201d Jaunimo g.,12-2 Raseiniai (\u017evak\u0117s, nam\u0173 kvapai, kvepalai) \u201eKarpyn\u0117\u201d Karpyn\u0117s g.2, Raseiniai (\u017evak\u0117s, nam\u0173 kvapai) \u201eLueL\u201d Vytauto g., 53 Palanga (\u017evak\u0117s, nam\u0173 kvapai) \u201ePiccolo\u201d Vytauto g., 57 Palanga (kvepalai) JUST.IN Vasario 16-osios, 41 \u0160iauliai (\u017evak\u0117s, nam\u0173 kvapai, kvepalai) Restoranas \u201eJuodasis kalnas\u201d Ievos kalno g. 22 Juodkrant\u0117 (\u017evak\u0117s, nam\u0173 kvapai) \u201eV\u0117jukai\u201d V\u0117juk\u0173 km., Raseini\u0173 raj. Automagistral\u0117 Kaunas \u2013 Klaip\u0117da 187km.(nam\u0173 kvapai) \u201eVidukl\u0117s kold\u016bnai\u201d K\u0119stu\u010dio g., 36 Vidukl\u0117, Raseini\u0173 raj. (\u017evak\u0117s, nam\u0173 kvapai) \u00a0 D\u0117l bendradarbiavimo su \u017diba kuriamais ir\/ar atstovaujamais produktais\u00a0 susisiekite nurodytais kontaktais.<\/p>","protected":false},"author":1,"featured_media":0,"parent":0,"menu_order":0,"comment_status":"closed","ping_status":"closed","template":"","meta":{"footnotes":""},"_links":{"self":[{"href":"https:\/\/zibacollection.versify.digital\/ru\/wp-json\/wp\/v2\/pages\/25647"}],"collection":[{"href":"https:\/\/zibacollection.versify.digital\/ru\/wp-json\/wp\/v2\/pages"}],"about":[{"href":"https:\/\/zibacollection.versify.digital\/ru\/wp-json\/wp\/v2\/types\/page"}],"author":[{"embeddable":true,"href":"https:\/\/zibacollection.versify.digital\/ru\/wp-json\/wp\/v2\/users\/1"}],"replies":[{"embeddable":true,"href":"https:\/\/zibacollection.versify.digital\/ru\/wp-json\/wp\/v2\/comments?post=25647"}],"version-history":[{"count":7,"href":"https:\/\/zibacollection.versify.digital\/ru\/wp-json\/wp\/v2\/pages\/25647\/revisions"}],"predecessor-version":[{"id":25654,"href":"https:\/\/zibacollection.versify.digital\/ru\/wp-json\/wp\/v2\/pages\/25647\/revisions\/25654"}],"wp:attachment":[{"href":"https:\/\/zibacollection.versify.digital\/ru\/wp-json\/wp\/v2\/media?parent=25647"}],"curies":[{"name":"wp","href":"https:\/\/api.w.org\/{rel}","templated":true}]}}