{"id":25189,"date":"2024-01-28T20:23:02","date_gmt":"2024-01-28T18:23:02","guid":{"rendered":"https:\/\/zibacollection.versify.digital\/?post_type=product&#038;p=25189"},"modified":"2024-06-28T01:16:05","modified_gmt":"2024-06-27T22:16:05","slug":"dovanu-kuponas","status":"publish","type":"product","link":"https:\/\/zibacollection.versify.digital\/ru\/product\/dovanu-kuponas\/","title":{"rendered":"\u041f\u043e\u0434\u0430\u0440\u043e\u0447\u043d\u044b\u0439 \u0432\u0430\u0443\u0447\u0435\u0440"},"content":{"rendered":"","protected":false},"excerpt":{"rendered":"<p>Nustebinkite savo artim\u0105 \u017emog\u0173 \u017eiba collection dovan\u0173 kuponu, bei suteikite d\u017eiaugsm\u0105 i\u0161sirinkti tai ko nori labiausiai!<\/p>","protected":false},"featured_media":25658,"comment_status":"closed","ping_status":"closed","template":"","meta":[],"product_brand":[],"product_cat":[246],"product_tag":[],"_links":{"self":[{"href":"https:\/\/zibacollection.versify.digital\/ru\/wp-json\/wp\/v2\/product\/25189"}],"collection":[{"href":"https:\/\/zibacollection.versify.digital\/ru\/wp-json\/wp\/v2\/product"}],"about":[{"href":"https:\/\/zibacollection.versify.digital\/ru\/wp-json\/wp\/v2\/types\/product"}],"replies":[{"embeddable":true,"href":"https:\/\/zibacollection.versify.digital\/ru\/wp-json\/wp\/v2\/comments?post=25189"}],"version-history":[{"count":2,"href":"https:\/\/zibacollection.versify.digital\/ru\/wp-json\/wp\/v2\/product\/25189\/revisions"}],"predecessor-version":[{"id":25500,"href":"https:\/\/zibacollection.versify.digital\/ru\/wp-json\/wp\/v2\/product\/25189\/revisions\/25500"}],"wp:featuredmedia":[{"embeddable":true,"href":"https:\/\/zibacollection.versify.digital\/ru\/wp-json\/wp\/v2\/media\/25658"}],"wp:attachment":[{"href":"https:\/\/zibacollection.versify.digital\/ru\/wp-json\/wp\/v2\/media?parent=25189"}],"wp:term":[{"taxonomy":"product_brand","embeddable":true,"href":"https:\/\/zibacollection.versify.digital\/ru\/wp-json\/wp\/v2\/product_brand?post=25189"},{"taxonomy":"product_cat","embeddable":true,"href":"https:\/\/zibacollection.versify.digital\/ru\/wp-json\/wp\/v2\/product_cat?post=25189"},{"taxonomy":"product_tag","embeddable":true,"href":"https:\/\/zibacollection.versify.digital\/ru\/wp-json\/wp\/v2\/product_tag?post=25189"}],"curies":[{"name":"wp","href":"https:\/\/api.w.org\/{rel}","templated":true}]}}