{"id":25505,"date":"2024-06-28T00:06:19","date_gmt":"2024-06-27T21:06:19","guid":{"rendered":"https:\/\/zibacollection.versify.digital\/product\/ab-1882-kietieji-kvepalai-jardin-bleu-sukurti-prancuzijoje\/"},"modified":"2024-06-28T00:17:38","modified_gmt":"2024-06-27T21:17:38","slug":"ab-1882-kietieji-kvepalai-jardin-bleu-sukurti-prancuzijoje","status":"publish","type":"product","link":"https:\/\/zibacollection.versify.digital\/ru\/product\/ab-1882-kietieji-kvepalai-jardin-bleu-sukurti-prancuzijoje\/","title":{"rendered":"\u0422\u0412\u0415\u0420\u0414\u042b\u0415 \u0414\u0423\u0425\u0418 AB 1882 JARDIN BLEU \u0421\u041e\u0417\u0414\u0410\u041d\u042b \u0412\u041e \u0424\u0420\u0410\u041d\u0426\u0418\u0418"},"content":{"rendered":"<p>Raudon\u0173 ro\u017ei\u0173, jazmin\u0173 ir apelsin\u0173 \u017eied\u0173 natos su figmed\u017eio u\u017etvirtinimu, i\u0161jaustas raudon\u0173 vaisi\u0173 subtilumo gurmani\u0161kumo ir visai tai i\u0161ry\u0161k\u0117ja ant jausmingojo ir gilaus pa\u010diulio, bei smilkal\u0173 pagrindo, tvirtai u\u017erakinto jo didenyb\u0117s \u016bdo.<\/p>\n<p>\u00a0<\/p>\n<p>\u0418\u0441\u043f\u043e\u043b\u044c\u0437\u043e\u0432\u0430\u043d\u0438\u0435<\/p>\n<p>Unisex 96% nat\u016bral\u016bs be alkoholio kompakti\u0161ki kvepalai, skirti tepti tiesiai ant odos pir\u0161t\u0173 galiukais pulsuojan\u010diose vietose.<\/p>\n<p>\u0422\u0432\u0435\u0440\u0434\u044b\u0435 \u0431\u0435\u0441\u0441\u043f\u0438\u0440\u0442\u043e\u0432\u044b\u0435 \u0438 \u043c\u043d\u043e\u0433\u043e\u0440\u0430\u0437\u043e\u0432\u044b\u0435 \u043d\u0430\u0442\u0443\u0440\u0430\u043b\u044c\u043d\u044b\u0435 \u0430\u0440\u043e\u043c\u0430\u0442\u044b AB 1882 \u0432\u043e\u0441\u043f\u0435\u0432\u0430\u044e\u0442 \u0438\u0441\u043a\u0443\u0441\u0441\u0442\u0432\u043e \u0438\u0441\u043f\u043e\u043b\u044c\u0437\u043e\u0432\u0430\u043d\u0438\u044f \u0430\u0440\u043e\u043c\u0430\u0442\u043e\u0432 \u043f\u043e-\u0434\u0440\u0443\u0433\u043e\u043c\u0443, \u0441 \u0437\u0430\u0431\u043e\u0442\u043e\u0439 \u043e\u0431 \u043e\u043a\u0440\u0443\u0436\u0430\u044e\u0449\u0435\u0439 \u0441\u0440\u0435\u0434\u0435 \u0438 \u044d\u043b\u0435\u0433\u0430\u043d\u0442\u043d\u043e\u0441\u0442\u044c\u044e.<\/p>\n<p>\u00a0<\/p>\n<p>\u00a0<\/p>\n<p>\u00a0<\/p>\n<p>\u00a0<\/p>","protected":false},"excerpt":{"rendered":"<p>Moterys ir j\u0173 sielos slaptame ir mistiniame pasaulyje, nepagaunamos, jausmingos ir sant\u016brios tuo pa\u010diu metu. \u012e Jardin Bleu kvap\u0173 visat\u0105 patenkate saul\u0117lyd\u017eio metu, su smalsumu, su svajone, su norais apie taip vis\u0173 i\u0161svajot\u0105 am\u017einyb\u0119.<\/p>\n<p>\u00a0<\/p>\n<p>\u00a0<\/p>\n<p>Jardin Bleu kvepalai 7g, d\u0117klas su metalo ir tamsiai m\u0117lynos odos apdaila. Papildomas nauju \u012fd\u0117klu su kvepalais. Tai prabanga ir tvarumas kartu.<\/p>\n<p>\u00a0<\/p>\n<p>AB 1882 kietieji kvepalai atitinka 50ml., buteliuko t\u016br\u012f su alkoholiu. Vidutinis naudojimo laikas yra 6-8 m\u0117nesiai.<\/p>","protected":false},"featured_media":25504,"comment_status":"open","ping_status":"closed","template":"","meta":[],"product_brand":[276],"product_cat":[271],"product_tag":[],"_links":{"self":[{"href":"https:\/\/zibacollection.versify.digital\/ru\/wp-json\/wp\/v2\/product\/25505"}],"collection":[{"href":"https:\/\/zibacollection.versify.digital\/ru\/wp-json\/wp\/v2\/product"}],"about":[{"href":"https:\/\/zibacollection.versify.digital\/ru\/wp-json\/wp\/v2\/types\/product"}],"replies":[{"embeddable":true,"href":"https:\/\/zibacollection.versify.digital\/ru\/wp-json\/wp\/v2\/comments?post=25505"}],"version-history":[{"count":1,"href":"https:\/\/zibacollection.versify.digital\/ru\/wp-json\/wp\/v2\/product\/25505\/revisions"}],"predecessor-version":[{"id":25605,"href":"https:\/\/zibacollection.versify.digital\/ru\/wp-json\/wp\/v2\/product\/25505\/revisions\/25605"}],"wp:featuredmedia":[{"embeddable":true,"href":"https:\/\/zibacollection.versify.digital\/ru\/wp-json\/wp\/v2\/media\/25504"}],"wp:attachment":[{"href":"https:\/\/zibacollection.versify.digital\/ru\/wp-json\/wp\/v2\/media?parent=25505"}],"wp:term":[{"taxonomy":"product_brand","embeddable":true,"href":"https:\/\/zibacollection.versify.digital\/ru\/wp-json\/wp\/v2\/product_brand?post=25505"},{"taxonomy":"product_cat","embeddable":true,"href":"https:\/\/zibacollection.versify.digital\/ru\/wp-json\/wp\/v2\/product_cat?post=25505"},{"taxonomy":"product_tag","embeddable":true,"href":"https:\/\/zibacollection.versify.digital\/ru\/wp-json\/wp\/v2\/product_tag?post=25505"}],"curies":[{"name":"wp","href":"https:\/\/api.w.org\/{rel}","templated":true}]}}