{"id":25518,"date":"2024-06-28T00:06:26","date_gmt":"2024-06-27T21:06:26","guid":{"rendered":"https:\/\/zibacollection.versify.digital\/product\/enlightenment-eau-de-parfum-unisex\/"},"modified":"2024-06-28T00:13:07","modified_gmt":"2024-06-27T21:13:07","slug":"enlightenment-eau-de-parfum-unisex","status":"publish","type":"product","link":"https:\/\/zibacollection.versify.digital\/ru\/product\/enlightenment-eau-de-parfum-unisex\/","title":{"rendered":"\u041f\u0420\u041e\u0421\u0412\u0415\u0422\u041b\u0415\u041d\u0418\u0415 - \u041f\u0410\u0420\u0424\u042e\u041c \u0423\u041d\u0418\u0421\u0415\u041a\u0421"},"content":{"rendered":"<p>\u041e\u0441\u043d\u043e\u0432\u043d\u044b\u0435 \u043d\u043e\u0442\u044b:<\/p>\n<p>\u042d\u0444\u0438\u0440\u043d\u044b\u0435 \u043c\u0430\u0441\u043b\u0430:<\/p>\n<p>Baltasis \u0161alavijas<br \/>\nLauro lapai<br \/>\nJ\u016bros pankolis<br \/>\nKvapiosios kanar\u0117s (elemi)<br \/>\nSi\u010duano pipirai<br \/>\nMaumed\u017eio spygliai<br \/>\nJuod\u0173j\u0173 egli\u0173 spygliai<br \/>\nStirakas<\/p>\n<p>Sviestas:<\/p>\n<p>Orris \u0161aknis (vilkdalgio)<\/p>\n<p>Kvapas sudarytas i\u0161 daugiau nei 90% nat\u016bralios kilm\u0117s ingredient\u0173.<\/p>\n<p>\u00a0<\/p>","protected":false},"excerpt":{"rendered":"<p>\u041e \u0432\u0434\u043e\u0445\u043d\u043e\u0432\u0435\u043d\u0438\u0438<\/p>\n<p>Kvapas \u201eENLIGHTENMENT\u201c \u012fkv\u0117ptas nuotrauk\u0173, kurias autor\u0117 Christele u\u017efiksavo La Foux d\u2018Allos, slidin\u0117jimo kurorte Pranc\u016bzijos Alp\u0117se. Pakviesta autor\u0117 pristatyti savo bendr\u0105 fotografijos ir parfumerijos praktik\u0105 nusprend\u0117 prat\u0119sti vie\u0161nag\u0119 balt\u0173, nepriekai\u0161ting\u0173 kaln\u0173 \u0161irdyje, kad pasisemt\u0173 jos j\u0117g\u0173 ir t\u0119st\u0173 kelion\u0119 vingiuotu keliu \u012f pabudim\u0105.<\/p>\n<p>Po keli\u0173 savai\u010di\u0173 vie\u0161nag\u0117s autor\u0117 suk\u016br\u0117 kvap\u0105, kuris skatina poreik\u012f susikaupti, kad gal\u0117t\u0173 lengviau priimti tinkam\u0105 savo keli\u0105.<\/p>\n<p>\u0160is aromatas kvie\u010dia \u012f dykumos bedugnes ir skatina pama\u017eu pabusti meil\u0117s svaiguliui.<\/p>","protected":false},"featured_media":25517,"comment_status":"open","ping_status":"closed","template":"","meta":[],"product_brand":[],"product_cat":[271],"product_tag":[],"_links":{"self":[{"href":"https:\/\/zibacollection.versify.digital\/ru\/wp-json\/wp\/v2\/product\/25518"}],"collection":[{"href":"https:\/\/zibacollection.versify.digital\/ru\/wp-json\/wp\/v2\/product"}],"about":[{"href":"https:\/\/zibacollection.versify.digital\/ru\/wp-json\/wp\/v2\/types\/product"}],"replies":[{"embeddable":true,"href":"https:\/\/zibacollection.versify.digital\/ru\/wp-json\/wp\/v2\/comments?post=25518"}],"version-history":[{"count":0,"href":"https:\/\/zibacollection.versify.digital\/ru\/wp-json\/wp\/v2\/product\/25518\/revisions"}],"wp:featuredmedia":[{"embeddable":true,"href":"https:\/\/zibacollection.versify.digital\/ru\/wp-json\/wp\/v2\/media\/25517"}],"wp:attachment":[{"href":"https:\/\/zibacollection.versify.digital\/ru\/wp-json\/wp\/v2\/media?parent=25518"}],"wp:term":[{"taxonomy":"product_brand","embeddable":true,"href":"https:\/\/zibacollection.versify.digital\/ru\/wp-json\/wp\/v2\/product_brand?post=25518"},{"taxonomy":"product_cat","embeddable":true,"href":"https:\/\/zibacollection.versify.digital\/ru\/wp-json\/wp\/v2\/product_cat?post=25518"},{"taxonomy":"product_tag","embeddable":true,"href":"https:\/\/zibacollection.versify.digital\/ru\/wp-json\/wp\/v2\/product_tag?post=25518"}],"curies":[{"name":"wp","href":"https:\/\/api.w.org\/{rel}","templated":true}]}}