{"id":25520,"date":"2024-06-28T00:06:27","date_gmt":"2024-06-27T21:06:27","guid":{"rendered":"https:\/\/zibacollection.versify.digital\/product\/impermanence-eau-de-parfum-unisex\/"},"modified":"2024-06-28T00:13:07","modified_gmt":"2024-06-27T21:13:07","slug":"impermanence-eau-de-parfum-unisex","status":"publish","type":"product","link":"https:\/\/zibacollection.versify.digital\/ru\/product\/impermanence-eau-de-parfum-unisex\/","title":{"rendered":"\u0418\u041c\u041c\u0410\u041d\u0415\u041d\u0422\u041d\u041e\u0421\u0422\u042c - \u041f\u0410\u0420\u0424\u042e\u041c \u0423\u041d\u0418\u0421\u0415\u041a\u0421"},"content":{"rendered":"<p>\u041e\u0441\u043d\u043e\u0432\u043d\u044b\u0435 \u043d\u043e\u0442\u044b:<\/p>\n<p>\u042d\u0444\u0438\u0440\u043d\u044b\u0435 \u043c\u0430\u0441\u043b\u0430:<\/p>\n<p>Bergamot\u0117<br \/>\nM\u0117lynasis imbieras<br \/>\nHinoki lapai<br \/>\nPalmarosa<br \/>\n\u0420\u043e\u0437\u0430<br \/>\nRozmarinas<br \/>\nVetiverijus<\/p>\n<p>\u0410\u0431\u0441\u043e\u043b\u044e\u0442\u043d\u043e:<\/p>\n<p>Yerba mate<\/p>\n<p>\u201eIMPERMANENCE\u201c Eau de Parfum pagamintas i\u0161 daugiau nei 90% nat\u016bralios kilm\u0117s ingredient\u0173.<\/p>","protected":false},"excerpt":{"rendered":"<p>\u041e \u0432\u0434\u043e\u0445\u043d\u043e\u0432\u0435\u043d\u0438\u0438<\/p>\n<p>Kvap\u0105 Christel\u0119 \u201eIMPERMANENCE\u201c \u012fkv\u0117p\u0117 nuotraukos, kurios buvo u\u017efiksuotos Kinijoje ,Jin Ze \u2013 kaime \u0160anchajaus priem\u0117styje, kur k\u016br\u0117ja vien\u0105 m\u0117nes\u012f gyveno menin\u0117je rezidencijoje. Tai buvo tyros laim\u0117s ir g\u0117rov\u0117s m\u0117nuo, kai anksti ryte klaid\u017eiojama palei kanalus, kertan\u010dius nuo turizmo dar i\u0161likus\u012f kaim\u0105.<\/p>\n<p>Gr\u012f\u017eusi i\u0161 Kinijos autor\u0117 \u012f kvap\u0105 buteliuke pavert\u0117 harmonijos ir ramyb\u0117s jausmus, kuriuos ji jaut\u0117 vie\u0161nag\u0117s metu.<\/p>\n<p>Aromatas kvie\u010dia susivienyti su gamta, pasid\u017eiaugti permainomis ir atgauti energijos harmonijoje.<\/p>","protected":false},"featured_media":25519,"comment_status":"open","ping_status":"closed","template":"","meta":[],"product_brand":[],"product_cat":[271],"product_tag":[],"_links":{"self":[{"href":"https:\/\/zibacollection.versify.digital\/ru\/wp-json\/wp\/v2\/product\/25520"}],"collection":[{"href":"https:\/\/zibacollection.versify.digital\/ru\/wp-json\/wp\/v2\/product"}],"about":[{"href":"https:\/\/zibacollection.versify.digital\/ru\/wp-json\/wp\/v2\/types\/product"}],"replies":[{"embeddable":true,"href":"https:\/\/zibacollection.versify.digital\/ru\/wp-json\/wp\/v2\/comments?post=25520"}],"version-history":[{"count":0,"href":"https:\/\/zibacollection.versify.digital\/ru\/wp-json\/wp\/v2\/product\/25520\/revisions"}],"wp:featuredmedia":[{"embeddable":true,"href":"https:\/\/zibacollection.versify.digital\/ru\/wp-json\/wp\/v2\/media\/25519"}],"wp:attachment":[{"href":"https:\/\/zibacollection.versify.digital\/ru\/wp-json\/wp\/v2\/media?parent=25520"}],"wp:term":[{"taxonomy":"product_brand","embeddable":true,"href":"https:\/\/zibacollection.versify.digital\/ru\/wp-json\/wp\/v2\/product_brand?post=25520"},{"taxonomy":"product_cat","embeddable":true,"href":"https:\/\/zibacollection.versify.digital\/ru\/wp-json\/wp\/v2\/product_cat?post=25520"},{"taxonomy":"product_tag","embeddable":true,"href":"https:\/\/zibacollection.versify.digital\/ru\/wp-json\/wp\/v2\/product_tag?post=25520"}],"curies":[{"name":"wp","href":"https:\/\/api.w.org\/{rel}","templated":true}]}}