{"id":25538,"date":"2024-06-28T00:06:36","date_gmt":"2024-06-27T21:06:36","guid":{"rendered":"https:\/\/zibacollection.versify.digital\/product\/tabokinis-medus-zvake\/"},"modified":"2024-06-28T00:11:09","modified_gmt":"2024-06-27T21:11:09","slug":"tabokinis-medus-zvake","status":"publish","type":"product","link":"https:\/\/zibacollection.versify.digital\/ru\/product\/tabokinis-medus-zvake\/","title":{"rendered":"\u0421\u0412\u0415\u0427\u0410 \u0421 \u041c\u0415\u0414\u041e\u041c"},"content":{"rendered":"<p>Saul\u0117s kaitros ir saldaus medaus aromatas.<\/p>\n<p>Vir\u0161utin\u0117s natos: tabakas, tamsusis medus, prieskoniai, \u0161vie\u017ei citrusai.<\/p>\n<p>Vidurin\u0117s natos: tabakas, mediena, sandalmedis.<\/p>\n<p>Pagrindin\u0117s natos: tongapup\u0117s, gintaras, pa\u010diulis, tamsusis medus.<\/p>\n<p>Dega \u017evak\u0117. Tyliai skamba svaiginantys muzikos garsai, ai\u0161kiai girdisi prikim\u0119s atlik\u0117jos balsas. Ore gracingai pakimba tabako d\u016bmo ir tir\u0161to, tamsaus medaus kvapo debesis. \u0160vie\u017e\u016bs citrusai pakvie\u010dia tabako kvap\u0105 jausmingam \u0161okiui, suteikia lengvumo ir papuo\u0161ia medienos, sandalmed\u017eio, gintaro dulk\u0117mis. Tabakas \u012fgauna svorio, subr\u0119sta. I\u0161rai\u0161kingasis pa\u010diulis nieko nedelsdamas sujungia tabak\u0105, gintar\u0105, kvapnius prieskonius \u012f visum\u0105, kuri virsta rafinuota elegancija. Tikros prabangos \u017eenklai. Prabangos, nes taip reikia, taip norisi, taip jautiesi, taip i\u0161 tikro yra.<\/p>\n<p>\u017dvak\u0117s sud\u0117tis<br \/>\nT\u016bris 220 ml.<br \/>\nDega 55 val.<br \/>\nSOJ\u0172 VA\u0160KAS \u2013 nat\u016bralus augalinis va\u0161kas, pagamintas i\u0161 soj\u0173 pupeli\u0173 aliejaus<br \/>\nKVAPAI \u2013 kruop\u0161\u010diai atrinkti, ni\u0161iniai, itin kokybi\u0161ki aromatiniai aliejai<br \/>\nDAGTIS \u2013 medviln\u0117 su popieriumi<br \/>\nSTIKLINIS INDAS \u2013 kokybi\u0161kas, storo stiklo, atsparus kar\u0161\u010diui<br \/>\n\u012ePAKAVIMAS \u2013 auk\u0161tos kokyb\u0117s popierin\u0117 d\u0117\u017eut\u0117 su informaciniu lai\u0161keliu kokybi\u0161kam bendravimui su \u017diba \u017evake<\/p>","protected":false},"excerpt":{"rendered":"<p>Kiekviena \u017evak\u0117 i\u0161skirtin\u0117, nes pagaminta \u201e\u017diba Collection\u201c k\u016br\u0117jos rankomis, tod\u0117l jos sudedamosios dalys gali b\u016bti pasiskirs\u010diusios netolygiai, o d\u0117l nat\u016bralios soj\u0173 va\u0161ko sud\u0117ties jis gali \u012fgauti skirting\u0173 atspalvi\u0173. Prie\u0161 pasimatym\u0105 su \u017diba \u017evake d\u0117l transportavimo s\u0105lyg\u0173 ir jo temperat\u016br\u0173 kaitos, gali atsirasti nepageidaujam\u0173 oro tarp\u0173 ir\/ar \u012ftr\u016bkim\u0173, tai nat\u016bralus \u00a0augalinio va\u0161ko rei\u0161kinys, tik rodantis, \u017diba \u017evak\u0117s unikalum\u0105.<\/p>","protected":false},"featured_media":25537,"comment_status":"open","ping_status":"closed","template":"","meta":[],"product_brand":[],"product_cat":[273],"product_tag":[],"_links":{"self":[{"href":"https:\/\/zibacollection.versify.digital\/ru\/wp-json\/wp\/v2\/product\/25538"}],"collection":[{"href":"https:\/\/zibacollection.versify.digital\/ru\/wp-json\/wp\/v2\/product"}],"about":[{"href":"https:\/\/zibacollection.versify.digital\/ru\/wp-json\/wp\/v2\/types\/product"}],"replies":[{"embeddable":true,"href":"https:\/\/zibacollection.versify.digital\/ru\/wp-json\/wp\/v2\/comments?post=25538"}],"version-history":[{"count":0,"href":"https:\/\/zibacollection.versify.digital\/ru\/wp-json\/wp\/v2\/product\/25538\/revisions"}],"wp:featuredmedia":[{"embeddable":true,"href":"https:\/\/zibacollection.versify.digital\/ru\/wp-json\/wp\/v2\/media\/25537"}],"wp:attachment":[{"href":"https:\/\/zibacollection.versify.digital\/ru\/wp-json\/wp\/v2\/media?parent=25538"}],"wp:term":[{"taxonomy":"product_brand","embeddable":true,"href":"https:\/\/zibacollection.versify.digital\/ru\/wp-json\/wp\/v2\/product_brand?post=25538"},{"taxonomy":"product_cat","embeddable":true,"href":"https:\/\/zibacollection.versify.digital\/ru\/wp-json\/wp\/v2\/product_cat?post=25538"},{"taxonomy":"product_tag","embeddable":true,"href":"https:\/\/zibacollection.versify.digital\/ru\/wp-json\/wp\/v2\/product_tag?post=25538"}],"curies":[{"name":"wp","href":"https:\/\/api.w.org\/{rel}","templated":true}]}}