{"id":25544,"date":"2024-06-28T00:06:39","date_gmt":"2024-06-27T21:06:39","guid":{"rendered":"https:\/\/zibacollection.versify.digital\/product\/apelsinine-kalendra-zvake\/"},"modified":"2024-06-28T00:11:08","modified_gmt":"2024-06-27T21:11:08","slug":"apelsinine-kalendra-zvake","status":"publish","type":"product","link":"https:\/\/zibacollection.versify.digital\/ru\/product\/apelsinine-kalendra-zvake\/","title":{"rendered":"\u0410\u041f\u0415\u041b\u042c\u0421\u0418\u041d\u041e\u0412\u041e-\u041a\u041e\u0420\u0418\u0410\u041d\u0414\u0420\u041e\u0412\u0410\u042f \u0421\u0412\u0415\u0427\u0410"},"content":{"rendered":"<p>Svaigusis prinokusi\u0173 apelsin\u0173 ir kalendr\u0173 kvapas.<\/p>\n<p>Vir\u0161utin\u0117s natos: citrina, \u017ealiasis apelsinas, kalendra.<\/p>\n<p>Vidurin\u0117s natos: imbieras, citrin\u017eol\u0117, verbena, ciber\u017eol\u0117.<\/p>\n<p>Pagrindin\u0117s natos: Vidur\u017eemio j\u016bros \u017eolel\u0117s.<\/p>\n<p>Saul\u0117 stebina, kai nusida\u017eo ry\u0161kia oran\u017eine spalva. Tavo deganti saul\u0117. \u017di\u016brint \u012f j\u0105 jauti, kaip u\u017epildo visa k\u016bn\u0105 energija. \u0160viesos energija. Ji \u017eaismingai tryk\u0161ta \u012f visas puses ir teka tarsi gaivi apelsin\u0173 sul\u010di\u0173 up\u0117. Citrusini\u0173 vaisi\u0173 sodrus aromatas priver\u010dia pakelti akis ir nusi\u0161ypsoti vis\u0173 pirma sau. Jauti kaip u\u017epl\u016bsta d\u017eiaugsmo banga \u2013 nusi\u0161ypsai \u0161alia Tav\u0119s esan\u010diam. Nesvarbu kam \u2013 \u017emogui, augintiniui, g\u0117lei ar tave supan\u010diai erdvei. Nesustabdoma \u0161ypsen\u0173 gausa ple\u010diasi, pakol ji ir visada \u0161alia buvusi kalendros aromatu i\u0161kvepinta paslaptis kartu \u012fsilieja \u012f oran\u017ein\u0119 gaiv\u0105. Kalendra citrus\u0173 \u012fsivaizduojamam r\u016bg\u0161tumui suteikia subtilaus saldumo. Saldumas pakvie\u010dia trumpam atsigulti \u0161alia apelsin\u0173 up\u0117s \u012f \u0161iek tiek vaisiais, a\u0161triu bei \u0161vie\u017eios \u017eol\u0117s aromatu kvepian\u010di\u0105 \u017eali\u0105 piev\u0105. Atsiguli taip arti up\u0117s, nes labai gera, kai energijos purslai Tave apta\u0161ko. Nuovargis i\u0161garuoja ir pranyksta oran\u017ein\u0117je \u0161viesoje ir sald\u017eioje \u0161ypsenoje. \u0160irdis maloniai pl\u016bduriuoja meil\u0117je. Meil\u0117 nemirtinga.<\/p>\n<p>\u017dvak\u0117s sud\u0117tis<br \/>\nT\u016bris 220 ml.<br \/>\nDega 55 val.<br \/>\nSOJ\u0172 VA\u0160KAS \u2013 nat\u016bralus augalinis va\u0161kas, pagamintas i\u0161 soj\u0173 pupeli\u0173 aliejaus<br \/>\nKVAPAI \u2013 kruop\u0161\u010diai atrinkti, ni\u0161iniai, itin kokybi\u0161ki aromatiniai aliejai<br \/>\nDAGTIS \u2013 medviln\u0117 su popieriumi<br \/>\nSTIKLINIS INDAS \u2013 kokybi\u0161kas, storo stiklo, atsparus kar\u0161\u010diui<br \/>\n\u012ePAKAVIMAS \u2013 auk\u0161tos kokyb\u0117s popierin\u0117 d\u0117\u017eut\u0117 su informaciniu lai\u0161keliu kokybi\u0161kam bendravimui su \u017diba \u017evake<\/p>","protected":false},"excerpt":{"rendered":"<p>Kiekviena \u017evak\u0117 i\u0161skirtin\u0117, nes pagaminta \u201e\u017diba Collection\u201c k\u016br\u0117jos rankomis, tod\u0117l jos sudedamosios dalys gali b\u016bti pasiskirs\u010diusios netolygiai, o d\u0117l nat\u016bralios soj\u0173 va\u0161ko sud\u0117ties jis gali \u012fgauti skirting\u0173 atspalvi\u0173. Prie\u0161 pasimatym\u0105 su \u017diba \u017evake d\u0117l transportavimo s\u0105lyg\u0173 ir jo temperat\u016br\u0173 kaitos, gali atsirasti nepageidaujam\u0173 oro tarp\u0173 ir\/ar \u012ftr\u016bkim\u0173, tai nat\u016bralus \u00a0augalinio va\u0161ko rei\u0161kinys, tik rodantis, \u017diba \u017evak\u0117s unikalum\u0105.<\/p>","protected":false},"featured_media":25543,"comment_status":"open","ping_status":"closed","template":"","meta":[],"product_brand":[],"product_cat":[273],"product_tag":[],"_links":{"self":[{"href":"https:\/\/zibacollection.versify.digital\/ru\/wp-json\/wp\/v2\/product\/25544"}],"collection":[{"href":"https:\/\/zibacollection.versify.digital\/ru\/wp-json\/wp\/v2\/product"}],"about":[{"href":"https:\/\/zibacollection.versify.digital\/ru\/wp-json\/wp\/v2\/types\/product"}],"replies":[{"embeddable":true,"href":"https:\/\/zibacollection.versify.digital\/ru\/wp-json\/wp\/v2\/comments?post=25544"}],"version-history":[{"count":0,"href":"https:\/\/zibacollection.versify.digital\/ru\/wp-json\/wp\/v2\/product\/25544\/revisions"}],"wp:featuredmedia":[{"embeddable":true,"href":"https:\/\/zibacollection.versify.digital\/ru\/wp-json\/wp\/v2\/media\/25543"}],"wp:attachment":[{"href":"https:\/\/zibacollection.versify.digital\/ru\/wp-json\/wp\/v2\/media?parent=25544"}],"wp:term":[{"taxonomy":"product_brand","embeddable":true,"href":"https:\/\/zibacollection.versify.digital\/ru\/wp-json\/wp\/v2\/product_brand?post=25544"},{"taxonomy":"product_cat","embeddable":true,"href":"https:\/\/zibacollection.versify.digital\/ru\/wp-json\/wp\/v2\/product_cat?post=25544"},{"taxonomy":"product_tag","embeddable":true,"href":"https:\/\/zibacollection.versify.digital\/ru\/wp-json\/wp\/v2\/product_tag?post=25544"}],"curies":[{"name":"wp","href":"https:\/\/api.w.org\/{rel}","templated":true}]}}