{"id":25580,"date":"2024-06-28T00:06:49","date_gmt":"2024-06-27T21:06:49","guid":{"rendered":"https:\/\/zibacollection.versify.digital\/product\/ypatingai-masyvus-kaklo-verinys-su-gintaru-ir-medzio-detale\/"},"modified":"2024-06-28T00:13:49","modified_gmt":"2024-06-27T21:13:49","slug":"ypatingai-masyvus-kaklo-verinys-su-gintaru-ir-medzio-detale","status":"publish","type":"product","link":"https:\/\/zibacollection.versify.digital\/ru\/product\/ypatingai-masyvus-kaklo-verinys-su-gintaru-ir-medzio-detale\/","title":{"rendered":"\u041e\u0427\u0415\u041d\u042c \u041c\u0410\u0421\u0421\u0418\u0412\u041d\u041e\u0415 \u041e\u0416\u0415\u0420\u0415\u041b\u042c\u0415 \u0421 \u042f\u041d\u0422\u0410\u0420\u0415\u041c \u0418 \u0414\u0415\u0420\u0415\u0412\u042f\u041d\u041d\u042b\u041c\u0418 \u0414\u0415\u0422\u0410\u041b\u042f\u041c\u0418"},"content":{"rendered":"","protected":false},"excerpt":{"rendered":"<p>Ypatingai masyvus kaklo v\u0117rinys su gintaru ir med\u017eio detale kuri rasta Lietuvoje (\u0160ventojoje), Baltijos j\u016bros krante<\/p>","protected":false},"featured_media":0,"comment_status":"open","ping_status":"closed","template":"","meta":[],"product_brand":[],"product_cat":[274],"product_tag":[],"_links":{"self":[{"href":"https:\/\/zibacollection.versify.digital\/ru\/wp-json\/wp\/v2\/product\/25580"}],"collection":[{"href":"https:\/\/zibacollection.versify.digital\/ru\/wp-json\/wp\/v2\/product"}],"about":[{"href":"https:\/\/zibacollection.versify.digital\/ru\/wp-json\/wp\/v2\/types\/product"}],"replies":[{"embeddable":true,"href":"https:\/\/zibacollection.versify.digital\/ru\/wp-json\/wp\/v2\/comments?post=25580"}],"version-history":[{"count":0,"href":"https:\/\/zibacollection.versify.digital\/ru\/wp-json\/wp\/v2\/product\/25580\/revisions"}],"wp:attachment":[{"href":"https:\/\/zibacollection.versify.digital\/ru\/wp-json\/wp\/v2\/media?parent=25580"}],"wp:term":[{"taxonomy":"product_brand","embeddable":true,"href":"https:\/\/zibacollection.versify.digital\/ru\/wp-json\/wp\/v2\/product_brand?post=25580"},{"taxonomy":"product_cat","embeddable":true,"href":"https:\/\/zibacollection.versify.digital\/ru\/wp-json\/wp\/v2\/product_cat?post=25580"},{"taxonomy":"product_tag","embeddable":true,"href":"https:\/\/zibacollection.versify.digital\/ru\/wp-json\/wp\/v2\/product_tag?post=25580"}],"curies":[{"name":"wp","href":"https:\/\/api.w.org\/{rel}","templated":true}]}}